{"id":22356,"date":"2024-04-18T21:21:39","date_gmt":"2024-04-18T18:21:39","guid":{"rendered":"https:\/\/zooprekes24.lt\/produktas\/churu-tuna-hairball-control-katems\/"},"modified":"2026-03-02T14:03:07","modified_gmt":"2026-03-02T12:03:07","slug":"churu-tuunikala-karvapallide-torje-katems","status":"publish","type":"product","link":"https:\/\/zooprekes24.lt\/et\/produktas\/churu-tuna-hairball-control-katems\/","title":{"rendered":"Churu Tuna Hairball Control maiuspalad kassidele 56 g"},"content":{"rendered":"<h3>Churu Tuna Hairball Control maiuspalad sisaldavad palju niiskust, mis on oluline kassi hea tervise jaoks. Koostisosad aitavad v\u00e4hendada karvapallide teket. P\u00fcreed ei sisalda teravilja, s\u00e4ilitusaineid ega kunstlikke v\u00e4rvaineid.<\/h3>\n<ul>\n<li>Kalorivaba.<\/li>\n<li>Kreemjas tekstuur ja soolane maitse.<\/li>\n<li>Valmistatud 100% talumajapidamises kasvatatud tuunikalast.<\/li>\n<li>Be gr\u016bd\u0173, konservant\u0173 ir dirbtini\u0173 da\u017eikli\u0173.<\/li>\n<li>Interaktiivne viis oma lemmikloomaga aega veeta.<\/li>\n<li>Soodustab tervislikku seedimist: lahustumatud taimekiud aitavad s\u00e4ilitada tervislikku seedetrakti ja kontrollivad karvaklompide teket.<\/li>\n<li>Tauriin ja E-vitamiin: Tauriin on oluline aminohape, mis aitab kassidel s\u00e4ilitada normaalset n\u00e4gemist, s\u00fcdame- ja n\u00e4rvifunktsiooni. E-vitamiin toimib antioks\u00fcdandina.<\/li>\n<\/ul>","protected":false},"excerpt":{"rendered":"<p>Churu Tuna Hairball Control skan\u0117stuose yra daug dr\u0117gm\u0117s, kuri yra b\u016btina gerai ka\u010di\u0173 sveikatai. Sud\u0117tyje esantys komponentai padeda ma\u017einti kailio gumun\u0117li\u0173 susidarym\u0105. Tyreli\u0173 sud\u0117tyje n\u0117ra gr\u016bd\u0173, konservant\u0173 ir dirbtini\u0173 da\u017eikli\u0173. Nekaloringas. Kremin\u0117 tekst\u016bra ir pikanti\u0161kas skonis. Pagaminta i\u0161 100% \u016bkyje u\u017eauginto tuno. Be gr\u016bd\u0173, konservant\u0173 ir dirbtini\u0173 da\u017eikli\u0173. Interaktyvus b\u016bdas praleisti laik\u0105 kartu su augintiniu&#8230;.<\/p>","protected":false},"featured_media":19504,"comment_status":"closed","ping_status":"closed","template":"","meta":{"_acf_changed":false,"slim_seo":{"title":"Churu Tuna Hairball Control skan\u0117stai kat\u0117ms 56 g - Zooprekes24","description":"Churu Tuna Hairball Control maiuspalad sisaldavad palju niiskust, mis on oluline kassi hea tervise jaoks. Koostisosad aitavad v\u00e4hendada karvapallide esinemist koos"},"iawp_total_views":329},"product_brand":[],"product_cat":[9027,9239,72,83,25,9018],"product_tag":[2008,2032],"class_list":{"0":"post-22356","1":"product","2":"type-product","3":"status-publish","4":"has-post-thumbnail","6":"product_cat-begrudis-maistas-kaciu-maistas","7":"product_cat-churu-katems","8":"product_cat-kaciu-maistas","9":"product_cat-kaciu-prekiu-gamintojai","10":"product_cat-katems","11":"product_cat-skanestai","12":"product_tag-kaciu-skanestai","13":"product_tag-skystas-kaciu-skanestas","14":"pa_pasaro-sudetis-tunas","15":"pa_pasaro-sudetis-zuvis","16":"pa_prekiu-zenklai-churu","18":"first","19":"instock","20":"taxable","21":"shipping-taxable","22":"purchasable","23":"product-type-simple"},"acf":[],"_links":{"self":[{"href":"https:\/\/zooprekes24.lt\/et\/wp-json\/wp\/v2\/product\/22356","targetHints":{"allow":["GET"]}}],"collection":[{"href":"https:\/\/zooprekes24.lt\/et\/wp-json\/wp\/v2\/product"}],"about":[{"href":"https:\/\/zooprekes24.lt\/et\/wp-json\/wp\/v2\/types\/product"}],"replies":[{"embeddable":true,"href":"https:\/\/zooprekes24.lt\/et\/wp-json\/wp\/v2\/comments?post=22356"}],"wp:featuredmedia":[{"embeddable":true,"href":"https:\/\/zooprekes24.lt\/et\/wp-json\/wp\/v2\/media\/19504"}],"wp:attachment":[{"href":"https:\/\/zooprekes24.lt\/et\/wp-json\/wp\/v2\/media?parent=22356"}],"wp:term":[{"taxonomy":"product_brand","embeddable":true,"href":"https:\/\/zooprekes24.lt\/et\/wp-json\/wp\/v2\/product_brand?post=22356"},{"taxonomy":"product_cat","embeddable":true,"href":"https:\/\/zooprekes24.lt\/et\/wp-json\/wp\/v2\/product_cat?post=22356"},{"taxonomy":"product_tag","embeddable":true,"href":"https:\/\/zooprekes24.lt\/et\/wp-json\/wp\/v2\/product_tag?post=22356"}],"curies":[{"name":"wp","href":"https:\/\/api.w.org\/{rel}","templated":true}]}}