{"id":22354,"date":"2024-04-18T21:21:39","date_gmt":"2024-04-18T18:21:39","guid":{"rendered":"https:\/\/zooprekes24.lt\/produktas\/royal-canin-hypoallergenic-puppy-1-5kg\/"},"modified":"2025-07-28T19:28:41","modified_gmt":"2025-07-28T17:28:41","slug":"royal-canin-hypoallergenic-puppy-1-5kg","status":"publish","type":"product","link":"https:\/\/zooprekes24.lt\/et\/produktas\/royal-canin-hypoallergenic-puppy-1-5kg\/","title":{"rendered":"Royal Canin Hypoallergenic Puppy kuivtoit kutsikatele 1,5 kg"},"content":{"rendered":"<h3>Royal Canin Hypoallergenic Puppy &#8211; veterinarinis sausas maistas \u0161uniukams nuo 6 m\u0117nesi\u0173 am\u017eiaus kuri\u0173 suaugusi\u0173 svoris numatomas daugiau nei 4 kg. Hipoalergin\u0117 veterinarin\u0117 dieta pritaikyta jauniems \u0161unims sergantiems l\u0117tin\u0117mis nie\u017etin\u010diomis dermatoz\u0117mis, linkusiems \u012f maisto alergijas ar netoleruojantiems maisto produkt\u0173. Unikali maisto formul\u0117 skirta ingredient\u0173 ir maistini\u0173 med\u017eiag\u0173 netoleravimo ma\u017einimui.<\/h3>\n<ul>\n<li>Royal Canin Hypoallergenic Puppy valem koosneb valguisolaadist ja taimse toidukiu h\u00fcdrol\u00fcsaadist. Need koosnevad madala molekulmassiga peptiididest, mis muudavad toidu kergesti seeditavaks ja allergiliste kutsikate seedes\u00fcsteemi poolt h\u00e4sti talutavaks.<\/li>\n<li>Spetsiaalselt kohandatud toitainesisaldus (sh valk ja kaltsium) vastab noore lemmiklooma toitumisvajadustele ja tagab \u00f5ige koguse k\u00fcllastustunde kasvuperioodil.<\/li>\n<li>Sisaldab suurenenud <a href=\"https:\/\/zooprekes24.lt\/et\/toode\/canina-biotin-forte-tabletid\/\" target=\"_blank\" rel=\"noopener\">biotiin<\/a>Niatsiini, niatsiini ja pantenooli sisaldus koos tsingi ja linoolhappe kompleksiga tugevdab lemmiklooma naha kaitsebarj\u00e4\u00e4ri funktsioone ja hoiab \u00e4ra naha liigse kuivuse, mis v\u00f5ib p\u00f5hjustada tugevat s\u00fcgelust.<\/li>\n<li>Omega-3 rasvhapete kaks peamist t\u00fc\u00fcpi on j\u00e4rgmised. <a href=\"https:\/\/omegamarine.lt\/apie-omega3\/\" target=\"_blank\" rel=\"noopener\">EPA (eikosapentaeenhape) ja DHA (dokosaheksaeenhape).<\/a> leidub looduslikult sellistes rasvastes merekalades nagu l\u00f5he, makrell, heeringas, tuunikala ja sardiinid. Need toiduainetes sisalduvad happed aitavad reguleerida naha reaktsioone allergiatele ja osalevad ka soolestiku limaskesta rakkude ehituses.<\/li>\n<li><a href=\"https:\/\/www.youtube.com\/watch?v=e_BUgKozqZw\" target=\"_blank\" rel=\"noopener\">Royal Canin Hypoallergenic Puppy<\/a> Toit sisaldab L-t\u00fcrosiiniga rikastatud patenteeritud intensiivset v\u00e4rvikompleksi, mis aitab taastada karvkatte loomuliku v\u00e4rvi optimaalse intensiivsuse.<\/li>\n<\/ul>\n<h3><span style=\"color: #408ca3; font-size: 14px;\"><strong>Toit on tarbimisk\u00f5lblik, kui:<\/strong><\/span><\/h3>\n<ul>\n<li>Seedetrakti iseloomuga allergiad koos naha ja\/v\u00f5i seedetrakti h\u00e4iretega.<\/li>\n<li>Atoopiline dermatiit koos kroonilise s\u00fcgelusega (kerged juhud)<\/li>\n<li>Bakterite kasvamine peensooles (SIBO)<\/li>\n<li>Eksokriinset pankrease puudulikkust (EPI)<\/li>\n<li>Toitainete talumatus<\/li>\n<li>Krooniline p\u00f5letikuline soolehaigus (IBD)<\/li>\n<li>Pankrease ens\u00fc\u00fcmi puudulikkus<\/li>\n<li>Krooniline k\u00f5hulahtisus<\/li>\n<li>H\u00e4ired soolestiku mikroflooras<\/li>\n<\/ul>\n<h3><span style=\"font-size: 14px; color: #408ca3;\"><strong>Toitu ei tohi kasutada, kui olete haige:<\/strong><\/span><\/h3>\n<ul>\n<li>H\u00fcperlipideemia<\/li>\n<li>Pankreatiit (sealhulgas varem edastatud)<\/li>\n<\/ul>\n<p><img loading=\"lazy\" decoding=\"async\" class=\"alignnone wp-image-18866\" src=\"https:\/\/zooprekes24.lt\/wp-content\/uploads\/vhn-packaging-emblematic-puppy-vhn-transversal-packaging-charter-2-e1676458338287.png\" alt=\"\" width=\"300\" height=\"294\" srcset=\"https:\/\/zooprekes24.lt\/wp-content\/uploads\/vhn-packaging-emblematic-puppy-vhn-transversal-packaging-charter-2-e1676458338287.png 1600w, https:\/\/zooprekes24.lt\/wp-content\/uploads\/vhn-packaging-emblematic-puppy-vhn-transversal-packaging-charter-2-e1676458338287-300x294.png 300w, https:\/\/zooprekes24.lt\/wp-content\/uploads\/vhn-packaging-emblematic-puppy-vhn-transversal-packaging-charter-2-e1676458338287-1024x1003.png 1024w, https:\/\/zooprekes24.lt\/wp-content\/uploads\/vhn-packaging-emblematic-puppy-vhn-transversal-packaging-charter-2-e1676458338287-600x588.png 600w, https:\/\/zooprekes24.lt\/wp-content\/uploads\/vhn-packaging-emblematic-puppy-vhn-transversal-packaging-charter-2-e1676458338287-50x50.png 50w, https:\/\/zooprekes24.lt\/wp-content\/uploads\/vhn-packaging-emblematic-puppy-vhn-transversal-packaging-charter-2-e1676458338287-1440x1410.png 1440w\" sizes=\"auto, (max-width: 300px) 100vw, 300px\" \/><\/p>","protected":false},"excerpt":{"rendered":"<p>Royal Canin Hypoallergenic Puppy &#8211; veterinarinis sausas maistas \u0161uniukams nuo 6 m\u0117nesi\u0173 am\u017eiaus kuri\u0173 suaugusi\u0173 svoris numatomas daugiau nei 4 kg. Hipoalergin\u0117 veterinarin\u0117 dieta pritaikyta jauniems \u0161unims sergantiems l\u0117tin\u0117mis nie\u017etin\u010diomis dermatoz\u0117mis, linkusiems \u012f maisto alergijas ar netoleruojantiems maisto produkt\u0173. Unikali maisto formul\u0117 skirta ingredient\u0173 ir maistini\u0173 med\u017eiag\u0173 netoleravimo ma\u017einimui. Royal Canin Hypoallergenic Puppy maisto formul\u0117&#8230;<\/p>","protected":false},"featured_media":19501,"comment_status":"closed","ping_status":"closed","template":"","meta":{"_acf_changed":false,"slim_seo":{"title":"Royal Canin Hypoallergenic Puppy sausas maistas \u0161uniukams 1.5 kg - Zooprekes24","description":"Royal Canin Hypoallergenic Puppy - veterinarinis sausas maistas \u0161uniukams nuo 6 m\u0117nesi\u0173 am\u017eiaus kuri\u0173 suaugusi\u0173 svoris numatomas daugiau nei 4 kg. Hipoalergin\u0117"},"iawp_total_views":147},"product_brand":[],"product_cat":[9241,9002,8999,29,31,9035],"product_tag":[177,4285,4286,4288,4300,200],"class_list":{"0":"post-22354","1":"product","2":"type-product","3":"status-publish","4":"has-post-thumbnail","6":"product_cat-royal-canin-veterinary-diets-sunims","7":"product_cat-sausas-maistas","8":"product_cat-sunims","9":"product_cat-sunu-maistas","10":"product_cat-sunu-prekiu-gamintojai","11":"product_cat-veterinarine-dieta","12":"product_tag-edalas-sunims","13":"product_tag-royal-canin-alergiskam-suniui","14":"product_tag-royal-canin-alergiskiems-sunims","15":"product_tag-royal-canin-hypoalergic-sausas-maistas-sunims","16":"product_tag-suns-letinis-viduriavimas","17":"product_tag-super-premium-maistas-sunims","18":"pa_pasaro-sudetis-ryziai","19":"pa_prekiu-zenklai-royal-canin-veterinary-diets","20":"pa_suns-amzius-jauniems","21":"pa_veisles-dydis-didelems-veislems","22":"pa_veisles-dydis-mazoms-veislems","23":"pa_veisles-dydis-vidutinems-veislems","24":"pa_veisles-dydis-visu-dydziu-veislems","26":"first","27":"instock","28":"taxable","29":"shipping-taxable","30":"purchasable","31":"product-type-simple"},"acf":[],"_links":{"self":[{"href":"https:\/\/zooprekes24.lt\/et\/wp-json\/wp\/v2\/product\/22354","targetHints":{"allow":["GET"]}}],"collection":[{"href":"https:\/\/zooprekes24.lt\/et\/wp-json\/wp\/v2\/product"}],"about":[{"href":"https:\/\/zooprekes24.lt\/et\/wp-json\/wp\/v2\/types\/product"}],"replies":[{"embeddable":true,"href":"https:\/\/zooprekes24.lt\/et\/wp-json\/wp\/v2\/comments?post=22354"}],"wp:featuredmedia":[{"embeddable":true,"href":"https:\/\/zooprekes24.lt\/et\/wp-json\/wp\/v2\/media\/19501"}],"wp:attachment":[{"href":"https:\/\/zooprekes24.lt\/et\/wp-json\/wp\/v2\/media?parent=22354"}],"wp:term":[{"taxonomy":"product_brand","embeddable":true,"href":"https:\/\/zooprekes24.lt\/et\/wp-json\/wp\/v2\/product_brand?post=22354"},{"taxonomy":"product_cat","embeddable":true,"href":"https:\/\/zooprekes24.lt\/et\/wp-json\/wp\/v2\/product_cat?post=22354"},{"taxonomy":"product_tag","embeddable":true,"href":"https:\/\/zooprekes24.lt\/et\/wp-json\/wp\/v2\/product_tag?post=22354"}],"curies":[{"name":"wp","href":"https:\/\/api.w.org\/{rel}","templated":true}]}}