{"id":22310,"date":"2024-04-18T21:21:21","date_gmt":"2024-04-18T18:21:21","guid":{"rendered":"https:\/\/zooprekes24.lt\/produktas\/josera-denties-poultry-blueberry\/"},"modified":"2026-03-02T15:10:55","modified_gmt":"2026-03-02T13:10:55","slug":"josera-denties-poultry-blueberry","status":"publish","type":"product","link":"https:\/\/zooprekes24.lt\/et\/produktas\/josera-denties-poultry-blueberry\/","title":{"rendered":"Josera Denties Linnuliha ja mustika maiuspalad koertele 180 g"},"content":{"rendered":"<h3>Josera Denties Poultry &amp; Blueberry &#8211; kramtomosios lazdel\u0117s kasdienei augintinio dant\u0173 higienai. Tinkamos visiems suaugusiems <a href=\"https:\/\/zooprekes24.lt\/et\/kategorija\/prekes-sunims\/\" target=\"_blank\" rel=\"noopener\">Koertele<\/a>. Linnuliha ja mahlaste mustikate maitsed.<\/h3>\n<ul>\n<li>180 g pakend - 7 t\u00fckki maiustusi.<\/li>\n<li>Teraviljavaba koostis, seega sobib ka tundlikele koertele.<\/li>\n<li>Hambapasta tselluloos aitab tagada igap\u00e4evase hambah\u00fcgieeni.<\/li>\n<li>V\u00e4herasvane ja poolpehme maiuspala meeldib vanematele koertele.<\/li>\n<li>Pauk\u0161tiena ir m\u0117lyn\u0117s suteikia nepakartojamai gard\u0173 skon\u012f (sud\u0117tyje &#8211; 4 proc. m\u0117lyni\u0173 tyr\u0117s).<\/li>\n<li><a href=\"https:\/\/www.josera.lt\" target=\"_blank\" rel=\"noopener\">Josera<\/a> Denties Poultry &amp; Blueberry spetsiaalsed t\u00e4hekujulised maiuspalad julgustavad teie lemmikut n\u00e4rima, puhastades samal ajal hambaid ja masseerides igemeid.<\/li>\n<\/ul>","protected":false},"excerpt":{"rendered":"<p>Josera Denties Poultry &amp; Blueberry &#8211; kramtomosios lazdel\u0117s kasdienei augintinio dant\u0173 higienai. Tinkamos visiems suaugusiems \u0161unims. Pauk\u0161tienos ir sulting\u0173 m\u0117lyni\u0173 skonio. Pakuot\u0117je 180 g &#8211; \u00a07 vnt skanuk\u0173. Begr\u016bd\u0117 formul\u0117, tod\u0117l tinka ir jautriems \u0161unims. Sud\u0117tyje esanti celiulioz\u0117 padeda u\u017etikrinti kasdien\u0119 dant\u0173 higien\u0105. Ma\u017eas riebal\u0173 kiekis ir pusiau mink\u0161tas skan\u0117stas patiks vyresnio am\u017eiaus \u0161unims. Pauk\u0161tiena&#8230;<\/p>","protected":false},"featured_media":19423,"comment_status":"closed","ping_status":"closed","template":"","meta":{"_acf_changed":false,"slim_seo":{"title":"Josera Denties Poultry & Blueberry skan\u0117stai \u0161unims 180 g - Zooprekes24","description":"Josera Denties Poultry &amp; Blueberry - kramtomosios lazdel\u0117s kasdienei augintinio dant\u0173 higienai. Tinkamos visiems suaugusiems \u0161unims . Pauk\u0161tienos ir sulting"},"iawp_total_views":26},"product_brand":[],"product_cat":[9063,9039,8999,31,30],"product_tag":[1289,7237,1290,1291,1292,792,391],"class_list":{"0":"post-22310","1":"product","2":"type-product","3":"status-publish","4":"has-post-thumbnail","6":"product_cat-josera","7":"product_cat-kaulai-ir-susukta-oda","8":"product_cat-sunims","9":"product_cat-sunu-prekiu-gamintojai","10":"product_cat-sunu-skanestai","11":"product_tag-gaiviam-suns-burnos-kvapui","12":"product_tag-josera-kauliukai-sunims","13":"product_tag-kaulai-suns-dantu-higienai","14":"product_tag-kaulai-sunu-dantims","15":"product_tag-kauliukai-suns-dantims","16":"product_tag-naturalus-skanestai-sunims","17":"product_tag-traskus-skanestai-sunims","18":"pa_pasaro-sudetis-paukstiena","19":"pa_pasaro-sudetis-uogos","20":"pa_prekiu-zenklai-josera","21":"pa_suns-amzius-senjorams","22":"pa_suns-amzius-suaugusiems","23":"pa_veisles-dydis-didelems-veislems","24":"pa_veisles-dydis-mazoms-veislems","25":"pa_veisles-dydis-vidutinems-veislems","26":"pa_veisles-dydis-visu-dydziu-veislems","28":"first","29":"instock","30":"featured","31":"taxable","32":"shipping-taxable","33":"purchasable","34":"product-type-simple"},"acf":[],"_links":{"self":[{"href":"https:\/\/zooprekes24.lt\/et\/wp-json\/wp\/v2\/product\/22310","targetHints":{"allow":["GET"]}}],"collection":[{"href":"https:\/\/zooprekes24.lt\/et\/wp-json\/wp\/v2\/product"}],"about":[{"href":"https:\/\/zooprekes24.lt\/et\/wp-json\/wp\/v2\/types\/product"}],"replies":[{"embeddable":true,"href":"https:\/\/zooprekes24.lt\/et\/wp-json\/wp\/v2\/comments?post=22310"}],"wp:featuredmedia":[{"embeddable":true,"href":"https:\/\/zooprekes24.lt\/et\/wp-json\/wp\/v2\/media\/19423"}],"wp:attachment":[{"href":"https:\/\/zooprekes24.lt\/et\/wp-json\/wp\/v2\/media?parent=22310"}],"wp:term":[{"taxonomy":"product_brand","embeddable":true,"href":"https:\/\/zooprekes24.lt\/et\/wp-json\/wp\/v2\/product_brand?post=22310"},{"taxonomy":"product_cat","embeddable":true,"href":"https:\/\/zooprekes24.lt\/et\/wp-json\/wp\/v2\/product_cat?post=22310"},{"taxonomy":"product_tag","embeddable":true,"href":"https:\/\/zooprekes24.lt\/et\/wp-json\/wp\/v2\/product_tag?post=22310"}],"curies":[{"name":"wp","href":"https:\/\/api.w.org\/{rel}","templated":true}]}}