{"id":22293,"date":"2024-04-18T21:21:11","date_gmt":"2024-04-18T18:21:11","guid":{"rendered":"https:\/\/zooprekes24.lt\/produktas\/country-dog-maintenance-15kg\/"},"modified":"2026-04-03T14:07:44","modified_gmt":"2026-04-03T12:07:44","slug":"maakoera-hooldus-15kg","status":"publish","type":"product","link":"https:\/\/zooprekes24.lt\/et\/produktas\/country-dog-maintenance-15kg\/","title":{"rendered":"Country Dog Maintenance kuivtoit koertele 15 kg"},"content":{"rendered":"<h3>Country Dog Maintenance - kuivtoit t\u00e4iskasvanud koertele k\u00f5ikidest t\u00f5ugudest.<\/h3>\n<ul>\n<li>Soja ja keemiliste s\u00e4ilitusainete vaba.<\/li>\n<li><a href=\"https:\/\/lt.wikipedia.org\/wiki\/Vitaminas_E\" target=\"_blank\" rel=\"noopener\">E-vitamiin<\/a> ja seleen toetavad optimaalset immuunsust.<\/li>\n<li>Kana ja toidulisandid tagavad hea tervise ja eluj\u00f5u.<\/li>\n<li>Kana proteiin tervisliku seedimise ja energia omastamise jaoks.<\/li>\n<li><a href=\"https:\/\/zooprekes24.lt\/et\/kategorija\/prekes-sunims\/muud-koeratooted\/koera-tervis\/\" target=\"_blank\" rel=\"noopener\">L\u00f5he\u00f5li<\/a> tagab tasakaalustatud Omega 3 ja Omega 6 rasvhapete sisalduse.<\/li>\n<\/ul>","protected":false},"excerpt":{"rendered":"<p>Country Dog Maintenance &#8211; sausas maistas vis\u0173 veisli\u0173 suaugusiems \u0161unims. Be sojos ir chemini\u0173 konservant\u0173. Vitaminas E ir selenas palaiko optimal\u0173 imunitet\u0105. Vi\u0161tiena ir papildai u\u017etikrina ger\u0105 savijaut\u0105 ir gyvybingum\u0105. Vi\u0161tienos baltymai sveikam vir\u0161kinimui ir energijos \u012fsisavinimui. La\u0161i\u0161\u0173 aliejus apr\u016bpina Omega 3 ir Omega 6 riebalini\u0173 r\u016bg\u0161\u010di\u0173 balansu.<\/p>","protected":false},"featured_media":19394,"comment_status":"closed","ping_status":"closed","template":"","meta":{"_acf_changed":false,"slim_seo":{"title":"Country Dog Maintenance sausas maistas \u0161unims 15 kg - Zooprekes24","description":"Country Dog Maintenance - sausas maistas vis\u0173 veisli\u0173 suaugusiems \u0161unims. Be sojos ir chemini\u0173 konservant\u0173. Vitaminas E ir selenas palaiko optimal\u0173 imunitet\u0105. V"},"iawp_total_views":52},"product_brand":[],"product_cat":[9013,9002,8999,29,31],"product_tag":[177],"class_list":{"0":"post-22293","1":"product","2":"type-product","3":"status-publish","4":"has-post-thumbnail","6":"product_cat-country-dog","7":"product_cat-sausas-maistas","8":"product_cat-sunims","9":"product_cat-sunu-maistas","10":"product_cat-sunu-prekiu-gamintojai","11":"product_tag-edalas-sunims","12":"pa_pasaro-sudetis-vaisiai","13":"pa_pasaro-sudetis-vistiena","14":"pa_prekiu-zenklai-country-dog","15":"pa_suns-amzius-suaugusiems","16":"pa_veisles-dydis-didelems-veislems","17":"pa_veisles-dydis-mazoms-veislems","18":"pa_veisles-dydis-vidutinems-veislems","19":"pa_veisles-dydis-visu-dydziu-veislems","21":"first","22":"instock","23":"featured","24":"taxable","25":"shipping-taxable","26":"purchasable","27":"product-type-simple"},"acf":[],"_links":{"self":[{"href":"https:\/\/zooprekes24.lt\/et\/wp-json\/wp\/v2\/product\/22293","targetHints":{"allow":["GET"]}}],"collection":[{"href":"https:\/\/zooprekes24.lt\/et\/wp-json\/wp\/v2\/product"}],"about":[{"href":"https:\/\/zooprekes24.lt\/et\/wp-json\/wp\/v2\/types\/product"}],"replies":[{"embeddable":true,"href":"https:\/\/zooprekes24.lt\/et\/wp-json\/wp\/v2\/comments?post=22293"}],"wp:featuredmedia":[{"embeddable":true,"href":"https:\/\/zooprekes24.lt\/et\/wp-json\/wp\/v2\/media\/19394"}],"wp:attachment":[{"href":"https:\/\/zooprekes24.lt\/et\/wp-json\/wp\/v2\/media?parent=22293"}],"wp:term":[{"taxonomy":"product_brand","embeddable":true,"href":"https:\/\/zooprekes24.lt\/et\/wp-json\/wp\/v2\/product_brand?post=22293"},{"taxonomy":"product_cat","embeddable":true,"href":"https:\/\/zooprekes24.lt\/et\/wp-json\/wp\/v2\/product_cat?post=22293"},{"taxonomy":"product_tag","embeddable":true,"href":"https:\/\/zooprekes24.lt\/et\/wp-json\/wp\/v2\/product_tag?post=22293"}],"curies":[{"name":"wp","href":"https:\/\/api.w.org\/{rel}","templated":true}]}}