{"id":22291,"date":"2024-04-18T21:21:11","date_gmt":"2024-04-18T18:21:11","guid":{"rendered":"https:\/\/zooprekes24.lt\/produktas\/brit-raw-treat-skin-coat-skanestai-sunims\/"},"modified":"2024-07-11T14:21:25","modified_gmt":"2024-07-11T11:21:25","slug":"briti-toores-ravib-nahka-karvkate-skanestai-sunims","status":"publish","type":"product","link":"https:\/\/zooprekes24.lt\/et\/produktas\/brit-raw-treat-skin-coat-skanestai-sunims\/","title":{"rendered":"Brit Raw Treat Skin &amp; Coat k\u00fclmkuivatatud maiuspalad koertele 40 g"},"content":{"rendered":"<h3>Brit Raw Treat Skin &amp; Coat - looduslikud k\u00fclmkuivatatud maiuspalad t\u00e4iskasvanutele <a href=\"https:\/\/zooprekes24.lt\/et\/kategorija\/prekes-sunims\/\" target=\"_blank\" rel=\"noopener\">Koertele<\/a> koos kala, kana, probiootikumide ja vetikatega, et toetada teie lemmiklooma tervislikku nahka ja karvkatte. <a href=\"https:\/\/brit-petfood.com\/en\" target=\"_blank\" rel=\"noopener\">Brit<\/a> Raw Treat on ideaalne valik treeninguks v\u00f5i lihtsalt igap\u00e4evaseks maitsvaks vahepalaks.<\/h3>\n<ul>\n<li>Looduslik koostis.<\/li>\n<li>Maksa - suurep\u00e4rase maitse saavutamiseks.<\/li>\n<li>Vetikad on prebiootiliste kiudainete allikas.<\/li>\n<li>Ei sisalda kunstlikke s\u00e4ilitusaineid, l\u00f5hna- ja maitseaineid, v\u00e4rvaineid ega soola.<\/li>\n<li>Brit Raw Treat Skin &amp; Coat sisaldab 96 % v\u00e4rsket liha ja elundeid.<\/li>\n<li>100 g k\u00fclmkuivatatud toote toitev\u00e4\u00e4rtus vastab 300 g v\u00e4rskele toorele lihale.<\/li>\n<li>Ravimite koostist on t\u00e4iendatud inaktiveeritud <em>Lactobacillus<\/em> immunomoduleerivate omadustega bakterid.<\/li>\n<\/ul>","protected":false},"excerpt":{"rendered":"<p>Brit Raw Treat Skin &amp; Coat &#8211; nat\u016bral\u016bs liofilizuoti skan\u0117stai suaugusiems \u0161unims su \u017euvimi, vi\u0161tiena, probiotikais bei dumbliais, skirti palaikyti sveik\u0105 augintinio odos ir kailio b\u016bkl\u0119. Brit Raw Treat puikus pasirinkimas dresavimo metu arba tiesiog kaip gardus kasdienis u\u017ekandis. Nat\u016brali sud\u0117tis. Kepen\u0117l\u0117s &#8211; puikiam skoniui. Dumbliai &#8211; prebiotini\u0173 skaidul\u0173 \u0161altinis. Be dirbtini\u0173 konservant\u0173, kvapi\u0173j\u0173 med\u017eiag\u0173,&#8230;<\/p>","protected":false},"featured_media":19392,"comment_status":"closed","ping_status":"closed","template":"","meta":{"_acf_changed":false,"slim_seo":{"title":"Brit Raw Treat Skin & Coat \u0161altyje i\u0161d\u017eiovinti skan\u0117stai \u0161unims 40 g - Zooprekes24","description":"Brit Raw Treat Skin &amp; Coat - looduslik k\u00fclmkuivatatud maiuspala t\u00e4iskasvanud koertele, mis sisaldab kala, kana, probiootikume ja vetikaid, et toetada naha ja karvkatte tervist."},"iawp_total_views":104},"product_brand":[],"product_cat":[9029,9055,9010,8999,29,31,30],"product_tag":[871,6181,4591,385,386,391],"class_list":{"0":"post-22291","1":"product","2":"type-product","3":"status-publish","4":"has-post-thumbnail","6":"product_cat-brit-care","7":"product_cat-isdziovintas-saltyje-maistas","8":"product_cat-naturalus-skanestai","9":"product_cat-sunims","10":"product_cat-sunu-maistas","11":"product_cat-sunu-prekiu-gamintojai","12":"product_cat-sunu-skanestai","13":"product_tag-brit-skanestai-suniui","14":"product_tag-freeze-dry-skanukai-sunims","15":"product_tag-funkciniai-skanestai-sunims","16":"product_tag-skanestas-suns-dresiravimui","17":"product_tag-skanukai-sunims","18":"product_tag-traskus-skanestai-sunims","19":"pa_pasaro-sudetis-kepeneles","20":"pa_pasaro-sudetis-kiauliena","21":"pa_pasaro-sudetis-vistiena","22":"pa_pasaro-sudetis-zuvis","23":"pa_prekiu-zenklai-brit-care","24":"pa_suns-amzius-suaugusiems","25":"pa_veisles-dydis-didelems-veislems","26":"pa_veisles-dydis-mazoms-veislems","27":"pa_veisles-dydis-vidutinems-veislems","28":"pa_veisles-dydis-visu-dydziu-veislems","30":"first","31":"instock","32":"featured","33":"taxable","34":"shipping-taxable","35":"purchasable","36":"product-type-simple"},"acf":[],"_links":{"self":[{"href":"https:\/\/zooprekes24.lt\/et\/wp-json\/wp\/v2\/product\/22291","targetHints":{"allow":["GET"]}}],"collection":[{"href":"https:\/\/zooprekes24.lt\/et\/wp-json\/wp\/v2\/product"}],"about":[{"href":"https:\/\/zooprekes24.lt\/et\/wp-json\/wp\/v2\/types\/product"}],"replies":[{"embeddable":true,"href":"https:\/\/zooprekes24.lt\/et\/wp-json\/wp\/v2\/comments?post=22291"}],"wp:featuredmedia":[{"embeddable":true,"href":"https:\/\/zooprekes24.lt\/et\/wp-json\/wp\/v2\/media\/19392"}],"wp:attachment":[{"href":"https:\/\/zooprekes24.lt\/et\/wp-json\/wp\/v2\/media?parent=22291"}],"wp:term":[{"taxonomy":"product_brand","embeddable":true,"href":"https:\/\/zooprekes24.lt\/et\/wp-json\/wp\/v2\/product_brand?post=22291"},{"taxonomy":"product_cat","embeddable":true,"href":"https:\/\/zooprekes24.lt\/et\/wp-json\/wp\/v2\/product_cat?post=22291"},{"taxonomy":"product_tag","embeddable":true,"href":"https:\/\/zooprekes24.lt\/et\/wp-json\/wp\/v2\/product_tag?post=22291"}],"curies":[{"name":"wp","href":"https:\/\/api.w.org\/{rel}","templated":true}]}}