{"id":22284,"date":"2024-04-18T21:21:02","date_gmt":"2024-04-18T18:21:02","guid":{"rendered":"https:\/\/zooprekes24.lt\/produktas\/advance-dental-care-stick-sunims\/"},"modified":"2025-01-20T16:33:20","modified_gmt":"2025-01-20T14:33:20","slug":"hambaravi-ettepoole-kleepida-sunims","status":"publish","type":"product","link":"https:\/\/zooprekes24.lt\/et\/produktas\/advance-dental-care-stick-sunims\/","title":{"rendered":"Advance Dental Care Stick maiuspalad koertele 180 g"},"content":{"rendered":"<h3>Advance Dental Care Stick on eksklusiivne kolmekordne toidulisand, mis on m\u00f5eldud keskmiste ja suurte t\u00f5ugude (10 kg ja rohkem) hammaste kaitsmiseks.<\/h3>\n<ul>\n<li>P\u00fcrofosfaadid aitavad v\u00e4ltida kivide teket.<\/li>\n<li>Kliiniliselt t\u00f5estatud tulemusi on n\u00e4ha juba \u00fche kuu p\u00e4rast.<\/li>\n<li>Spetsiaalse kujuga salved aitavad eemaldada toiduj\u00e4\u00e4tmeid hammaste vahelt ja piirata hambakatu kogunemist.<\/li>\n<li><a href=\"https:\/\/www.advance-affinity.com\/en\/dog\/food-dog\/dental-care-stick-medium-maxi-79_en.html\" target=\"_blank\" rel=\"noopener\">Advance Dental Care Stick<\/a> delikatessid, mis on m\u00f5eldud konkreetsete<a href=\"https:\/\/zooprekes24.lt\/et\/kategorija\/prekes-sunims\/koera-degusteerijad\/\" target=\"_blank\" rel=\"noopener\">\u00a0lemmikloomad<\/a> vajadused. Purupulk sobib ideaalseks preemiaks v\u00f5i igap\u00e4evaseks vahepalaks, et v\u00e4hendada teie lemmiklooma hambaplaagi tekkimise riski.<\/li>\n<\/ul>","protected":false},"excerpt":{"rendered":"<p>Advance Dental Care Stick &#8211; i\u0161skirtinis, trigubo poveikio pa\u0161aro papildas, skirtas apsaugoti vidutini\u0173 ir dideli\u0173 veisli\u0173 (nuo 10 kg) \u0161un\u0173 dantis. Pirofosfatai padeda i\u0161vengti akmen\u0173 susidarymo. Klini\u0161kai \u012frodyti rezultatai matomi jau po m\u0117nesio. Skan\u0117stai yra specialios formos, kuri padeda pa\u0161alinti maisto liku\u010dius i\u0161 tarpdan\u010di\u0173 ir riboja apna\u0161\u0173 susidarym\u0105. Advance Dental Care Stick skan\u0117stai sukurti atsi\u017evelgiant&#8230;<\/p>","protected":false},"featured_media":34310,"comment_status":"closed","ping_status":"closed","template":"","meta":{"_acf_changed":false,"slim_seo":{"title":"Advance Dental Care Stick skan\u0117stai \u0161unims 180 g - Zooprekes24","description":"Advance Dental Care Stick on eksklusiivne kolmekordne toidulisand, mis on m\u00f5eldud keskmiste ja suurte t\u00f5ugude (10 kg ja rohkem) hammaste kaitsmiseks. P\u00fcrofosfaadid"},"iawp_total_views":57},"product_brand":[],"product_cat":[9059,9039,8999,31,30],"product_tag":[6564,386],"class_list":{"0":"post-22284","1":"product","2":"type-product","3":"status-publish","4":"has-post-thumbnail","6":"product_cat-advance","7":"product_cat-kaulai-ir-susukta-oda","8":"product_cat-sunims","9":"product_cat-sunu-prekiu-gamintojai","10":"product_cat-sunu-skanestai","11":"product_tag-advance-skanukai-sunims","12":"product_tag-skanukai-sunims","13":"pa_prekiu-zenklai-advance","14":"pa_suns-amzius-suaugusiems","15":"pa_veisles-dydis-didelems-veislems","16":"pa_veisles-dydis-vidutinems-veislems","18":"first","19":"instock","20":"featured","21":"taxable","22":"shipping-taxable","23":"purchasable","24":"product-type-simple"},"acf":[],"_links":{"self":[{"href":"https:\/\/zooprekes24.lt\/et\/wp-json\/wp\/v2\/product\/22284","targetHints":{"allow":["GET"]}}],"collection":[{"href":"https:\/\/zooprekes24.lt\/et\/wp-json\/wp\/v2\/product"}],"about":[{"href":"https:\/\/zooprekes24.lt\/et\/wp-json\/wp\/v2\/types\/product"}],"replies":[{"embeddable":true,"href":"https:\/\/zooprekes24.lt\/et\/wp-json\/wp\/v2\/comments?post=22284"}],"wp:featuredmedia":[{"embeddable":true,"href":"https:\/\/zooprekes24.lt\/et\/wp-json\/wp\/v2\/media\/34310"}],"wp:attachment":[{"href":"https:\/\/zooprekes24.lt\/et\/wp-json\/wp\/v2\/media?parent=22284"}],"wp:term":[{"taxonomy":"product_brand","embeddable":true,"href":"https:\/\/zooprekes24.lt\/et\/wp-json\/wp\/v2\/product_brand?post=22284"},{"taxonomy":"product_cat","embeddable":true,"href":"https:\/\/zooprekes24.lt\/et\/wp-json\/wp\/v2\/product_cat?post=22284"},{"taxonomy":"product_tag","embeddable":true,"href":"https:\/\/zooprekes24.lt\/et\/wp-json\/wp\/v2\/product_tag?post=22284"}],"curies":[{"name":"wp","href":"https:\/\/api.w.org\/{rel}","templated":true}]}}