{"id":22282,"date":"2024-04-18T21:21:02","date_gmt":"2024-04-18T18:21:02","guid":{"rendered":"https:\/\/zooprekes24.lt\/produktas\/advance-articular-stick-skanestai-sunims\/"},"modified":"2025-01-20T16:15:41","modified_gmt":"2025-01-20T14:15:41","slug":"paikesekiirguse-edasilukkamise-skannerid-liigendikepi-jaoks","status":"publish","type":"product","link":"https:\/\/zooprekes24.lt\/et\/produktas\/advance-articular-stick-skanestai-sunims\/","title":{"rendered":"Advance Articular Stick maiuspalad koertele 155 g"},"content":{"rendered":"<h3>Advance Articular Stick - pehmed ja maitsvad pulgakujulised maiuspalad, mis sobivad k\u00f5ikidele t\u00e4iskasvanud koerat\u00f5ugudele. M\u00f5eldud teie lemmiklooma liigeste liikuvuse parandamiseks.<\/h3>\n<ul>\n<li>H\u00fcaluroonhape ja oomega-3-rasvhapped aitavad hoida liigesed korralikult m\u00e4\u00e4rdunud ja aitavad taastada teie lemmiklooma liikumisv\u00f5ime.<\/li>\n<li>Kollageen, kondroitiin ja gl\u00fckoosamiin aitavad stimuleerida k\u00f5hre ainevahetust ja aeglustada k\u00f5hre kulumist.<\/li>\n<li><a href=\"https:\/\/www.advance-affinity.com\/en\/dog\/food-dog\/articular-snack-83.html\" target=\"_blank\" rel=\"noopener\">Advance Articular Stick<\/a> delikatessid, mis on m\u00f5eldud konkreetsete <a href=\"https:\/\/zooprekes24.lt\/et\/kategorija\/prekes-sunims\/koera-degusteerijad\/\" target=\"_blank\" rel=\"noopener\">lemmikloomad<\/a> vajadused. Purupulk sobib ideaalseks preemiaks v\u00f5i igap\u00e4evaseks kasulikke aineid sisaldavaks suupisteks.<\/li>\n<\/ul>","protected":false},"excerpt":{"rendered":"<p>Advance Articular Stick &#8211; mink\u0161ti ir gard\u016bs, lazdeli\u0173 formos skan\u0117stai tinkami vis\u0173 veisli\u0173 suaugusiems \u0161unims. Skirti pagerinti augintinio s\u0105nari\u0173 judrum\u0105. Hialurono r\u016bg\u0161tis ir Omega-3 padeda palaikyti tinkamai suteptus s\u0105narius ir prisideda prie augintinio judrumo atk\u016brimo. Kolagenas, chondroitinas ir gliukozaminas padeda stimuliuoti kremzl\u0117s med\u017eiag\u0173 apykait\u0105 ir sul\u0117tina kremzl\u0117s dilimo proces\u0105. Advance Articular Stick skan\u0117stai sukurti atsi\u017evelgiant&#8230;<\/p>","protected":false},"featured_media":34303,"comment_status":"closed","ping_status":"closed","template":"","meta":{"_acf_changed":false,"slim_seo":{"title":"Advance Articular Stick skan\u0117stai \u0161unims 155 g - Zooprekes24","description":"Advance Articular Stick - pehmed ja maitsvad pulgakujulised maiuspalad, mis sobivad k\u00f5ikidele t\u00e4iskasvanud koerat\u00f5ugudele. M\u00f5eldud teie lemmiklooma liigeste liikuvuse parandamiseks. Hia"},"iawp_total_views":28},"product_brand":[],"product_cat":[9059,9030,8999,31,30],"product_tag":[6564,386],"class_list":{"0":"post-22282","1":"product","2":"type-product","3":"status-publish","4":"has-post-thumbnail","6":"product_cat-advance","7":"product_cat-minksti-kramtalai","8":"product_cat-sunims","9":"product_cat-sunu-prekiu-gamintojai","10":"product_cat-sunu-skanestai","11":"product_tag-advance-skanukai-sunims","12":"product_tag-skanukai-sunims","13":"pa_prekiu-zenklai-advance","14":"pa_suns-amzius-senjorams","15":"pa_suns-amzius-suaugusiems","16":"pa_veisles-dydis-didelems-veislems","17":"pa_veisles-dydis-mazoms-veislems","18":"pa_veisles-dydis-vidutinems-veislems","19":"pa_veisles-dydis-visu-dydziu-veislems","21":"first","22":"instock","23":"featured","24":"taxable","25":"shipping-taxable","26":"purchasable","27":"product-type-simple"},"acf":[],"_links":{"self":[{"href":"https:\/\/zooprekes24.lt\/et\/wp-json\/wp\/v2\/product\/22282","targetHints":{"allow":["GET"]}}],"collection":[{"href":"https:\/\/zooprekes24.lt\/et\/wp-json\/wp\/v2\/product"}],"about":[{"href":"https:\/\/zooprekes24.lt\/et\/wp-json\/wp\/v2\/types\/product"}],"replies":[{"embeddable":true,"href":"https:\/\/zooprekes24.lt\/et\/wp-json\/wp\/v2\/comments?post=22282"}],"wp:featuredmedia":[{"embeddable":true,"href":"https:\/\/zooprekes24.lt\/et\/wp-json\/wp\/v2\/media\/34303"}],"wp:attachment":[{"href":"https:\/\/zooprekes24.lt\/et\/wp-json\/wp\/v2\/media?parent=22282"}],"wp:term":[{"taxonomy":"product_brand","embeddable":true,"href":"https:\/\/zooprekes24.lt\/et\/wp-json\/wp\/v2\/product_brand?post=22282"},{"taxonomy":"product_cat","embeddable":true,"href":"https:\/\/zooprekes24.lt\/et\/wp-json\/wp\/v2\/product_cat?post=22282"},{"taxonomy":"product_tag","embeddable":true,"href":"https:\/\/zooprekes24.lt\/et\/wp-json\/wp\/v2\/product_tag?post=22282"}],"curies":[{"name":"wp","href":"https:\/\/api.w.org\/{rel}","templated":true}]}}