{"id":22280,"date":"2024-04-18T21:21:02","date_gmt":"2024-04-18T18:21:02","guid":{"rendered":"https:\/\/zooprekes24.lt\/produktas\/advance-hypoallergenic-snack-skanestai\/"},"modified":"2024-09-26T11:47:55","modified_gmt":"2024-09-26T08:47:55","slug":"eelnev-hupoallergeenne-suupiste-skaneerib","status":"publish","type":"product","link":"https:\/\/zooprekes24.lt\/et\/produktas\/advance-hypoallergenic-snack-skanestai\/","title":{"rendered":"Advance h\u00fcpoallergeensed suupisted allergilistele koertele 150 g"},"content":{"rendered":"<h3>Advance Hypoallergenic Snack - pehme ja maitsev, t\u00e4ringikujuline maiuspala, mis sobib t\u00e4iskasvanud koertele k\u00f5ikide t\u00f5ugude, toidutalumatuse ja allergiaga koertele.<\/h3>\n<ul>\n<li>Soodustab seedimist ja toitainete n\u00f5uetekohast imendumist.<\/li>\n<li>Eksklusiivne koostis: ei sisalda koostisosi, mis v\u00f5ivad p\u00f5hjustada allergilist reaktsiooni toidule.<\/li>\n<li>Pehme ja maitsev k\u00fcpsis, mis sobib ideaalselt allergilistele ja tundliku seedimisega koertele.<\/li>\n<li><a href=\"https:\/\/www.advance-affinity.com\/en\/dog\/food-dog\/hypoallergenic-snack-80.html\" target=\"_blank\" rel=\"noopener\">Advance h\u00fcpoallergeenne suupiste<\/a> delikatessid, mis on m\u00f5eldud konkreetsete <a href=\"https:\/\/zooprekes24.lt\/et\/kategorija\/prekes-sunims\/koera-degusteerijad\/\" target=\"_blank\" rel=\"noopener\">lemmikloomad<\/a> vajadused. Sobib ideaalseks preemiaks v\u00f5i igap\u00e4evaseks kasulikke toitaineid sisaldavaks vahepalaks.<\/li>\n<\/ul>","protected":false},"excerpt":{"rendered":"<p>Advance Hypoallergenic Snack &#8211; mink\u0161ti ir gard\u016bs, kauliuko formos skan\u0117stai tinkami vis\u0173 veisli\u0173 suaugusiems, maisto netoleravimo sutrikim\u0173 turintiems bei alergi\u0161kiems \u0161unims. Skatina vir\u0161kinim\u0105 ir tinkam\u0105 maistini\u0173 med\u017eiag\u0173 pasisavinim\u0105. I\u0161skirtin\u0117 sud\u0117tis: be ingredient\u0173, galin\u010di\u0173 sukelti nepageidaujam\u0105 alergin\u0119 reakcij\u0105 \u012f maist\u0105. Mink\u0161tas, skanus sausainis, idealiai tinkantis alergi\u0161kiems \u0161unims, turintiems jautr\u0173 vir\u0161kinim\u0105. Advance Hypoallergenic Snack skan\u0117stai sukurti atsi\u017evelgiant&#8230;<\/p>","protected":false},"featured_media":27185,"comment_status":"closed","ping_status":"closed","template":"","meta":{"_acf_changed":false,"slim_seo":{"title":"Advance Hypoallergenic Snack skan\u0117stai alergi\u0161kiems \u0161unims 150 g - Zooprekes24","description":"Advance h\u00fcpoallergeenne suupiste - pehme ja maitsev, t\u00e4ringikujuline maiuspala, mis sobib k\u00f5ikide t\u00f5ugude t\u00e4iskasvanutele, kellel on toidutalumatust ja allergiat."},"iawp_total_views":216},"product_brand":[],"product_cat":[9059,9032,8999,31,30],"product_tag":[6558,6564,386],"class_list":{"0":"post-22280","1":"product","2":"type-product","3":"status-publish","4":"has-post-thumbnail","6":"product_cat-advance","7":"product_cat-sausainiai-ir-kepinukai","8":"product_cat-sunims","9":"product_cat-sunu-prekiu-gamintojai","10":"product_cat-sunu-skanestai","11":"product_tag-advance-biskvitiniai-skanestai","12":"product_tag-advance-skanukai-sunims","13":"product_tag-skanukai-sunims","14":"pa_prekiu-zenklai-advance","15":"pa_suns-amzius-suaugusiems","16":"pa_veisles-dydis-didelems-veislems","17":"pa_veisles-dydis-mazoms-veislems","18":"pa_veisles-dydis-vidutinems-veislems","19":"pa_veisles-dydis-visu-dydziu-veislems","21":"first","22":"instock","23":"featured","24":"taxable","25":"shipping-taxable","26":"purchasable","27":"product-type-simple"},"acf":[],"_links":{"self":[{"href":"https:\/\/zooprekes24.lt\/et\/wp-json\/wp\/v2\/product\/22280","targetHints":{"allow":["GET"]}}],"collection":[{"href":"https:\/\/zooprekes24.lt\/et\/wp-json\/wp\/v2\/product"}],"about":[{"href":"https:\/\/zooprekes24.lt\/et\/wp-json\/wp\/v2\/types\/product"}],"replies":[{"embeddable":true,"href":"https:\/\/zooprekes24.lt\/et\/wp-json\/wp\/v2\/comments?post=22280"}],"wp:featuredmedia":[{"embeddable":true,"href":"https:\/\/zooprekes24.lt\/et\/wp-json\/wp\/v2\/media\/27185"}],"wp:attachment":[{"href":"https:\/\/zooprekes24.lt\/et\/wp-json\/wp\/v2\/media?parent=22280"}],"wp:term":[{"taxonomy":"product_brand","embeddable":true,"href":"https:\/\/zooprekes24.lt\/et\/wp-json\/wp\/v2\/product_brand?post=22280"},{"taxonomy":"product_cat","embeddable":true,"href":"https:\/\/zooprekes24.lt\/et\/wp-json\/wp\/v2\/product_cat?post=22280"},{"taxonomy":"product_tag","embeddable":true,"href":"https:\/\/zooprekes24.lt\/et\/wp-json\/wp\/v2\/product_tag?post=22280"}],"curies":[{"name":"wp","href":"https:\/\/api.w.org\/{rel}","templated":true}]}}