{"id":22278,"date":"2024-04-18T21:21:02","date_gmt":"2024-04-18T18:21:02","guid":{"rendered":"https:\/\/zooprekes24.lt\/produktas\/advance-puppy-snack-skanestai-suniukams\/"},"modified":"2026-01-30T14:05:35","modified_gmt":"2026-01-30T12:05:35","slug":"kutsikate-eelisnakid-kutsikatele-moeldud-maiuspalad-kutsikatele","status":"publish","type":"product","link":"https:\/\/zooprekes24.lt\/et\/produktas\/advance-puppy-snack-skanestai-suniukams\/","title":{"rendered":"Advance Puppy Snack maiuspalad kutsikatele 150 g"},"content":{"rendered":"<h3>Advance Puppy Snack &#8211; mink\u0161ti ir gard\u016bs, kauliuko formos skan\u0117stai tinkami vis\u0173 veisli\u0173 \u0161uniukams nuo 3 iki 18 m\u0117nesi\u0173, prisidedantys prie optimalaus jauno augintinio vystymosi.<\/h3>\n<ul>\n<li>Prebiotikai ir inulinas skatina teigiama \u017earnyno mikrofloros balans\u0105.<\/li>\n<li>Omega-3 riebal\u0173 r\u016bg\u0161tys prisideda prie smegen\u0173 ir pa\u017einimo fukcijos vystymosi.<\/li>\n<li>Sud\u0117tyje esantys nukleotidai skatina imunin\u0117s sistemos vystym\u0105si, stimuliuoja jos gynybinius mechanizmus.<\/li>\n<li><a href=\"https:\/\/www.advance-affinity.com\/en\/dog\/food-dog\/puppy-snack-84_en.html\" target=\"_blank\" rel=\"noopener\">Advance Puppy Snack<\/a> skan\u0117stai sukurti atsi\u017evelgiant \u012f specifinius <a href=\"https:\/\/zooprekes24.lt\/kategorija\/prekes-sunims\/sunu-skanestai\/?filters=suns-amzius[235]\" target=\"_blank\" rel=\"noopener\">jauno \u0161uns<\/a> poreikius. Tinkami kaip tobulas atlygis arba kaip nauding\u0173 med\u017eiag\u0173 turintis kasdienis u\u017ekandis.<\/li>\n<\/ul>\n","protected":false},"excerpt":{"rendered":"<p>Advance Puppy Snack &#8211; mink\u0161ti ir gard\u016bs, kauliuko formos skan\u0117stai tinkami vis\u0173 veisli\u0173 \u0161uniukams nuo 3 iki 18 m\u0117nesi\u0173, prisidedantys prie optimalaus jauno augintinio vystymosi. Prebiotikai ir inulinas skatina teigiama \u017earnyno mikrofloros balans\u0105. Omega-3 riebal\u0173 r\u016bg\u0161tys prisideda prie smegen\u0173 ir pa\u017einimo fukcijos vystymosi. Sud\u0117tyje esantys nukleotidai skatina imunin\u0117s sistemos vystym\u0105si, stimuliuoja jos gynybinius mechanizmus. Advance&#8230;<\/p>","protected":false},"featured_media":27223,"comment_status":"closed","ping_status":"closed","template":"","meta":{"_acf_changed":false,"slim_seo":{"title":"Advance Puppy Snack skan\u0117stai \u0161uniukams 150 g - Zooprekes24","description":"Advance Puppy Snack - pehme ja maitsev, t\u00e4ringukujuline maiuspala, mis sobib k\u00f5ikide t\u00f5ugude kutsikatele vanuses 3-18 kuud, aidates kaasa noorte optimaalsele kasvule."},"iawp_total_views":110},"product_brand":[],"product_cat":[9059,9032,8999,31,30],"product_tag":[6558,6564,6565,386],"class_list":{"0":"post-22278","1":"product","2":"type-product","3":"status-publish","4":"has-post-thumbnail","6":"product_cat-advance","7":"product_cat-sausainiai-ir-kepinukai","8":"product_cat-sunims","9":"product_cat-sunu-prekiu-gamintojai","10":"product_cat-sunu-skanestai","11":"product_tag-advance-biskvitiniai-skanestai","12":"product_tag-advance-skanukai-sunims","13":"product_tag-advance-skanukai-suniukams","14":"product_tag-skanukai-sunims","15":"pa_prekiu-zenklai-advance","16":"pa_suns-amzius-jauniems","17":"pa_veisles-dydis-didelems-veislems","18":"pa_veisles-dydis-mazoms-veislems","19":"pa_veisles-dydis-vidutinems-veislems","20":"pa_veisles-dydis-visu-dydziu-veislems","22":"first","23":"instock","24":"featured","25":"taxable","26":"shipping-taxable","27":"purchasable","28":"product-type-simple"},"acf":[],"_links":{"self":[{"href":"https:\/\/zooprekes24.lt\/et\/wp-json\/wp\/v2\/product\/22278","targetHints":{"allow":["GET"]}}],"collection":[{"href":"https:\/\/zooprekes24.lt\/et\/wp-json\/wp\/v2\/product"}],"about":[{"href":"https:\/\/zooprekes24.lt\/et\/wp-json\/wp\/v2\/types\/product"}],"replies":[{"embeddable":true,"href":"https:\/\/zooprekes24.lt\/et\/wp-json\/wp\/v2\/comments?post=22278"}],"wp:featuredmedia":[{"embeddable":true,"href":"https:\/\/zooprekes24.lt\/et\/wp-json\/wp\/v2\/media\/27223"}],"wp:attachment":[{"href":"https:\/\/zooprekes24.lt\/et\/wp-json\/wp\/v2\/media?parent=22278"}],"wp:term":[{"taxonomy":"product_brand","embeddable":true,"href":"https:\/\/zooprekes24.lt\/et\/wp-json\/wp\/v2\/product_brand?post=22278"},{"taxonomy":"product_cat","embeddable":true,"href":"https:\/\/zooprekes24.lt\/et\/wp-json\/wp\/v2\/product_cat?post=22278"},{"taxonomy":"product_tag","embeddable":true,"href":"https:\/\/zooprekes24.lt\/et\/wp-json\/wp\/v2\/product_tag?post=22278"}],"curies":[{"name":"wp","href":"https:\/\/api.w.org\/{rel}","templated":true}]}}