{"id":22277,"date":"2024-04-18T21:21:02","date_gmt":"2024-04-18T18:21:02","guid":{"rendered":"https:\/\/zooprekes24.lt\/produktas\/advance-veterinary-diets-urinary-stress\/"},"modified":"2026-01-30T15:10:41","modified_gmt":"2026-01-30T13:10:41","slug":"veterinaarsete-dieetide-ettetellimine-uriinistressi-korral","status":"publish","type":"product","link":"https:\/\/zooprekes24.lt\/et\/produktas\/advance-veterinary-diets-urinary-stress\/","title":{"rendered":"Advance Veterinary Diets Urinary Stress kasside kuivtoit"},"content":{"rendered":"<h3>Advance Veterinary Diets Urinary Stress &#8211; visavertis, veterinarinis sausas \u0117dalas, skirtas suaugusioms kat\u0117ms struvitini\u0173 akmen\u0173 pakartotiniam atsiradimui ma\u017einti. Sud\u0117tis papildyta unikaliais stres\u0105 mal\u0161inan\u010diais komponentais.<\/h3>\n<ul>\n<li>Gliukozaminais ir chondroitinas padeda atkurti \u0161lapimo tak\u0173 gleivin\u0119.<\/li>\n<li>\u0160lapim\u0105 r\u016bg\u0161tinan\u010dios savyb\u0117s ir ma\u017eas magnio kiekis padeda tirpdyti struvitinius akmenis ir stabdo struvitini\u0173 akmen\u0173 atsinaujinim\u0105.<\/li>\n<li>Melisa, triptofanai ir \u017euvies peptidai padeda suma\u017einti stres\u0105, lemiant\u012f ka\u010di\u0173 idiopatin\u012f cistit\u0105, \u0161lapimo \u017eym\u0117jim\u0105 ir \u0161lapinim\u0105si netinkamose vietose.<\/li>\n<li><a href=\"https:\/\/www.advance-affinity.com\/en\/cat\/food-cat\/veterinary-diets-urinary-stress-587.html\" target=\"_blank\" rel=\"noopener\">Advance Veterinary Diets Urinary Stress<\/a> sukurtas atsi\u017evelgiant \u012f specifinius <a href=\"https:\/\/zooprekes24.lt\/kategorija\/prekes-katems\/kaciu-maistas\/sausas-kaciu-maistas\/?filters=kates-amzius[381]\" target=\"_blank\" rel=\"noopener\">suaugusi\u0173 ka\u010di\u0173<\/a> poreikius tad ne tik stiprina nat\u016brali\u0105 kat\u0117s organizmo apsaug\u0105 bet ir padeda palaikyti sveik\u0105 raumen\u0173 mas\u0119, gerina dant\u0173 ir \u017earnyno sveikat\u0105 bei puosel\u0117ja odos ir kailio kokyb\u0119.<\/li>\n<\/ul>\n","protected":false},"excerpt":{"rendered":"<p>Advance Veterinary Diets Urinary Stress &#8211; visavertis, veterinarinis sausas \u0117dalas, skirtas suaugusioms kat\u0117ms struvitini\u0173 akmen\u0173 pakartotiniam atsiradimui ma\u017einti. Sud\u0117tis papildyta unikaliais stres\u0105 mal\u0161inan\u010diais komponentais. Gliukozaminais ir chondroitinas padeda atkurti \u0161lapimo tak\u0173 gleivin\u0119. \u0160lapim\u0105 r\u016bg\u0161tinan\u010dios savyb\u0117s ir ma\u017eas magnio kiekis padeda tirpdyti struvitinius akmenis ir stabdo struvitini\u0173 akmen\u0173 atsinaujinim\u0105. Melisa, triptofanai ir \u017euvies peptidai padeda suma\u017einti&#8230;<\/p>","protected":false},"featured_media":45044,"comment_status":"closed","ping_status":"closed","template":"","meta":{"_acf_changed":false,"slim_seo":{"title":"Advance Veterinary Diets Urinary Stress sausas maistas kat\u0117ms - Zooprekes24","description":"Advance Veterinary Diets Urinary Stress on t\u00e4isv\u00e4\u00e4rtuslik veterinaarne kuivtoit t\u00e4iskasvanud kassidele, et v\u00e4hendada struviitkivide kordumist."},"iawp_total_views":50},"product_brand":[],"product_cat":[9061,72,83,25,9016,9037],"product_tag":[1817,1675],"class_list":{"0":"post-22277","1":"product","2":"type-product","3":"status-publish","4":"has-post-thumbnail","6":"product_cat-advance-veterinary-diets-katems","7":"product_cat-kaciu-maistas","8":"product_cat-kaciu-prekiu-gamintojai","9":"product_cat-katems","10":"product_cat-sausas-maistas-kaciu-maistas","11":"product_cat-veterinarine-dieta-kaciu-maistas","12":"product_tag-edalas-katems","13":"product_tag-kaciu-edalas","14":"pa_pasaro-sudetis-ryziai","15":"pa_pasaro-sudetis-vistiena","16":"pa_prekiu-zenklai-advance-veterinary-diets","18":"first","19":"instock","20":"featured","21":"taxable","22":"shipping-taxable","23":"purchasable","24":"product-type-variable"},"acf":[],"_links":{"self":[{"href":"https:\/\/zooprekes24.lt\/et\/wp-json\/wp\/v2\/product\/22277","targetHints":{"allow":["GET"]}}],"collection":[{"href":"https:\/\/zooprekes24.lt\/et\/wp-json\/wp\/v2\/product"}],"about":[{"href":"https:\/\/zooprekes24.lt\/et\/wp-json\/wp\/v2\/types\/product"}],"replies":[{"embeddable":true,"href":"https:\/\/zooprekes24.lt\/et\/wp-json\/wp\/v2\/comments?post=22277"}],"wp:featuredmedia":[{"embeddable":true,"href":"https:\/\/zooprekes24.lt\/et\/wp-json\/wp\/v2\/media\/45044"}],"wp:attachment":[{"href":"https:\/\/zooprekes24.lt\/et\/wp-json\/wp\/v2\/media?parent=22277"}],"wp:term":[{"taxonomy":"product_brand","embeddable":true,"href":"https:\/\/zooprekes24.lt\/et\/wp-json\/wp\/v2\/product_brand?post=22277"},{"taxonomy":"product_cat","embeddable":true,"href":"https:\/\/zooprekes24.lt\/et\/wp-json\/wp\/v2\/product_cat?post=22277"},{"taxonomy":"product_tag","embeddable":true,"href":"https:\/\/zooprekes24.lt\/et\/wp-json\/wp\/v2\/product_tag?post=22277"}],"curies":[{"name":"wp","href":"https:\/\/api.w.org\/{rel}","templated":true}]}}