{"id":22273,"date":"2024-04-18T21:21:02","date_gmt":"2024-04-18T18:21:02","guid":{"rendered":"https:\/\/zooprekes24.lt\/produktas\/advance-german-shepherd-sausas-maistas\/"},"modified":"2024-06-12T17:44:38","modified_gmt":"2024-06-12T14:44:38","slug":"saksa-lambakoera-kuivtoit","status":"publish","type":"product","link":"https:\/\/zooprekes24.lt\/et\/produktas\/advance-german-shepherd-sausas-maistas\/","title":{"rendered":"Advance Saksa lambakoerte kuivtoit koertele 12 kg"},"content":{"rendered":"<h3>Advance German Shepherd\u00a0&#8211; visavertis, subalansuotas \u0161un\u0173 maistas, specialiai sukurtas suaugusiems Vokie\u010di\u0173 avigani\u0173 veisl\u0117s augintini\u0173 poreikiams.<\/h3>\n<ul>\n<li>Kalakutiena ir ry\u017eiai &#8211; pagrindiniai lengvai vir\u0161kinam\u0173 baltym\u0173 ir angliavandeni\u0173 \u0161altiniai.<\/li>\n<li>Chondroitinas ir gliukozaminas kartu su Omega 3 riebal\u0173 r\u016bg\u0161timi r\u016bpinasi \u0161uns s\u0105nari\u0173 ir kremzli\u0173 sveikata.<\/li>\n<li>Sud\u0117tyje esantys pirofosfatai ir \u017ealioji arbata ma\u017eina dant\u0173 akmen\u0173 kaupimosi rizik\u0105 ir u\u017etikrina normal\u0173 burnos ertm\u0117s kvap\u0105.<\/li>\n<li>Unikali <a href=\"https:\/\/www.advancepetfood.com\/en\/dog\/product-feature\/\">Advance German Shepherd<\/a>\u00a0maisto formul\u0117 praturtinta prebiotikais ir aktyviais imunoglobulinais, kurie padeda <a href=\"https:\/\/zooprekes24.lt\/kategorija\/prekes-sunims\/sunu-maistas\/sausas-maistas-sunims\/?filters=veisles-dydis[239]\">didel\u0117s veisl\u0117s augintiniui<\/a> palaikyti optimali\u0105 \u017earnyno sveikat\u0105.<\/li>\n<\/ul>\n","protected":false},"excerpt":{"rendered":"<p>Advance German Shepherd\u00a0&#8211; visavertis, subalansuotas \u0161un\u0173 maistas, specialiai sukurtas suaugusiems Vokie\u010di\u0173 avigani\u0173 veisl\u0117s augintini\u0173 poreikiams. Kalakutiena ir ry\u017eiai &#8211; pagrindiniai lengvai vir\u0161kinam\u0173 baltym\u0173 ir angliavandeni\u0173 \u0161altiniai. Chondroitinas ir gliukozaminas kartu su Omega 3 riebal\u0173 r\u016bg\u0161timi r\u016bpinasi \u0161uns s\u0105nari\u0173 ir kremzli\u0173 sveikata. Sud\u0117tyje esantys pirofosfatai ir \u017ealioji arbata ma\u017eina dant\u0173 akmen\u0173 kaupimosi rizik\u0105 ir u\u017etikrina normal\u0173&#8230;<\/p>","protected":false},"featured_media":27183,"comment_status":"closed","ping_status":"closed","template":"","meta":{"_acf_changed":false,"slim_seo":{"title":"Advance German Shepherd sausas maistas \u0161unims 12 kg - Zooprekes24","description":"Advance German Shepherd on t\u00e4isv\u00e4\u00e4rtuslik ja tasakaalustatud koeratoit, mis on spetsiaalselt koostatud t\u00e4iskasvanud saksa lambakoerte vajaduste rahuldamiseks. T\u00fcrgi i"},"iawp_total_views":32},"product_brand":[],"product_cat":[9059,9002,8999,29,31],"product_tag":[6488,6385],"class_list":{"0":"post-22273","1":"product","2":"type-product","3":"status-publish","4":"has-post-thumbnail","6":"product_cat-advance","7":"product_cat-sausas-maistas","8":"product_cat-sunims","9":"product_cat-sunu-maistas","10":"product_cat-sunu-prekiu-gamintojai","11":"product_tag-advance-sausas-maistas-vokieciu-aviganiams","12":"product_tag-pasaras-aviganiui","13":"pa_pasaro-sudetis-kalakutiena","14":"pa_pasaro-sudetis-ryziai","15":"pa_prekiu-zenklai-advance","16":"pa_suns-amzius-suaugusiems","17":"pa_veisles-dydis-didelems-veislems","19":"first","20":"instock","21":"featured","22":"taxable","23":"shipping-taxable","24":"purchasable","25":"product-type-simple"},"acf":[],"_links":{"self":[{"href":"https:\/\/zooprekes24.lt\/et\/wp-json\/wp\/v2\/product\/22273","targetHints":{"allow":["GET"]}}],"collection":[{"href":"https:\/\/zooprekes24.lt\/et\/wp-json\/wp\/v2\/product"}],"about":[{"href":"https:\/\/zooprekes24.lt\/et\/wp-json\/wp\/v2\/types\/product"}],"replies":[{"embeddable":true,"href":"https:\/\/zooprekes24.lt\/et\/wp-json\/wp\/v2\/comments?post=22273"}],"wp:featuredmedia":[{"embeddable":true,"href":"https:\/\/zooprekes24.lt\/et\/wp-json\/wp\/v2\/media\/27183"}],"wp:attachment":[{"href":"https:\/\/zooprekes24.lt\/et\/wp-json\/wp\/v2\/media?parent=22273"}],"wp:term":[{"taxonomy":"product_brand","embeddable":true,"href":"https:\/\/zooprekes24.lt\/et\/wp-json\/wp\/v2\/product_brand?post=22273"},{"taxonomy":"product_cat","embeddable":true,"href":"https:\/\/zooprekes24.lt\/et\/wp-json\/wp\/v2\/product_cat?post=22273"},{"taxonomy":"product_tag","embeddable":true,"href":"https:\/\/zooprekes24.lt\/et\/wp-json\/wp\/v2\/product_tag?post=22273"}],"curies":[{"name":"wp","href":"https:\/\/api.w.org\/{rel}","templated":true}]}}