{"id":22271,"date":"2024-04-18T21:21:02","date_gmt":"2024-04-18T18:21:02","guid":{"rendered":"https:\/\/zooprekes24.lt\/produktas\/advance-french-bulldog-sausas-maistas\/"},"modified":"2024-06-12T17:41:01","modified_gmt":"2024-06-12T14:41:01","slug":"advance-prantsuse-buldogi-kuivtoit","status":"publish","type":"product","link":"https:\/\/zooprekes24.lt\/et\/produktas\/advance-french-bulldog-sausas-maistas\/","title":{"rendered":"Advance Prantsuse buldogi kuivtoit 7,5 kg"},"content":{"rendered":"<h3>Advance French Bulldog &#8211; visavertis, subalansuotas \u0161un\u0173 maistas, specialiai sukurtas suaugusiems Pranc\u016bz\u0173 buldog\u0173 veisl\u0117s augintini\u0173 poreikiams.<\/h3>\n<ul>\n<li>Omega 3 ir Omega 6 kartu su biotinu ir cinku padeda i\u0161laikyti sveik\u0105 od\u0105 ir blizgant\u012f kail\u012f.<\/li>\n<li>Sud\u0117tis praturtinta antioksidantais ir taurinu, kurie padeda palaikyti ger\u0105 \u0161irdies darb\u0105 ir kv\u0117pavimo funkcijas.<\/li>\n<li>Pa\u0161aras papildytas naudingais vitaminais ir nat\u016braliais polifenoliais, specialiai pritaikytais <a href=\"https:\/\/zooprekes24.lt\/kategorija\/prekes-sunims\/sunu-maistas\/sausas-maistas-sunims\/?filters=veisles-dydis[238]\">ma\u017e\u0173 veisli\u0173 \u0161unims<\/a>.<\/li>\n<li>Imunoglobulinai bei obuoli\u0173 ir burok\u0117li\u0173 skaidulos padeda palaikyti optimali\u0105 \u017earnyno ir vir\u0161kinimo sistemos veikl\u0105.<\/li>\n<li><a href=\"https:\/\/www.advancepetfood.com\/en\/dog\/product-feature\/\" target=\"_blank\" rel=\"noopener\">Advance French Bulldog<\/a> maisto sud\u0117tyje esanti antiena ir obuoliai pa\u0161arui suteikia i\u0161skirtin\u012f skon\u012f, kuris patiks net \u012fnoringiems gyv\u016bnams.<\/li>\n<\/ul>\n","protected":false},"excerpt":{"rendered":"<p>Advance French Bulldog &#8211; visavertis, subalansuotas \u0161un\u0173 maistas, specialiai sukurtas suaugusiems Pranc\u016bz\u0173 buldog\u0173 veisl\u0117s augintini\u0173 poreikiams. Omega 3 ir Omega 6 kartu su biotinu ir cinku padeda i\u0161laikyti sveik\u0105 od\u0105 ir blizgant\u012f kail\u012f. Sud\u0117tis praturtinta antioksidantais ir taurinu, kurie padeda palaikyti ger\u0105 \u0161irdies darb\u0105 ir kv\u0117pavimo funkcijas. Pa\u0161aras papildytas naudingais vitaminais ir nat\u016braliais polifenoliais, specialiai&#8230;<\/p>","protected":false},"featured_media":27182,"comment_status":"closed","ping_status":"closed","template":"","meta":{"_acf_changed":false,"slim_seo":{"title":"Advance French Bulldog sausas maistas \u0161unims 7.5 kg - Zooprekes24","description":"Advance French Bulldog on t\u00e4isv\u00e4\u00e4rtuslik ja tasakaalustatud koeratoit, mis on spetsiaalselt koostatud t\u00e4iskasvanud prantsuse buldogi lemmikloomade vajaduste rahuldamiseks. Omega 3 ja Omeg"},"iawp_total_views":56},"product_brand":[],"product_cat":[9059,9002,8999,29,31],"product_tag":[6481,6374],"class_list":{"0":"post-22271","1":"product","2":"type-product","3":"status-publish","4":"has-post-thumbnail","6":"product_cat-advance","7":"product_cat-sausas-maistas","8":"product_cat-sunims","9":"product_cat-sunu-maistas","10":"product_cat-sunu-prekiu-gamintojai","11":"product_tag-advance-sausas-maistas-prancuzu-buldogams","12":"product_tag-pasaras-prancuzu-buldogui","13":"pa_pasaro-sudetis-antiena","14":"pa_pasaro-sudetis-ryziai","15":"pa_pasaro-sudetis-vaisiai","16":"pa_prekiu-zenklai-advance","17":"pa_suns-amzius-suaugusiems","18":"pa_veisles-dydis-mazoms-veislems","20":"first","21":"instock","22":"featured","23":"taxable","24":"shipping-taxable","25":"purchasable","26":"product-type-simple"},"acf":[],"_links":{"self":[{"href":"https:\/\/zooprekes24.lt\/et\/wp-json\/wp\/v2\/product\/22271","targetHints":{"allow":["GET"]}}],"collection":[{"href":"https:\/\/zooprekes24.lt\/et\/wp-json\/wp\/v2\/product"}],"about":[{"href":"https:\/\/zooprekes24.lt\/et\/wp-json\/wp\/v2\/types\/product"}],"replies":[{"embeddable":true,"href":"https:\/\/zooprekes24.lt\/et\/wp-json\/wp\/v2\/comments?post=22271"}],"wp:featuredmedia":[{"embeddable":true,"href":"https:\/\/zooprekes24.lt\/et\/wp-json\/wp\/v2\/media\/27182"}],"wp:attachment":[{"href":"https:\/\/zooprekes24.lt\/et\/wp-json\/wp\/v2\/media?parent=22271"}],"wp:term":[{"taxonomy":"product_brand","embeddable":true,"href":"https:\/\/zooprekes24.lt\/et\/wp-json\/wp\/v2\/product_brand?post=22271"},{"taxonomy":"product_cat","embeddable":true,"href":"https:\/\/zooprekes24.lt\/et\/wp-json\/wp\/v2\/product_cat?post=22271"},{"taxonomy":"product_tag","embeddable":true,"href":"https:\/\/zooprekes24.lt\/et\/wp-json\/wp\/v2\/product_tag?post=22271"}],"curies":[{"name":"wp","href":"https:\/\/api.w.org\/{rel}","templated":true}]}}