{"id":22266,"date":"2024-04-18T21:20:51","date_gmt":"2024-04-18T18:20:51","guid":{"rendered":"https:\/\/zooprekes24.lt\/produktas\/fitmin-for-life-dental-sticks-with-kelp\/"},"modified":"2024-08-14T14:52:42","modified_gmt":"2024-08-14T11:52:42","slug":"fitmin-for-life-dental-sticks-with-kelp","status":"publish","type":"product","link":"https:\/\/zooprekes24.lt\/et\/produktas\/fitmin-for-life-dental-sticks-with-kelp\/","title":{"rendered":"Fitmin for Life Hambapulgad koertele 20 tk."},"content":{"rendered":"<h3>Fitmin for Life Dental Sticks with Kelp &#8211; nat\u016bral\u016bs skan\u0117stai su rudadumbliais vis\u0173 am\u017eiaus grupi\u0173 <a href=\"https:\/\/zooprekes24.lt\/et\/kategorija\/prekes-sunims\/\" target=\"_blank\" rel=\"noopener\">Koertele<\/a>hammaste harjamise ennetamiseks. Sobib maitsvaks igap\u00e4evaseks vahepalaks v\u00f5i preemiaks treening- v\u00f5i m\u00e4nguaastate ajal.<\/h3>\n<ul>\n<li>Kelp (<a href=\"https:\/\/en.wikipedia.org\/wiki\/Kelp\" target=\"_blank\" rel=\"noopener\"><em>Kelpvetikad<\/em><\/a>) on merevetikast saadud looduslik aine, mida kasutatakse ennetavalt ja prof\u00fclaktiliselt hambakivi ja hambakivi moodustumise vastu lemmikloomadel. Samuti on teada, et merevetikad on t\u00f5husad mitte ainult suu\u00f5\u00f5ne bakterite v\u00e4hendamisel, vaid ka lemmikloomade halva hinge\u00f5hu k\u00f5rvaldamisel.<\/li>\n<li>T\u00e4nu spetsiaalsele poorsele kujule tekitatakse koera hammustamisel mehaaniline m\u00f5ju, mis aitab mitte ainult eemaldada toiduj\u00e4\u00e4gid, vaid puhastab ka \u00f5rnalt hammaste pinda ja v\u00e4hendab hambakivi tekkimise ohtu.<\/li>\n<li>Fitmin for Life Dental Sticks with Kelp on t\u00e4iendatud maitsvate kodulindude ja \u00f5untega.<\/li>\n<li>Pakitud kasutajas\u00f5bralikku, \u00f5hukindlasse pakendisse, mida saab avada ja uuesti sulgeda, nii et need p\u00fcsivad kaua v\u00e4rskena.<\/li>\n<li><a href=\"https:\/\/www.fitmin.com\/en\/ingredients\" target=\"_blank\" rel=\"noopener\">Selles ei kasutata suhkrut, kunstlikke v\u00e4rvaineid ega soja.<\/a><\/li>\n<li>Ei soovitata alla 4 kuu vanustele koertele.<\/li>\n<li>N\u00e4rimiskomplekti pikkus on 10 cm.<\/li>\n<li>Indelyje &#8211; 20 vnt gard\u017ei\u0173 skan\u0117st\u0173.<\/li>\n<\/ul>","protected":false},"excerpt":{"rendered":"<p>Fitmin for Life Dental Sticks with Kelp &#8211; nat\u016bral\u016bs skan\u0117stai su rudadumbliais vis\u0173 am\u017eiaus grupi\u0173 \u0161unims, skirti dant\u0173 valymo profilaktikai. Tinkami kaip gardus kasdienis u\u017ekandis arba atlygis treniruo\u010di\u0173 ar \u017eaidim\u0173 met\u0173. Rudadumbliai (Kelp algae) tai nat\u016brali med\u017eiaga, gaunama i\u0161 j\u016bros dumbli\u0173 skirta\u00a0prevenciniam bei profilaktiniam naudojimui prie\u0161 augintinio dant\u0173 apna\u0161\u0173 ir akmen\u0173 susidarym\u0105. Rudadubliai taip pat&#8230;<\/p>","protected":false},"featured_media":19217,"comment_status":"closed","ping_status":"closed","template":"","meta":{"_acf_changed":false,"slim_seo":{"title":"Fitmin for Life Dental Sticks with Kelp skan\u0117stai \u0161unims 20 vnt - Zooprekes24","description":"Fitmin for Life Dental Sticks with Kelp - nat\u016bral\u016bs skan\u0117stai su rudadumbliais vis\u0173 am\u017eiaus grupi\u0173 \u0161unims , skirti dant\u0173 valymo profilaktikai. Tinkami kaip gard"},"iawp_total_views":38},"product_brand":[],"product_cat":[9043,9039,8999,31,30],"product_tag":[1618,1623,1624,1289,1290,1291,1292,792,391],"class_list":{"0":"post-22266","1":"product","2":"type-product","3":"status-publish","4":"has-post-thumbnail","6":"product_cat-fitmin-for-life-sunims","7":"product_cat-kaulai-ir-susukta-oda","8":"product_cat-sunims","9":"product_cat-sunu-prekiu-gamintojai","10":"product_cat-sunu-skanestai","11":"product_tag-fitmin-for-life-naturalus-skanestai","12":"product_tag-fitmin-skanestai-sunims","13":"product_tag-fitmin-skanukai-sunims","14":"product_tag-gaiviam-suns-burnos-kvapui","15":"product_tag-kaulai-suns-dantu-higienai","16":"product_tag-kaulai-sunu-dantims","17":"product_tag-kauliukai-suns-dantims","18":"product_tag-naturalus-skanestai-sunims","19":"product_tag-traskus-skanestai-sunims","20":"pa_pasaro-sudetis-paukstiena","21":"pa_pasaro-sudetis-vaisiai","22":"pa_prekiu-zenklai-fitmin-for-life","23":"pa_suns-amzius-jauniems","24":"pa_suns-amzius-senjorams","25":"pa_suns-amzius-suaugusiems","26":"pa_suns-amzius-visiems-amziams","27":"pa_veisles-dydis-didelems-veislems","28":"pa_veisles-dydis-mazoms-veislems","29":"pa_veisles-dydis-vidutinems-veislems","30":"pa_veisles-dydis-visu-dydziu-veislems","32":"first","33":"outofstock","34":"featured","35":"taxable","36":"shipping-taxable","37":"purchasable","38":"product-type-simple"},"acf":[],"_links":{"self":[{"href":"https:\/\/zooprekes24.lt\/et\/wp-json\/wp\/v2\/product\/22266","targetHints":{"allow":["GET"]}}],"collection":[{"href":"https:\/\/zooprekes24.lt\/et\/wp-json\/wp\/v2\/product"}],"about":[{"href":"https:\/\/zooprekes24.lt\/et\/wp-json\/wp\/v2\/types\/product"}],"replies":[{"embeddable":true,"href":"https:\/\/zooprekes24.lt\/et\/wp-json\/wp\/v2\/comments?post=22266"}],"wp:featuredmedia":[{"embeddable":true,"href":"https:\/\/zooprekes24.lt\/et\/wp-json\/wp\/v2\/media\/19217"}],"wp:attachment":[{"href":"https:\/\/zooprekes24.lt\/et\/wp-json\/wp\/v2\/media?parent=22266"}],"wp:term":[{"taxonomy":"product_brand","embeddable":true,"href":"https:\/\/zooprekes24.lt\/et\/wp-json\/wp\/v2\/product_brand?post=22266"},{"taxonomy":"product_cat","embeddable":true,"href":"https:\/\/zooprekes24.lt\/et\/wp-json\/wp\/v2\/product_cat?post=22266"},{"taxonomy":"product_tag","embeddable":true,"href":"https:\/\/zooprekes24.lt\/et\/wp-json\/wp\/v2\/product_tag?post=22266"}],"curies":[{"name":"wp","href":"https:\/\/api.w.org\/{rel}","templated":true}]}}