{"id":22262,"date":"2024-04-18T21:20:51","date_gmt":"2024-04-18T18:20:51","guid":{"rendered":"https:\/\/zooprekes24.lt\/produktas\/kimo-buffalo-gullet-flat-skanestai-sunims\/"},"modified":"2024-08-23T13:39:19","modified_gmt":"2024-08-23T10:39:19","slug":"kimo-buffalo-gullet-flat-degusteerija-koertele","status":"publish","type":"product","link":"https:\/\/zooprekes24.lt\/et\/produktas\/kimo-buffalo-gullet-flat-skanestai-sunims\/","title":{"rendered":"Kimo Buffalo Gullet Flat maiuspalad koertele 100 g"},"content":{"rendered":"<h3>Kimo Buffalo Gullet Flat - naturaalne, kuivatatud <a href=\"https:\/\/www.vle.lt\/straipsnis\/buivolai\/\" target=\"_blank\" rel=\"noopener\">buffalo<\/a> s\u00f6\u00f6gitoru (lame) sobib igale vanusele ja t\u00f5ule <a href=\"https:\/\/zooprekes24.lt\/et\/kategorija\/prekes-sunims\/\" target=\"_blank\" rel=\"noopener\">Koertele<\/a>. M\u00f5eldud ideaalseks preemiaks v\u00f5i lihtsalt igap\u00e4evaseks maitsvaks vahepalaks.<\/h3>\n<ul>\n<li>Suurep\u00e4rane \u00fche valgu allikas.<\/li>\n<li>T\u00e4ielikult looduslik - ei sisalda kunstlikke lisandeid, s\u00e4ilitusaineid, gluteeni ega laktoosi.<\/li>\n<li>Looduslik ravi v\u00e4hendab hambakivi tekkimise t\u00f5en\u00e4osust ja tagab optimaalse suuh\u00fcgieeni.<\/li>\n<li>Pange t\u00e4hele, et Kimo Buffalo Gullet Flat on t\u00e4iesti looduslik toode ja seet\u00f5ttu v\u00f5ivad suurus, kuju ja v\u00e4rvus erineda pildil kujutatust.<\/li>\n<\/ul>","protected":false},"excerpt":{"rendered":"<p>Kimo Buffalo Gullet Flat &#8211; nat\u016bralios, d\u017eiovintos buivol\u0173 stempl\u0117s (plok\u0161\u010dios) tinkamos vis\u0173 am\u017eiaus grupi\u0173 ir veisli\u0173 \u0161unims. Sukurta kaip tobulas atlygis arba tiesiog kaip kasdienis gardus u\u017ekandis. Puikus vieno baltymo \u0161altinis. Visi\u0161kai nat\u016bralus produktas &#8211; be dirbtini\u0173 pried\u0173, konservant\u0173, glitimo ar laktoz\u0117s. Nat\u016bralus skan\u0117stas ma\u017eina dant\u0173 apna\u0161\u0173 susidarymo tikimyb\u0119 bei u\u017etikrina optimali\u0105 burnos higien\u0105. Atkreipkite&#8230;<\/p>","protected":false},"featured_media":28485,"comment_status":"closed","ping_status":"closed","template":"","meta":{"_acf_changed":false,"slim_seo":{"title":"Kimo Buffalo Gullet Flat skan\u0117stai \u0161unims 100 g - Zooprekes24","description":"Kimo Buffalo Gullet Flat - naturaalne, kuivatatud p\u00fchvli s\u00f6\u00f6gitoru (flat), mis sobib igas vanuses ja t\u00f5ugu koertele. M\u00f5eldud ideaalseks preemiaks v\u00f5i"},"iawp_total_views":31},"product_brand":[],"product_cat":[9010,8999,30],"product_tag":[5827,1593,6196,792,386],"class_list":{"0":"post-22262","1":"product","2":"type-product","3":"status-publish","4":"has-post-thumbnail","6":"product_cat-naturalus-skanestai","7":"product_cat-sunims","8":"product_cat-sunu-skanestai","9":"product_tag-dziovinti-skanestai-sunims","10":"product_tag-jautienos-skanestai-sunims","11":"product_tag-kimo-naturalus-skanestai","12":"product_tag-naturalus-skanestai-sunims","13":"product_tag-skanukai-sunims","14":"pa_pasaro-sudetis-jautiena","15":"pa_prekiu-zenklai-kimo","16":"pa_suns-amzius-jauniems","17":"pa_suns-amzius-senjorams","18":"pa_suns-amzius-suaugusiems","19":"pa_suns-amzius-visiems-amziams","20":"pa_veisles-dydis-didelems-veislems","21":"pa_veisles-dydis-mazoms-veislems","22":"pa_veisles-dydis-vidutinems-veislems","23":"pa_veisles-dydis-visu-dydziu-veislems","25":"first","26":"instock","27":"featured","28":"taxable","29":"shipping-taxable","30":"purchasable","31":"product-type-simple"},"acf":[],"_links":{"self":[{"href":"https:\/\/zooprekes24.lt\/et\/wp-json\/wp\/v2\/product\/22262","targetHints":{"allow":["GET"]}}],"collection":[{"href":"https:\/\/zooprekes24.lt\/et\/wp-json\/wp\/v2\/product"}],"about":[{"href":"https:\/\/zooprekes24.lt\/et\/wp-json\/wp\/v2\/types\/product"}],"replies":[{"embeddable":true,"href":"https:\/\/zooprekes24.lt\/et\/wp-json\/wp\/v2\/comments?post=22262"}],"wp:featuredmedia":[{"embeddable":true,"href":"https:\/\/zooprekes24.lt\/et\/wp-json\/wp\/v2\/media\/28485"}],"wp:attachment":[{"href":"https:\/\/zooprekes24.lt\/et\/wp-json\/wp\/v2\/media?parent=22262"}],"wp:term":[{"taxonomy":"product_brand","embeddable":true,"href":"https:\/\/zooprekes24.lt\/et\/wp-json\/wp\/v2\/product_brand?post=22262"},{"taxonomy":"product_cat","embeddable":true,"href":"https:\/\/zooprekes24.lt\/et\/wp-json\/wp\/v2\/product_cat?post=22262"},{"taxonomy":"product_tag","embeddable":true,"href":"https:\/\/zooprekes24.lt\/et\/wp-json\/wp\/v2\/product_tag?post=22262"}],"curies":[{"name":"wp","href":"https:\/\/api.w.org\/{rel}","templated":true}]}}