{"id":22260,"date":"2024-04-18T21:20:51","date_gmt":"2024-04-18T18:20:51","guid":{"rendered":"https:\/\/zooprekes24.lt\/produktas\/kimo-lamb-ears-skanestai-sunims\/"},"modified":"2024-08-23T14:15:03","modified_gmt":"2024-08-23T11:15:03","slug":"kimo-lamb-ears-skanestai-sunims","status":"publish","type":"product","link":"https:\/\/zooprekes24.lt\/et\/produktas\/kimo-lamb-ears-skanestai-sunims\/","title":{"rendered":"Kimo Lambak\u00f5rvad maiuspalad koertele 50 g"},"content":{"rendered":"<h3>Kimo Lamb Ears &#8211; nat\u016bralios, d\u017eiovintos <a href=\"https:\/\/www.vle.lt\/straipsnis\/eriukas\/\" target=\"_blank\" rel=\"noopener\">lambaliha<\/a> K\u00f5rvad sobivad igale vanusele ja t\u00f5ule <a href=\"https:\/\/zooprekes24.lt\/et\/kategorija\/prekes-sunims\/\" target=\"_blank\" rel=\"noopener\">Koertele<\/a>. M\u00f5eldud ideaalseks preemiaks v\u00f5i lihtsalt igap\u00e4evaseks maitsvaks vahepalaks.<\/h3>\n<ul>\n<li>Suurep\u00e4rane \u00fche valgu allikas.<\/li>\n<li>T\u00e4ielikult looduslik - ei sisalda kunstlikke lisandeid, s\u00e4ilitusaineid, gluteeni ega laktoosi.<\/li>\n<li>Looduslik ravi v\u00e4hendab hambakivi tekkimise t\u00f5en\u00e4osust ja tagab optimaalse suuh\u00fcgieeni.<\/li>\n<li>Pange t\u00e4hele, et Kimo Lambak\u00f5rvad on t\u00e4iesti looduslik toode, seega v\u00f5ivad suurus, kuju ja v\u00e4rvus erineda pildil kujutatust.<\/li>\n<\/ul>","protected":false},"excerpt":{"rendered":"<p>Kimo Lamb Ears &#8211; nat\u016bralios, d\u017eiovintos \u0117riuk\u0173 ausys tinkamos vis\u0173 am\u017eiaus grupi\u0173 ir veisli\u0173 \u0161unims. Sukurta kaip tobulas atlygis arba tiesiog kaip kasdienis gardus u\u017ekandis. Puikus vieno baltymo \u0161altinis. Visi\u0161kai nat\u016bralus produktas &#8211; be dirbtini\u0173 pried\u0173, konservant\u0173, glitimo ar laktoz\u0117s. Nat\u016bralus skan\u0117stas ma\u017eina dant\u0173 apna\u0161\u0173 susidarymo tikimyb\u0119 bei u\u017etikrina optimali\u0105 burnos higien\u0105. Atkreipkite d\u0117mes\u012f, jog&#8230;<\/p>","protected":false},"featured_media":28478,"comment_status":"closed","ping_status":"closed","template":"","meta":{"_acf_changed":false,"slim_seo":{"title":"Kimo Lamb Ears skan\u0117stai \u0161unims 50 g - Zooprekes24","description":"Kimo Lamb Ears - nat\u016bralios, d\u017eiovintos \u0117riuk\u0173 ausys tinkamos vis\u0173 am\u017eiaus grupi\u0173 ir veisli\u0173 \u0161unims . Sukurta kaip tobulas atlygis arba tiesiog kaip kasdienis g"},"iawp_total_views":47},"product_brand":[],"product_cat":[9010,8999,30],"product_tag":[5827,6196,792,386],"class_list":{"0":"post-22260","1":"product","2":"type-product","3":"status-publish","4":"has-post-thumbnail","6":"product_cat-naturalus-skanestai","7":"product_cat-sunims","8":"product_cat-sunu-skanestai","9":"product_tag-dziovinti-skanestai-sunims","10":"product_tag-kimo-naturalus-skanestai","11":"product_tag-naturalus-skanestai-sunims","12":"product_tag-skanukai-sunims","13":"pa_pasaro-sudetis-eriena","14":"pa_prekiu-zenklai-kimo","15":"pa_suns-amzius-jauniems","16":"pa_suns-amzius-senjorams","17":"pa_suns-amzius-suaugusiems","18":"pa_suns-amzius-visiems-amziams","19":"pa_veisles-dydis-didelems-veislems","20":"pa_veisles-dydis-mazoms-veislems","21":"pa_veisles-dydis-vidutinems-veislems","22":"pa_veisles-dydis-visu-dydziu-veislems","24":"first","25":"instock","26":"featured","27":"taxable","28":"shipping-taxable","29":"purchasable","30":"product-type-simple"},"acf":[],"_links":{"self":[{"href":"https:\/\/zooprekes24.lt\/et\/wp-json\/wp\/v2\/product\/22260","targetHints":{"allow":["GET"]}}],"collection":[{"href":"https:\/\/zooprekes24.lt\/et\/wp-json\/wp\/v2\/product"}],"about":[{"href":"https:\/\/zooprekes24.lt\/et\/wp-json\/wp\/v2\/types\/product"}],"replies":[{"embeddable":true,"href":"https:\/\/zooprekes24.lt\/et\/wp-json\/wp\/v2\/comments?post=22260"}],"wp:featuredmedia":[{"embeddable":true,"href":"https:\/\/zooprekes24.lt\/et\/wp-json\/wp\/v2\/media\/28478"}],"wp:attachment":[{"href":"https:\/\/zooprekes24.lt\/et\/wp-json\/wp\/v2\/media?parent=22260"}],"wp:term":[{"taxonomy":"product_brand","embeddable":true,"href":"https:\/\/zooprekes24.lt\/et\/wp-json\/wp\/v2\/product_brand?post=22260"},{"taxonomy":"product_cat","embeddable":true,"href":"https:\/\/zooprekes24.lt\/et\/wp-json\/wp\/v2\/product_cat?post=22260"},{"taxonomy":"product_tag","embeddable":true,"href":"https:\/\/zooprekes24.lt\/et\/wp-json\/wp\/v2\/product_tag?post=22260"}],"curies":[{"name":"wp","href":"https:\/\/api.w.org\/{rel}","templated":true}]}}