{"id":22249,"date":"2024-04-18T21:20:43","date_gmt":"2024-04-18T18:20:43","guid":{"rendered":"https:\/\/zooprekes24.lt\/produktas\/fitmin-semimoist-play-train-sunims\/"},"modified":"2024-05-29T16:30:10","modified_gmt":"2024-05-29T13:30:10","slug":"fitmin-semimoist-mangida-rongi-sunims","status":"publish","type":"product","link":"https:\/\/zooprekes24.lt\/et\/produktas\/fitmin-semimoist-play-train-sunims\/","title":{"rendered":"Fitmin Semimoist Play &amp; Train koerte maiuspalad dressuurile 400 g"},"content":{"rendered":"<h3>Fitmin Semimoist Play &amp; Train - poolniiske, s\u00fcdamekujuline maiuspala t\u00e4iskasvanutele <a href=\"https:\/\/zooprekes24.lt\/et\/kategorija\/prekes-sunims\/\" target=\"_blank\" rel=\"noopener\">Koertele<\/a> v\u00e4rske kanaga. Loodud ideaalseks preemiaks dressuuris, n\u00e4itustel v\u00f5i lihtsalt igap\u00e4evaseks maitsvaks vahepalaks.<\/h3>\n<ul>\n<li>Madala kalorsusega.<\/li>\n<li>Nisu- ja maisivaba.<\/li>\n<li>Spetsiaalne poolniiske tekstuur.<\/li>\n<li>Gl\u00fckosamiin ja kondroitiinsulfaat tugevate ja tervete liigeste jaoks.<\/li>\n<li>Eriline <a href=\"https:\/\/petcura.lt\" target=\"_blank\" rel=\"noopener\">Fitmin<\/a> Koerak\u00fcpsise kuju ja suurus on kavandatud vastavalt treenitavate ja n\u00e4itusel olevate koerte vajadustele.<\/li>\n<\/ul>","protected":false},"excerpt":{"rendered":"<p>Fitmin Semimoist Play &amp; Train &#8211; pusiau dr\u0117gni, \u0161irdel\u0117s formos skan\u0117stai suaugusiems \u0161unims su \u0161vie\u017eia vi\u0161tiena. Sukurti kaip tobulas atlygis dresavimo, parod\u0173 metu arba tiesiog kaip kasdienis gardus u\u017ekandis. Ma\u017eai kaloringi. Be kvie\u010di\u0173 ir kukur\u016bz\u0173. Ypatinga pusiau dr\u0117gna tekst\u016bra. Gliukozaminas ir chondroitino sulfatas stipriems ir sveikiems augintinio s\u0105nariams. Speciali Fitmin skaniuk\u0173 forma bei dydis sukurta&#8230;<\/p>","protected":false},"featured_media":19185,"comment_status":"closed","ping_status":"closed","template":"","meta":{"_acf_changed":false,"slim_seo":{"title":"Fitmin Semimoist Play & Train \u0161un\u0173 skan\u0117stai dres\u016brai 400 g - Zooprekes24","description":"Fitmin Semimoist Play &amp; Train - poolniiske, s\u00fcdamekujuline maiuspala t\u00e4iskasvanud koertele v\u00e4rske kanaga. M\u00f5eldud ideaalseks preemiaks dressuuride, par"},"iawp_total_views":57},"product_brand":[],"product_cat":[9044,9032,8999,31,30],"product_tag":[1623,1624,4591,385,386,391],"class_list":{"0":"post-22249","1":"product","2":"type-product","3":"status-publish","4":"has-post-thumbnail","6":"product_cat-fitmin-nutritional-programme","7":"product_cat-sausainiai-ir-kepinukai","8":"product_cat-sunims","9":"product_cat-sunu-prekiu-gamintojai","10":"product_cat-sunu-skanestai","11":"product_tag-fitmin-skanestai-sunims","12":"product_tag-fitmin-skanukai-sunims","13":"product_tag-funkciniai-skanestai-sunims","14":"product_tag-skanestas-suns-dresiravimui","15":"product_tag-skanukai-sunims","16":"product_tag-traskus-skanestai-sunims","17":"pa_pasaro-sudetis-ryziai","18":"pa_pasaro-sudetis-vaisiai","19":"pa_pasaro-sudetis-vistiena","20":"pa_prekiu-zenklai-fitmin-nutritional-programme","21":"pa_suns-amzius-suaugusiems","22":"pa_veisles-dydis-didelems-veislems","23":"pa_veisles-dydis-mazoms-veislems","24":"pa_veisles-dydis-vidutinems-veislems","25":"pa_veisles-dydis-visu-dydziu-veislems","27":"first","28":"outofstock","29":"featured","30":"taxable","31":"shipping-taxable","32":"purchasable","33":"product-type-simple"},"acf":[],"_links":{"self":[{"href":"https:\/\/zooprekes24.lt\/et\/wp-json\/wp\/v2\/product\/22249","targetHints":{"allow":["GET"]}}],"collection":[{"href":"https:\/\/zooprekes24.lt\/et\/wp-json\/wp\/v2\/product"}],"about":[{"href":"https:\/\/zooprekes24.lt\/et\/wp-json\/wp\/v2\/types\/product"}],"replies":[{"embeddable":true,"href":"https:\/\/zooprekes24.lt\/et\/wp-json\/wp\/v2\/comments?post=22249"}],"wp:featuredmedia":[{"embeddable":true,"href":"https:\/\/zooprekes24.lt\/et\/wp-json\/wp\/v2\/media\/19185"}],"wp:attachment":[{"href":"https:\/\/zooprekes24.lt\/et\/wp-json\/wp\/v2\/media?parent=22249"}],"wp:term":[{"taxonomy":"product_brand","embeddable":true,"href":"https:\/\/zooprekes24.lt\/et\/wp-json\/wp\/v2\/product_brand?post=22249"},{"taxonomy":"product_cat","embeddable":true,"href":"https:\/\/zooprekes24.lt\/et\/wp-json\/wp\/v2\/product_cat?post=22249"},{"taxonomy":"product_tag","embeddable":true,"href":"https:\/\/zooprekes24.lt\/et\/wp-json\/wp\/v2\/product_tag?post=22249"}],"curies":[{"name":"wp","href":"https:\/\/api.w.org\/{rel}","templated":true}]}}