{"id":22246,"date":"2024-04-18T21:20:43","date_gmt":"2024-04-18T18:20:43","guid":{"rendered":"https:\/\/zooprekes24.lt\/produktas\/brit-care-crunchy-snack-insects-lamb\/"},"modified":"2024-06-20T17:05:10","modified_gmt":"2024-06-20T14:05:10","slug":"brit-care-krompsuvad-suupisted-putukad-lambaliha","status":"publish","type":"product","link":"https:\/\/zooprekes24.lt\/et\/produktas\/brit-care-crunchy-snack-insects-lamb\/","title":{"rendered":"Brit Care Crunchy Snack Insects lambalihaga maiuspalad koertele 200 g"},"content":{"rendered":"<h3>Brit Care Crunchy Snack Insects lambalihaga - funktsionaalne toidulisand t\u00e4iskasvanutele <a href=\"https:\/\/zooprekes24.lt\/et\/kategorija\/prekes-sunims\/\" target=\"_blank\" rel=\"noopener\">Koertele<\/a> putukate ja lambalihaga, rikastatud vaarikatega. Sobib preemiaks treeningu ajal v\u00f5i lihtsalt igap\u00e4evaseks maiuspalaks.<\/h3>\n<ul>\n<li>Tervislikud ja maitsvad preemiad.<\/li>\n<li>K\u00f5rge rasvhapete sisaldus terve naha ja l\u00e4ikiva karvkatte tagamiseks.<\/li>\n<li><a href=\"https:\/\/brit-petfood.com\/en\" target=\"_blank\" rel=\"noopener\">Brit<\/a> Care Crunchy Snack aitab s\u00e4ilitada tervislikku seedimistegevust.<\/li>\n<li>Putukavalge - suurep\u00e4rane seeditavus ja madal allergiarisk.<\/li>\n<li>Kliimas\u00f5bralik, taaskasutatav pakend ja v\u00e4ike CO2-jalaj\u00e4lg.<\/li>\n<\/ul>","protected":false},"excerpt":{"rendered":"<p>Brit Care Crunchy Snack Insects with Lamb &#8211; funkcinis pa\u0161aro papildas suaugusiems \u0161unims su vabzd\u017eiais ir \u0117riena, praturtintas aviet\u0117mis. Tinka kaip atlygis dresavimo metu arba tiesiog kaip kasdienis skan\u0117stas. Sveikas ir skanus atlygis. Didelis riebal\u0173 r\u016bg\u0161\u010di\u0173 kiekis sveikai odai ir blizgan\u010diam kailiui. Brit Care Crunchy Snack padeda palaikyti sveik\u0105 vir\u0161kinimo veikl\u0105. Vabzd\u017ei\u0173 baltymai &#8211; puikus&#8230;<\/p>","protected":false},"featured_media":27582,"comment_status":"closed","ping_status":"closed","template":"","meta":{"_acf_changed":false,"slim_seo":{"title":"Brit Care Crunchy Snack Insects with Lamb skan\u0117stai \u0161unims 200 g - Zooprekes24","description":"Brit Care Crunchy Snack Insects with Lamb on funktsionaalne toidulisand t\u00e4iskasvanud koertele, mis sisaldab vaarikatega rikastatud putukaid ja lambaliha. Sobib preemiaks dre"},"iawp_total_views":60},"product_brand":[],"product_cat":[9029,9032,8999,31,30],"product_tag":[871,4591,385,386,391],"class_list":{"0":"post-22246","1":"product","2":"type-product","3":"status-publish","4":"has-post-thumbnail","6":"product_cat-brit-care","7":"product_cat-sausainiai-ir-kepinukai","8":"product_cat-sunims","9":"product_cat-sunu-prekiu-gamintojai","10":"product_cat-sunu-skanestai","11":"product_tag-brit-skanestai-suniui","12":"product_tag-funkciniai-skanestai-sunims","13":"product_tag-skanestas-suns-dresiravimui","14":"product_tag-skanukai-sunims","15":"product_tag-traskus-skanestai-sunims","16":"pa_pasaro-sudetis-darzoves","17":"pa_pasaro-sudetis-eriena","18":"pa_pasaro-sudetis-kepeneles","19":"pa_pasaro-sudetis-vabzdziai","20":"pa_pasaro-sudetis-vaisiai","21":"pa_prekiu-zenklai-brit-care","22":"pa_suns-amzius-suaugusiems","23":"pa_veisles-dydis-didelems-veislems","24":"pa_veisles-dydis-mazoms-veislems","25":"pa_veisles-dydis-vidutinems-veislems","26":"pa_veisles-dydis-visu-dydziu-veislems","28":"first","29":"instock","30":"featured","31":"taxable","32":"shipping-taxable","33":"purchasable","34":"product-type-simple"},"acf":[],"_links":{"self":[{"href":"https:\/\/zooprekes24.lt\/et\/wp-json\/wp\/v2\/product\/22246","targetHints":{"allow":["GET"]}}],"collection":[{"href":"https:\/\/zooprekes24.lt\/et\/wp-json\/wp\/v2\/product"}],"about":[{"href":"https:\/\/zooprekes24.lt\/et\/wp-json\/wp\/v2\/types\/product"}],"replies":[{"embeddable":true,"href":"https:\/\/zooprekes24.lt\/et\/wp-json\/wp\/v2\/comments?post=22246"}],"wp:featuredmedia":[{"embeddable":true,"href":"https:\/\/zooprekes24.lt\/et\/wp-json\/wp\/v2\/media\/27582"}],"wp:attachment":[{"href":"https:\/\/zooprekes24.lt\/et\/wp-json\/wp\/v2\/media?parent=22246"}],"wp:term":[{"taxonomy":"product_brand","embeddable":true,"href":"https:\/\/zooprekes24.lt\/et\/wp-json\/wp\/v2\/product_brand?post=22246"},{"taxonomy":"product_cat","embeddable":true,"href":"https:\/\/zooprekes24.lt\/et\/wp-json\/wp\/v2\/product_cat?post=22246"},{"taxonomy":"product_tag","embeddable":true,"href":"https:\/\/zooprekes24.lt\/et\/wp-json\/wp\/v2\/product_tag?post=22246"}],"curies":[{"name":"wp","href":"https:\/\/api.w.org\/{rel}","templated":true}]}}