{"id":22244,"date":"2024-04-18T21:20:43","date_gmt":"2024-04-18T18:20:43","guid":{"rendered":"https:\/\/zooprekes24.lt\/produktas\/brit-premium-sterilised-multipack\/"},"modified":"2026-04-01T18:43:55","modified_gmt":"2026-04-01T16:43:55","slug":"brit-premium-steriliseeritud-multipack","status":"publish","type":"product","link":"https:\/\/zooprekes24.lt\/et\/produktas\/brit-premium-sterilised-multipack\/","title":{"rendered":"Brit Premium Steriliseeritud Multipack kassikonservid kastmes"},"content":{"rendered":"<h3>Brit Premium Steriliseeritud Multipack Canned in Sauce on tasakaalustatud m\u00e4rja kassitoit kotikeses t\u00e4iskasvanud, steriliseeritud kassidele alates 1 aasta vanusest. See on saadaval 4 erinevas maitses: kana, lambaliha, maks ja l\u00f5he.<\/h3>\n<ul>\n<li><span style=\"vertical-align: inherit\"><span style=\"vertical-align: inherit\"><span style=\"vertical-align: inherit\"><span style=\"vertical-align: inherit\">Ei sisalda kunstlikke v\u00e4rvaineid ega s\u00e4ilitusaineid<\/span><\/span><\/span><\/span>.<\/li>\n<li>4 erinevat maitselist konservi 3 t\u00fcki karbis, kokku 12 t\u00fckki.<\/li>\n<li><span style=\"vertical-align: inherit\"><span style=\"vertical-align: inherit\"><span style=\"vertical-align: inherit\"><span style=\"vertical-align: inherit\"><a href=\"https:\/\/brit-petfood.com\/en\/company-profile\" target=\"_blank\" rel=\"noopener\">Brit<\/a> Premium steriliseeritud mitme pakendi konservikomplekt t\u00e4iskasvanud, steriliseeritud koertele <\/span><\/span><\/span><\/span><a href=\"https:\/\/zooprekes24.lt\/et\/kategorija\/prekes-katems\/\" target=\"_blank\" rel=\"noopener\"><span style=\"vertical-align: inherit\"><span style=\"vertical-align: inherit\"><span style=\"vertical-align: inherit\"><span style=\"vertical-align: inherit\">kasside jaoks<\/span><\/span><\/span><\/span><\/a><span style=\"vertical-align: inherit\"><span style=\"vertical-align: inherit\"><span style=\"vertical-align: inherit\"><span style=\"vertical-align: inherit\">.<\/span><\/span><\/span><\/span><\/li>\n<li>Tauriin, mis on oluline aminohape uriinitoidus, aitab hoida teie kassi s\u00fcdame ja n\u00e4gemise tervist.<\/li>\n<li>Komplektis on k\u00f5ige populaarsemad steriliseeritud kana-, lamba-, maksa- ja l\u00f5hesterilise liha sordid.<\/li>\n<\/ul>","protected":false},"excerpt":{"rendered":"<p>Brit Premium Sterilised Multipack konserv\u0173 rinkinys pada\u017ee &#8211; tai subalansuotas \u0161lapias ka\u010di\u0173 pa\u0161aras mai\u0161elyje, skirtas suaugusioms, sterilizuotoms kat\u0117ms nuo 1 met\u0173 am\u017eiaus. D\u0117\u017eut\u0117je net 4 skirtingi konserv\u0173 skoniai: vi\u0161tienos, \u0117rienos, kepen\u0117li\u0173 ir la\u0161i\u0161os. Sud\u0117tyje n\u0117ra dirbtini\u0173 da\u017eikli\u0173 ir konservant\u0173. D\u0117\u017eut\u0117je 4 skirting\u012f konserv\u0173 skoniai po 3 vnt, bendras konserv\u0173 kiekis &#8211; 12 vnt. Brit Premium&#8230;<\/p>","protected":false},"featured_media":28262,"comment_status":"closed","ping_status":"closed","template":"","meta":{"_acf_changed":false,"slim_seo":{"title":"Brit Premium Sterilised Multipack konserv\u0173 rinkinys kat\u0117ms pada\u017ee - Zooprekes24","description":"Brit Premium Steriliseeritud Multipack Canned in Sauce on tasakaalustatud m\u00e4rja kassitoit kotis t\u00e4iskasvanud, steriliseeritud kassidele alates 1"},"iawp_total_views":219},"product_brand":[],"product_cat":[9048,72,83,25,9020],"product_tag":[5945,5947,5954,4511,2173],"class_list":{"0":"post-22244","1":"product","2":"type-product","3":"status-publish","4":"has-post-thumbnail","6":"product_cat-brit-premium-kaciu-prekiu-gamintojai","7":"product_cat-kaciu-maistas","8":"product_cat-kaciu-prekiu-gamintojai","9":"product_cat-katems","10":"product_cat-slapias-maistas-kaciu-maistas","11":"product_tag-brit-konservu-rinkinys","12":"product_tag-brit-premium-family-plate","13":"product_tag-brit-slapias-maistas-katems","14":"product_tag-konservu-rinkiniai-katems","15":"product_tag-konservuotas-maistas-katems","16":"pa_pasaro-sudetis-eriena","17":"pa_pasaro-sudetis-kepeneles","18":"pa_pasaro-sudetis-lasisa","19":"pa_pasaro-sudetis-vistiena","20":"pa_pasaro-sudetis-zuvis","21":"pa_prekiu-zenklai-brit-premium","23":"first","24":"instock","25":"featured","26":"taxable","27":"shipping-taxable","28":"purchasable","29":"product-type-simple"},"acf":[],"_links":{"self":[{"href":"https:\/\/zooprekes24.lt\/et\/wp-json\/wp\/v2\/product\/22244","targetHints":{"allow":["GET"]}}],"collection":[{"href":"https:\/\/zooprekes24.lt\/et\/wp-json\/wp\/v2\/product"}],"about":[{"href":"https:\/\/zooprekes24.lt\/et\/wp-json\/wp\/v2\/types\/product"}],"replies":[{"embeddable":true,"href":"https:\/\/zooprekes24.lt\/et\/wp-json\/wp\/v2\/comments?post=22244"}],"wp:featuredmedia":[{"embeddable":true,"href":"https:\/\/zooprekes24.lt\/et\/wp-json\/wp\/v2\/media\/28262"}],"wp:attachment":[{"href":"https:\/\/zooprekes24.lt\/et\/wp-json\/wp\/v2\/media?parent=22244"}],"wp:term":[{"taxonomy":"product_brand","embeddable":true,"href":"https:\/\/zooprekes24.lt\/et\/wp-json\/wp\/v2\/product_brand?post=22244"},{"taxonomy":"product_cat","embeddable":true,"href":"https:\/\/zooprekes24.lt\/et\/wp-json\/wp\/v2\/product_cat?post=22244"},{"taxonomy":"product_tag","embeddable":true,"href":"https:\/\/zooprekes24.lt\/et\/wp-json\/wp\/v2\/product_tag?post=22244"}],"curies":[{"name":"wp","href":"https:\/\/api.w.org\/{rel}","templated":true}]}}