{"id":22243,"date":"2024-04-18T21:20:43","date_gmt":"2024-04-18T18:20:43","guid":{"rendered":"https:\/\/zooprekes24.lt\/produktas\/canvit-mobility-skanestai-sunims\/"},"modified":"2024-07-22T15:13:32","modified_gmt":"2024-07-22T12:13:32","slug":"canvit-liikuvuse-skaneerimine-koertele","status":"publish","type":"product","link":"https:\/\/zooprekes24.lt\/et\/produktas\/canvit-mobility-skanestai-sunims\/","title":{"rendered":"Canvit Mobility maiuspalad koertele 200 g"},"content":{"rendered":"<h3>Canvit Mobility - poolniiske funktsionaalne suupiste t\u00e4iskasvanutele ja vanuritele <a href=\"https:\/\/zooprekes24.lt\/et\/kategorija\/prekes-sunims\/\" target=\"_blank\" rel=\"noopener\">Koertele<\/a>liikumisraskuste leevendamiseks ja ennetamiseks. Kondroproteiinide ja toimeainete kombinatsioon aitab loomadel kergemini liikuda.\u00a0<a href=\"https:\/\/www.canvit.cz\/en\/about-us\/\" target=\"_blank\" rel=\"noopener\">Canvit<\/a> ravimi koostist on ajakohastatud:<\/h3>\n<ul>\n<li>C-vitamiin.<\/li>\n<li>Kondroitiin.<\/li>\n<li>Gl\u00fckosamiin.<\/li>\n<li>Munakooremembraan.<\/li>\n<li>Met\u00fc\u00fclsulfon\u00fc\u00fclmetaan (MSM).<\/li>\n<li>Gaury's Lily (taim, r\u00f5ngastatud liaan -)\u00a0<a href=\"https:\/\/lt.wikipedia.org\/wiki\/Gauruotoji_unkarija\" target=\"_blank\" rel=\"noopener\"><em>Uncaria tomentosa<\/em><\/a>).<\/li>\n<\/ul>","protected":false},"excerpt":{"rendered":"<p>Canvit Mobility on poolniiske funktsionaalne suupiste t\u00e4iskasvanud ja vanemaealistele koertele, mis aitab leevendada ja ennetada liikumisprobleeme. Kondroproteiinide ja aktiivsete koostisosade kombinatsioon aitab h\u00f5lbustada liikuvust. Canvit maiuspalad on t\u00e4iendatud C-vitamiini ja kondroitiiniga. Gl\u00fckoosamiin. Munakooremembraan. Met\u00fc\u00fclsulfon\u00fc\u00fclmetaan (MSM). Uncaria tomentosa (r\u00f5ngassamblikuga taim).<\/p>","protected":false},"featured_media":19179,"comment_status":"closed","ping_status":"closed","template":"","meta":{"_acf_changed":false,"slim_seo":{"title":"Canvit Mobility skan\u0117stai \u0161unims 200 g - Zooprekes24","description":"Canvit Mobility on poolniiske funktsionaalne suupiste t\u00e4iskasvanud ja vanemaealistele koertele liikumisprobleemide leevendamiseks ja ennetamiseks. Chondrop"},"iawp_total_views":67},"product_brand":[],"product_cat":[9021,9030,8999,31,30],"product_tag":[4591,385,386],"class_list":{"0":"post-22243","1":"product","2":"type-product","3":"status-publish","4":"has-post-thumbnail","6":"product_cat-canvit-sunims","7":"product_cat-minksti-kramtalai","8":"product_cat-sunims","9":"product_cat-sunu-prekiu-gamintojai","10":"product_cat-sunu-skanestai","11":"product_tag-funkciniai-skanestai-sunims","12":"product_tag-skanestas-suns-dresiravimui","13":"product_tag-skanukai-sunims","14":"pa_pasaro-sudetis-bulves","15":"pa_pasaro-sudetis-kepeneles","16":"pa_pasaro-sudetis-vistiena","17":"pa_prekiu-zenklai-canvit","18":"pa_suns-amzius-senjorams","19":"pa_suns-amzius-suaugusiems","20":"pa_veisles-dydis-didelems-veislems","21":"pa_veisles-dydis-mazoms-veislems","22":"pa_veisles-dydis-vidutinems-veislems","23":"pa_veisles-dydis-visu-dydziu-veislems","25":"first","26":"instock","27":"featured","28":"taxable","29":"shipping-taxable","30":"purchasable","31":"product-type-simple"},"acf":[],"_links":{"self":[{"href":"https:\/\/zooprekes24.lt\/et\/wp-json\/wp\/v2\/product\/22243","targetHints":{"allow":["GET"]}}],"collection":[{"href":"https:\/\/zooprekes24.lt\/et\/wp-json\/wp\/v2\/product"}],"about":[{"href":"https:\/\/zooprekes24.lt\/et\/wp-json\/wp\/v2\/types\/product"}],"replies":[{"embeddable":true,"href":"https:\/\/zooprekes24.lt\/et\/wp-json\/wp\/v2\/comments?post=22243"}],"wp:featuredmedia":[{"embeddable":true,"href":"https:\/\/zooprekes24.lt\/et\/wp-json\/wp\/v2\/media\/19179"}],"wp:attachment":[{"href":"https:\/\/zooprekes24.lt\/et\/wp-json\/wp\/v2\/media?parent=22243"}],"wp:term":[{"taxonomy":"product_brand","embeddable":true,"href":"https:\/\/zooprekes24.lt\/et\/wp-json\/wp\/v2\/product_brand?post=22243"},{"taxonomy":"product_cat","embeddable":true,"href":"https:\/\/zooprekes24.lt\/et\/wp-json\/wp\/v2\/product_cat?post=22243"},{"taxonomy":"product_tag","embeddable":true,"href":"https:\/\/zooprekes24.lt\/et\/wp-json\/wp\/v2\/product_tag?post=22243"}],"curies":[{"name":"wp","href":"https:\/\/api.w.org\/{rel}","templated":true}]}}