{"id":22240,"date":"2024-04-18T21:20:43","date_gmt":"2024-04-18T18:20:43","guid":{"rendered":"https:\/\/zooprekes24.lt\/produktas\/canvit-skin-coat-skanestai-sunims\/"},"modified":"2024-07-22T16:00:53","modified_gmt":"2024-07-22T13:00:53","slug":"canvit-skin-coat-skanestai-sunims","status":"publish","type":"product","link":"https:\/\/zooprekes24.lt\/et\/produktas\/canvit-skin-coat-skanestai-sunims\/","title":{"rendered":"Canvit Skin &amp; Coat maiuspalad koertele 200 g"},"content":{"rendered":"<h3>Canvit Skin &amp; Coat - poolniiske funktsionaalne suupiste t\u00e4iskasvanutele <a href=\"https:\/\/zooprekes24.lt\/et\/kategorija\/prekes-sunims\/\" target=\"_blank\" rel=\"noopener\">Koertele<\/a>n\u00f5udlikuks karvahoolduseks (pikakarvalistele koertele ja lemmikloomadele, kellel on karvade v\u00e4ljalangemine v\u00f5i j\u00e4relkasv). Olulised ained ja vitamiinid parandavad naha taastumist ja karvkatte kvaliteeti. <a href=\"https:\/\/www.canvit.cz\/en\/about-us\/\" target=\"_blank\" rel=\"noopener\">Canvit<\/a> ravimi koostist on ajakohastatud:<\/h3>\n<ul>\n<li>Biotiin.<\/li>\n<li>Marigoldid.<\/li>\n<li>Orgaaniline tsink.<\/li>\n<li>Niatsiinamiid (vitamiin B3).<\/li>\n<li>Heeringa\u00f5li (Extra Omega-3).<\/li>\n<li>Kaltsiumpantotenaat (vitamiin B5).<\/li>\n<\/ul>","protected":false},"excerpt":{"rendered":"<p>Canvit Skin &amp; Coat &#8211; pusiau dr\u0117gnas funkcionalus u\u017ekandis suaugusiems \u0161unims, skirtas reikliai kailio prie\u017ei\u016brai (ilgaplaukiams \u0161unims bei augintiniams kuriems slenka ar atauga plaukai). B\u016btinosios med\u017eiagos ir vitaminai gerina odos regeneracij\u0105 bei kailio kokyb\u0119. Canvit skan\u0117st\u0173 sud\u0117tis papildyta: Biotinu. Medetkomis. Organiniu cinku. Niacinamidu (Vitaminas B3). Silki\u0173 aliejumi (Extra Omega-3). Kalcio pantotenatu (Vitaminas B5).<\/p>","protected":false},"featured_media":19176,"comment_status":"closed","ping_status":"closed","template":"","meta":{"_acf_changed":false,"slim_seo":{"title":"Canvit Skin & Coat skan\u0117stai \u0161unims 200 g - Zooprekes24","description":"Canvit Skin &amp; Coat on poolniiske, funktsionaalne suupiste t\u00e4iskasvanud koertele, n\u00f5udlikuks karvahoolduseks (pikakarvalised koerad ja pika karvaga lemmikloomad)."},"iawp_total_views":70},"product_brand":[],"product_cat":[9021,9030,8999,31,30],"product_tag":[4591,385,386],"class_list":{"0":"post-22240","1":"product","2":"type-product","3":"status-publish","4":"has-post-thumbnail","6":"product_cat-canvit-sunims","7":"product_cat-minksti-kramtalai","8":"product_cat-sunims","9":"product_cat-sunu-prekiu-gamintojai","10":"product_cat-sunu-skanestai","11":"product_tag-funkciniai-skanestai-sunims","12":"product_tag-skanestas-suns-dresiravimui","13":"product_tag-skanukai-sunims","14":"pa_pasaro-sudetis-bulves","15":"pa_pasaro-sudetis-kepeneles","16":"pa_pasaro-sudetis-lasisa","17":"pa_pasaro-sudetis-zuvis","18":"pa_prekiu-zenklai-canvit","19":"pa_suns-amzius-suaugusiems","20":"pa_veisles-dydis-didelems-veislems","21":"pa_veisles-dydis-mazoms-veislems","22":"pa_veisles-dydis-vidutinems-veislems","23":"pa_veisles-dydis-visu-dydziu-veislems","25":"first","26":"instock","27":"featured","28":"taxable","29":"shipping-taxable","30":"purchasable","31":"product-type-simple"},"acf":[],"_links":{"self":[{"href":"https:\/\/zooprekes24.lt\/et\/wp-json\/wp\/v2\/product\/22240","targetHints":{"allow":["GET"]}}],"collection":[{"href":"https:\/\/zooprekes24.lt\/et\/wp-json\/wp\/v2\/product"}],"about":[{"href":"https:\/\/zooprekes24.lt\/et\/wp-json\/wp\/v2\/types\/product"}],"replies":[{"embeddable":true,"href":"https:\/\/zooprekes24.lt\/et\/wp-json\/wp\/v2\/comments?post=22240"}],"wp:featuredmedia":[{"embeddable":true,"href":"https:\/\/zooprekes24.lt\/et\/wp-json\/wp\/v2\/media\/19176"}],"wp:attachment":[{"href":"https:\/\/zooprekes24.lt\/et\/wp-json\/wp\/v2\/media?parent=22240"}],"wp:term":[{"taxonomy":"product_brand","embeddable":true,"href":"https:\/\/zooprekes24.lt\/et\/wp-json\/wp\/v2\/product_brand?post=22240"},{"taxonomy":"product_cat","embeddable":true,"href":"https:\/\/zooprekes24.lt\/et\/wp-json\/wp\/v2\/product_cat?post=22240"},{"taxonomy":"product_tag","embeddable":true,"href":"https:\/\/zooprekes24.lt\/et\/wp-json\/wp\/v2\/product_tag?post=22240"}],"curies":[{"name":"wp","href":"https:\/\/api.w.org\/{rel}","templated":true}]}}