{"id":22232,"date":"2024-04-18T21:20:43","date_gmt":"2024-04-18T18:20:43","guid":{"rendered":"https:\/\/zooprekes24.lt\/produktas\/brit-dental-stick-calm-sunims\/"},"modified":"2026-03-02T14:53:36","modified_gmt":"2026-03-02T12:53:36","slug":"briti-hambaravipulga-rahulikud-sunims","status":"publish","type":"product","link":"https:\/\/zooprekes24.lt\/et\/produktas\/brit-dental-stick-calm-sunims\/","title":{"rendered":"Brit Dental Stick Calm maiuspalad koertele 251 g"},"content":{"rendered":"<h3>Brit Dental Stick Calm - ravib kanepi ja moosiga igale vanusele. <a href=\"https:\/\/zooprekes24.lt\/et\/kategorija\/prekes-sunims\/\" target=\"_blank\" rel=\"noopener\">Koertele<\/a>igap\u00e4evaseks hambaravi. Sobib maitsvaks igap\u00e4evaseks vahepalaks v\u00f5i preemiaks treening- v\u00f5i m\u00e4nguaastate jooksul.<\/h3>\n<ul>\n<li>Kummel on antioks\u00fcdantide allikas.<\/li>\n<li><a href=\"https:\/\/brit-petfood.com\/en\/company-profile\" target=\"_blank\" rel=\"noopener\">Brit<\/a> Hambapulk - gluteenivaba, GMO-vaba, v\u00e4rvainevaba.<\/li>\n<li>Piparm\u00fcnt - antimikroobsed omadused ja v\u00e4rske hinge\u00f5hk.<\/li>\n<li>M\u00e4gilill - s\u00fcdame tervise toetamine, stressivastane toime.<\/li>\n<li>Kanepi ja L-tr\u00fcptofaan - looduslik stressi maandamine ja l\u00f5\u00f5gastumine.<\/li>\n<li>Naatriumheksametafosfaat - hammaste tervis, hambakivi tekke ennetamine.<\/li>\n<\/ul>","protected":false},"excerpt":{"rendered":"<p>Brit Dental Stick Calm &#8211; skan\u0117stai su kanap\u0117mis ir\u00a0sukat\u017eole vis\u0173 am\u017eiaus grupi\u0173 \u0161unims, skirti kasdienei dant\u0173 prie\u017ei\u016brai. Tinkami kaip gardus kasdienis u\u017ekandis arba atlygis treniruo\u010di\u0173 ar \u017eaidim\u0173 met\u0173. Ramun\u0117l\u0117s &#8211; antioksidant\u0173 \u0161altinis. Brit Dental Stick &#8211; be glitimo, be GMO, be da\u017eikli\u0173. M\u0117ta &#8211; antimikrobin\u0117s savyb\u0117s ir gaivus burnos kvapas. Paprastoji sukat\u017eol\u0117 &#8211; \u0161irdies sveikatos&#8230;<\/p>","protected":false},"featured_media":27878,"comment_status":"closed","ping_status":"closed","template":"","meta":{"_acf_changed":false,"slim_seo":{"title":"Brit Dental Stick Calm skan\u0117stai \u0161unims 251 g - Zooprekes24","description":"Brit Dental Stick Calm - h\u00f5rgutised kanepi ja moosiga igas vanuses koertele igap\u00e4evaseks hambahoolduseks. Sobib maitsvaks igap\u00e4evaseks vahepalaks"},"iawp_total_views":242},"product_brand":[],"product_cat":[9029,9039,8999,31,30],"product_tag":[4581,4582,871,1289,1290,1291,1292,792,391],"class_list":{"0":"post-22232","1":"product","2":"type-product","3":"status-publish","4":"has-post-thumbnail","6":"product_cat-brit-care","7":"product_cat-kaulai-ir-susukta-oda","8":"product_cat-sunims","9":"product_cat-sunu-prekiu-gamintojai","10":"product_cat-sunu-skanestai","11":"product_tag-brit-kauliukai-sunims","12":"product_tag-brit-skanestai-dantims","13":"product_tag-brit-skanestai-suniui","14":"product_tag-gaiviam-suns-burnos-kvapui","15":"product_tag-kaulai-suns-dantu-higienai","16":"product_tag-kaulai-sunu-dantims","17":"product_tag-kauliukai-suns-dantims","18":"product_tag-naturalus-skanestai-sunims","19":"product_tag-traskus-skanestai-sunims","20":"pa_pasaro-sudetis-katzole","21":"pa_prekiu-zenklai-brit-care","22":"pa_suns-amzius-jauniems","23":"pa_suns-amzius-senjorams","24":"pa_suns-amzius-suaugusiems","25":"pa_suns-amzius-visiems-amziams","26":"pa_veisles-dydis-didelems-veislems","27":"pa_veisles-dydis-mazoms-veislems","28":"pa_veisles-dydis-vidutinems-veislems","29":"pa_veisles-dydis-visu-dydziu-veislems","31":"first","32":"instock","33":"featured","34":"taxable","35":"shipping-taxable","36":"purchasable","37":"product-type-simple"},"acf":[],"_links":{"self":[{"href":"https:\/\/zooprekes24.lt\/et\/wp-json\/wp\/v2\/product\/22232","targetHints":{"allow":["GET"]}}],"collection":[{"href":"https:\/\/zooprekes24.lt\/et\/wp-json\/wp\/v2\/product"}],"about":[{"href":"https:\/\/zooprekes24.lt\/et\/wp-json\/wp\/v2\/types\/product"}],"replies":[{"embeddable":true,"href":"https:\/\/zooprekes24.lt\/et\/wp-json\/wp\/v2\/comments?post=22232"}],"wp:featuredmedia":[{"embeddable":true,"href":"https:\/\/zooprekes24.lt\/et\/wp-json\/wp\/v2\/media\/27878"}],"wp:attachment":[{"href":"https:\/\/zooprekes24.lt\/et\/wp-json\/wp\/v2\/media?parent=22232"}],"wp:term":[{"taxonomy":"product_brand","embeddable":true,"href":"https:\/\/zooprekes24.lt\/et\/wp-json\/wp\/v2\/product_brand?post=22232"},{"taxonomy":"product_cat","embeddable":true,"href":"https:\/\/zooprekes24.lt\/et\/wp-json\/wp\/v2\/product_cat?post=22232"},{"taxonomy":"product_tag","embeddable":true,"href":"https:\/\/zooprekes24.lt\/et\/wp-json\/wp\/v2\/product_tag?post=22232"}],"curies":[{"name":"wp","href":"https:\/\/api.w.org\/{rel}","templated":true}]}}