{"id":22229,"date":"2024-04-18T21:20:35","date_gmt":"2024-04-18T18:20:35","guid":{"rendered":"https:\/\/zooprekes24.lt\/produktas\/brit-dental-stick-immuno-skanestai-sunims\/"},"modified":"2024-06-28T12:37:12","modified_gmt":"2024-06-28T09:37:12","slug":"briti-hambapulgaga-immunoskoopid-koertele","status":"publish","type":"product","link":"https:\/\/zooprekes24.lt\/et\/produktas\/brit-dental-stick-immuno-skanestai-sunims\/","title":{"rendered":"Brit Dental Stick Immuno maiuspalad koertele 251 g"},"content":{"rendered":"<h3>Brit Dental Stick Immuno - ravib probiootikumide ja kaneeliga igale vanusele. <a href=\"https:\/\/zooprekes24.lt\/et\/kategorija\/prekes-sunims\/\" target=\"_blank\" rel=\"noopener\">Koertele<\/a>igap\u00e4evaseks hambaravi. Sobib maitsvaks igap\u00e4evaseks vahepalaks v\u00f5i preemiaks treening- v\u00f5i m\u00e4nguaastate jooksul.<\/h3>\n<ul>\n<li>Piparm\u00fcnt - v\u00e4rske hinge\u00f5hk.<\/li>\n<li>Kaneel - p\u00f5letikuvastane.<\/li>\n<li>\u03b2-gl\u00fckaanid - terve soolestik ja mikrofloora.<\/li>\n<li>Probiootikumid (Lactobacillus) - immuunsuse toetamine.<\/li>\n<li><a href=\"https:\/\/brit-petfood.com\/en\/company-profile\" target=\"_blank\" rel=\"noopener\">Brit<\/a> Hambapulk - gluteenivaba, GMO-vaba, v\u00e4rvainevaba.<\/li>\n<li>Naatriumheksametafosfaat - hammaste tervis, hambakivi tekke ennetamine.<\/li>\n<\/ul>","protected":false},"excerpt":{"rendered":"<p>Brit Dental Stick Immuno &#8211; skan\u0117stai su probiotikais ir cinamonu vis\u0173 am\u017eiaus grupi\u0173 \u0161unims, skirti kasdienei dant\u0173 prie\u017ei\u016brai. Tinkami kaip gardus kasdienis u\u017ekandis arba atlygis treniruo\u010di\u0173 ar \u017eaidim\u0173 met\u0173. M\u0117ta &#8211; gaivus kvapas i\u0161 burnos. Cinamonas &#8211; prie\u0161u\u017edegiminis poveikis. \u03b2-gliukanai &#8211; sveikas \u017earnynas ir mikroflora. Probiotikai (Lactobacillus) &#8211; imuniteto palaikymas. Brit Dental Stick &#8211; be&#8230;<\/p>","protected":false},"featured_media":27880,"comment_status":"closed","ping_status":"closed","template":"","meta":{"_acf_changed":false,"slim_seo":{"title":"Brit Dental Stick Immuno skan\u0117stai \u0161unims 251 g - Zooprekes24","description":"Brit Dental Stick Immuno - probiootikumide ja kaneeliga maiuspalad igas vanuses koertele igap\u00e4evaseks hambahoolduseks. Sobib maitsva igap\u00e4evase maiuspalana"},"iawp_total_views":131},"product_brand":[],"product_cat":[9029,9039,8999,31,30],"product_tag":[4581,4582,871,1289,1290,1291,1292,792,391],"class_list":{"0":"post-22229","1":"product","2":"type-product","3":"status-publish","4":"has-post-thumbnail","6":"product_cat-brit-care","7":"product_cat-kaulai-ir-susukta-oda","8":"product_cat-sunims","9":"product_cat-sunu-prekiu-gamintojai","10":"product_cat-sunu-skanestai","11":"product_tag-brit-kauliukai-sunims","12":"product_tag-brit-skanestai-dantims","13":"product_tag-brit-skanestai-suniui","14":"product_tag-gaiviam-suns-burnos-kvapui","15":"product_tag-kaulai-suns-dantu-higienai","16":"product_tag-kaulai-sunu-dantims","17":"product_tag-kauliukai-suns-dantims","18":"product_tag-naturalus-skanestai-sunims","19":"product_tag-traskus-skanestai-sunims","20":"pa_prekiu-zenklai-brit-care","21":"pa_suns-amzius-jauniems","22":"pa_suns-amzius-senjorams","23":"pa_suns-amzius-suaugusiems","24":"pa_suns-amzius-visiems-amziams","25":"pa_veisles-dydis-didelems-veislems","26":"pa_veisles-dydis-mazoms-veislems","27":"pa_veisles-dydis-vidutinems-veislems","28":"pa_veisles-dydis-visu-dydziu-veislems","30":"first","31":"instock","32":"featured","33":"taxable","34":"shipping-taxable","35":"purchasable","36":"product-type-simple"},"acf":[],"_links":{"self":[{"href":"https:\/\/zooprekes24.lt\/et\/wp-json\/wp\/v2\/product\/22229","targetHints":{"allow":["GET"]}}],"collection":[{"href":"https:\/\/zooprekes24.lt\/et\/wp-json\/wp\/v2\/product"}],"about":[{"href":"https:\/\/zooprekes24.lt\/et\/wp-json\/wp\/v2\/types\/product"}],"replies":[{"embeddable":true,"href":"https:\/\/zooprekes24.lt\/et\/wp-json\/wp\/v2\/comments?post=22229"}],"wp:featuredmedia":[{"embeddable":true,"href":"https:\/\/zooprekes24.lt\/et\/wp-json\/wp\/v2\/media\/27880"}],"wp:attachment":[{"href":"https:\/\/zooprekes24.lt\/et\/wp-json\/wp\/v2\/media?parent=22229"}],"wp:term":[{"taxonomy":"product_brand","embeddable":true,"href":"https:\/\/zooprekes24.lt\/et\/wp-json\/wp\/v2\/product_brand?post=22229"},{"taxonomy":"product_cat","embeddable":true,"href":"https:\/\/zooprekes24.lt\/et\/wp-json\/wp\/v2\/product_cat?post=22229"},{"taxonomy":"product_tag","embeddable":true,"href":"https:\/\/zooprekes24.lt\/et\/wp-json\/wp\/v2\/product_tag?post=22229"}],"curies":[{"name":"wp","href":"https:\/\/api.w.org\/{rel}","templated":true}]}}