{"id":22223,"date":"2024-04-18T21:20:35","date_gmt":"2024-04-18T18:20:35","guid":{"rendered":"https:\/\/zooprekes24.lt\/produktas\/canvit-probio-katems\/"},"modified":"2026-03-31T17:18:14","modified_gmt":"2026-03-31T15:18:14","slug":"canvit-probio-catems","status":"publish","type":"product","link":"https:\/\/zooprekes24.lt\/et\/produktas\/canvit-probio-katems\/","title":{"rendered":"Canvit Probio toidulisand kassidele 100 g"},"content":{"rendered":"<h3>Canvit Probio - sisaldab Enterococcus faecium'i hea bakteri t\u00fcve, mis stabiliseerib soole limaskesta ja takistab soovimatute, patogeensete mikroorganismide kasvu. Peensooles asub l\u00fcmfis\u00fcsteem, mis on oluline organismi immuuns\u00fcsteemi jaoks. T\u00e4nu probiootilistele bakteritele paraneb soole limaskesta vereringe ja kassi \u00fcldine immuunsus.<\/h3>\n<ul>\n<li>Sobib igale vanusele <a href=\"https:\/\/zooprekes24.lt\/et\/kategorija\/prekes-katems\/\" target=\"_blank\" rel=\"noopener\">kasside jaoks<\/a>.<\/li>\n<li><a href=\"https:\/\/www.canvit.cz\/en\/\" target=\"_blank\" rel=\"noopener\">Canvit<\/a> Probio toidulisandid on saadaval pulbrina.<\/li>\n<li>Aitab ravida seedetrakti haigusi ja k\u00f5hulahtisust.<\/li>\n<li>V\u00e4hendab antibiootikumide kahjulikku m\u00f5ju seedimisele.<\/li>\n<li>Parandab v\u00e4ljaheite konsistentsi ja v\u00e4hendab k\u00f5hupuhitust tundliku seedimisega kassidel.<\/li>\n<\/ul>","protected":false},"excerpt":{"rendered":"<p>Canvit Probio &#8211; sud\u0117tyje yra enterococcus faecium ger\u0173j\u0173 bakterij\u0173 \u0161tamo, kuris stabilizuoja \u017earnyno gleivin\u0119 ir savo veikimu apsaugo nuo nepageidaujam\u0173, patogenini\u0173 mikroorganizm\u0173 dauginimosi. Plonosiose \u017earnose yra limfin\u0117 sistema, kuri turi didel\u0119 reik\u0161m\u0119 organizmo imuninei sistemai. Probiotini\u0173 bakterij\u0173 d\u0117ka yra pagerinama \u017earnyno gleivini\u0173 kraujotaka bei bendras kat\u0117s organizmo atsparumas. Tinkamas vis\u0173 am\u017eiaus grupi\u0173 kat\u0117ms. Canvit Probio&#8230;<\/p>","protected":false},"featured_media":28576,"comment_status":"closed","ping_status":"closed","template":"","meta":{"_acf_changed":false,"slim_seo":{"title":"Canvit Probio maisto papildas kat\u0117ms 100 g - Zooprekes24","description":"Canvit Probio - sisaldab Enterococcus faecium hea bakteri t\u00fcve, mis stabiliseerib soole limaskesta ja takistab soovimatu, patogeense"},"iawp_total_views":156},"product_brand":[],"product_cat":[9023,83,25,104,9017],"product_tag":[6142,6143],"class_list":{"0":"post-22223","1":"product","2":"type-product","3":"status-publish","4":"has-post-thumbnail","6":"product_cat-canvit-katems","7":"product_cat-kaciu-prekiu-gamintojai","8":"product_cat-katems","9":"product_cat-kitos-kaciu-prekes","10":"product_cat-vitaminai-ir-papildai-katems","11":"product_tag-gerosios-bakterijos-katems","12":"product_tag-probiotikai-katems","13":"pa_prekiu-zenklai-canvit","15":"first","16":"instock","17":"featured","18":"taxable","19":"shipping-taxable","20":"purchasable","21":"product-type-simple"},"acf":[],"_links":{"self":[{"href":"https:\/\/zooprekes24.lt\/et\/wp-json\/wp\/v2\/product\/22223","targetHints":{"allow":["GET"]}}],"collection":[{"href":"https:\/\/zooprekes24.lt\/et\/wp-json\/wp\/v2\/product"}],"about":[{"href":"https:\/\/zooprekes24.lt\/et\/wp-json\/wp\/v2\/types\/product"}],"replies":[{"embeddable":true,"href":"https:\/\/zooprekes24.lt\/et\/wp-json\/wp\/v2\/comments?post=22223"}],"wp:featuredmedia":[{"embeddable":true,"href":"https:\/\/zooprekes24.lt\/et\/wp-json\/wp\/v2\/media\/28576"}],"wp:attachment":[{"href":"https:\/\/zooprekes24.lt\/et\/wp-json\/wp\/v2\/media?parent=22223"}],"wp:term":[{"taxonomy":"product_brand","embeddable":true,"href":"https:\/\/zooprekes24.lt\/et\/wp-json\/wp\/v2\/product_brand?post=22223"},{"taxonomy":"product_cat","embeddable":true,"href":"https:\/\/zooprekes24.lt\/et\/wp-json\/wp\/v2\/product_cat?post=22223"},{"taxonomy":"product_tag","embeddable":true,"href":"https:\/\/zooprekes24.lt\/et\/wp-json\/wp\/v2\/product_tag?post=22223"}],"curies":[{"name":"wp","href":"https:\/\/api.w.org\/{rel}","templated":true}]}}