{"id":22222,"date":"2024-04-18T21:20:35","date_gmt":"2024-04-18T18:20:35","guid":{"rendered":"https:\/\/zooprekes24.lt\/produktas\/canvit-multi-katems\/"},"modified":"2026-03-31T17:54:15","modified_gmt":"2026-03-31T15:54:15","slug":"canvit-multi-catems","status":"publish","type":"product","link":"https:\/\/zooprekes24.lt\/et\/produktas\/canvit-multi-katems\/","title":{"rendered":"Canvit Multi toidulisand kassidele 100 g"},"content":{"rendered":"<h3>Canvit Multi - vitamiinid pakuvad teie kassile igap\u00e4evast kasu tervisele. Kompleks sisaldab tasakaalustatud kombinatsiooni 13-st olulisest vitamiinist, mis toetavad \u00fcldist heaolu, immuuns\u00fcsteemi, m\u00e4lu ja s\u00fcdame-veresoonkonna s\u00fcsteemi.<\/h3>\n<ul>\n<li>Toetab kassim\u00e4lufunktsiooni.<\/li>\n<li><a href=\"https:\/\/zooprekes24.lt\/et\/toode\/brit-care-multivitamiinipasta\/\" target=\"_blank\" rel=\"noopener\">Aitab s\u00e4ilitada teie lemmiklooma heaolu.<\/a><\/li>\n<li>Tablettide kujul (100 g - 100 tabl.).<\/li>\n<li>Tugevdab s\u00fcdant, immuuns\u00fcsteemi ja veresoonkonda.<\/li>\n<li>Sobib t\u00e4iskasvanutele ning tiinetele ja imetavatele kassidele.<\/li>\n<li><a href=\"https:\/\/www.canvit.cz\/en\/\" target=\"_blank\" rel=\"noopener\">Canvit<\/a> Koostist t\u00e4iendab 13 olulise vitamiini tasakaalustatud kombinatsioon.<\/li>\n<\/ul>","protected":false},"excerpt":{"rendered":"<p>Canvit Multi - vitamiinid pakuvad teie kassile igap\u00e4evast kasu tervisele. Kompleks sisaldab tasakaalustatud kombinatsiooni 13-st olulisest vitamiinist, mis toetavad \u00fcldist heaolu, immuuns\u00fcsteemi, m\u00e4lu ja s\u00fcdame-veresoonkonna s\u00fcsteemi. Toetab kassi m\u00e4lufunktsiooni. Aitab s\u00e4ilitada lemmiklooma heaolu. Toidulisandid tablettide kujul (100 g - 100 tabl.). Tugevdab s\u00fcdame-, immuuns\u00fcsteemi ja veresoonkonda. Sobib t\u00e4iskasvanutele...<\/p>","protected":false},"featured_media":19158,"comment_status":"closed","ping_status":"closed","template":"","meta":{"_acf_changed":false,"slim_seo":{"title":"Canvit Multi maisto papildas kat\u0117ms 100 g - Zooprekes24","description":"Canvit Multi - vitamiinid pakuvad teie kassile igap\u00e4evast kasu tervisele. Kompleks sisaldab tasakaalustatud kombinatsiooni 13-st olulisest vitamiinist, et toetada head \u00fcldist tervist."},"iawp_total_views":56},"product_brand":[],"product_cat":[9023,83,25,104,9017],"product_tag":[],"class_list":{"0":"post-22222","1":"product","2":"type-product","3":"status-publish","4":"has-post-thumbnail","6":"product_cat-canvit-katems","7":"product_cat-kaciu-prekiu-gamintojai","8":"product_cat-katems","9":"product_cat-kitos-kaciu-prekes","10":"product_cat-vitaminai-ir-papildai-katems","11":"pa_prekiu-zenklai-canvit","13":"first","14":"instock","15":"featured","16":"taxable","17":"shipping-taxable","18":"purchasable","19":"product-type-simple"},"acf":[],"_links":{"self":[{"href":"https:\/\/zooprekes24.lt\/et\/wp-json\/wp\/v2\/product\/22222","targetHints":{"allow":["GET"]}}],"collection":[{"href":"https:\/\/zooprekes24.lt\/et\/wp-json\/wp\/v2\/product"}],"about":[{"href":"https:\/\/zooprekes24.lt\/et\/wp-json\/wp\/v2\/types\/product"}],"replies":[{"embeddable":true,"href":"https:\/\/zooprekes24.lt\/et\/wp-json\/wp\/v2\/comments?post=22222"}],"wp:featuredmedia":[{"embeddable":true,"href":"https:\/\/zooprekes24.lt\/et\/wp-json\/wp\/v2\/media\/19158"}],"wp:attachment":[{"href":"https:\/\/zooprekes24.lt\/et\/wp-json\/wp\/v2\/media?parent=22222"}],"wp:term":[{"taxonomy":"product_brand","embeddable":true,"href":"https:\/\/zooprekes24.lt\/et\/wp-json\/wp\/v2\/product_brand?post=22222"},{"taxonomy":"product_cat","embeddable":true,"href":"https:\/\/zooprekes24.lt\/et\/wp-json\/wp\/v2\/product_cat?post=22222"},{"taxonomy":"product_tag","embeddable":true,"href":"https:\/\/zooprekes24.lt\/et\/wp-json\/wp\/v2\/product_tag?post=22222"}],"curies":[{"name":"wp","href":"https:\/\/api.w.org\/{rel}","templated":true}]}}