{"id":22221,"date":"2024-04-18T21:20:35","date_gmt":"2024-04-18T18:20:35","guid":{"rendered":"https:\/\/zooprekes24.lt\/produktas\/canvit-chondro-katems\/"},"modified":"2026-03-31T17:44:42","modified_gmt":"2026-03-31T15:44:42","slug":"canvit-chondro-katems","status":"publish","type":"product","link":"https:\/\/zooprekes24.lt\/et\/produktas\/canvit-chondro-katems\/","title":{"rendered":"Canvit Chondro toidulisand kassidele 100 g"},"content":{"rendered":"<h3>Canvit Chondro sisaldab k\u00f5hrekaitset ja bioloogiliselt aktiivseid aineid: kondroitiinsulfaat, gl\u00fckoosamiinsulfaat, kollageen, C-vitamiin ja orgaanilised mikroelemendid. Need ained tugevdavad kassi k\u00f5hre, k\u00f5\u00f5luseid ja sidemeteid, aitavad kaasa kollageeni moodustumisele ja suurendavad mehaanilist vastupidavust.<\/h3>\n<ul>\n<li>Tablettide kujul (100 g - 100 tabl.).<\/li>\n<li>Ideaalne toidulisand liikumisprobleemide ennetamiseks.<\/li>\n<li>Tugevdab k\u00f5hre, aitab kaasa kollageeni moodustumisele ja suurendab mehaanilist vastupidavust.<\/li>\n<li>Soodustab liigeste taastumist ja parandab looma liikuvust \u00e4\u00e4rmiselt l\u00fchikese aja jooksul.<\/li>\n<li><a href=\"https:\/\/www.canvit.cz\/en\/\" target=\"_blank\" rel=\"noopener noreferrer\">Canvit<\/a> Chondro on t\u00e4iuslik kombinatsioon k\u00f5hrega kaitsvatest ja bioaktiivsetest ainetest.<\/li>\n<li>Rikkalikult kondroitiinsulfaati, gl\u00fckosamiinsulfaati ja kollageeni, <a href=\"https:\/\/zooprekes24.lt\/et\/?s=vitamino+c&amp;post_type=product&amp;product_cat=0\" target=\"_blank\" rel=\"noopener noreferrer\">c-vitamiin<\/a> ja orgaaniliste mikroelementide allikas.<\/li>\n<\/ul>","protected":false},"excerpt":{"rendered":"<p>Canvit Chondro sud\u0117tyje yra kremzles apsaugan\u010di\u0173 ir biologi\u0161kai aktyvi\u0173 med\u017eiag\u0173: chondroitino sulfato, gliukozamino sulfato, kolageno, vitamino c ir organini\u0173 mikroelement\u0173. \u0160ios med\u017eiagos stiprina kat\u0117s kremzles, sausgysles ir rais\u010dius, padeda susidaryti kolagenui ir didina mechanin\u012f atsparum\u0105. Papild\u0173 forma &#8211; tablet\u0117s (100 g &#8211; 100 tabl.). Idealus papildas judrumo sunkum\u0173 prevencijai. Stiprina kremzles, padeda susidaryti kolagenui ir&#8230;<\/p>","protected":false},"featured_media":19157,"comment_status":"closed","ping_status":"closed","template":"","meta":{"_acf_changed":false,"slim_seo":{"title":"Canvit Chondro maisto papildas kat\u0117ms 100 g - Zooprekes24","description":"Canvit Chondro sisaldab k\u00f5hrekaitset ja bioloogiliselt aktiivseid koostisosi: kondroitiinsulfaat, gl\u00fckoosamiinsulfaat, kollageen, C-vitamiin ja orgaaniline"},"iawp_total_views":50},"product_brand":[],"product_cat":[9023,83,25,104,9017],"product_tag":[],"class_list":{"0":"post-22221","1":"product","2":"type-product","3":"status-publish","4":"has-post-thumbnail","6":"product_cat-canvit-katems","7":"product_cat-kaciu-prekiu-gamintojai","8":"product_cat-katems","9":"product_cat-kitos-kaciu-prekes","10":"product_cat-vitaminai-ir-papildai-katems","11":"pa_prekiu-zenklai-canvit","13":"first","14":"instock","15":"featured","16":"taxable","17":"shipping-taxable","18":"purchasable","19":"product-type-simple"},"acf":[],"_links":{"self":[{"href":"https:\/\/zooprekes24.lt\/et\/wp-json\/wp\/v2\/product\/22221","targetHints":{"allow":["GET"]}}],"collection":[{"href":"https:\/\/zooprekes24.lt\/et\/wp-json\/wp\/v2\/product"}],"about":[{"href":"https:\/\/zooprekes24.lt\/et\/wp-json\/wp\/v2\/types\/product"}],"replies":[{"embeddable":true,"href":"https:\/\/zooprekes24.lt\/et\/wp-json\/wp\/v2\/comments?post=22221"}],"wp:featuredmedia":[{"embeddable":true,"href":"https:\/\/zooprekes24.lt\/et\/wp-json\/wp\/v2\/media\/19157"}],"wp:attachment":[{"href":"https:\/\/zooprekes24.lt\/et\/wp-json\/wp\/v2\/media?parent=22221"}],"wp:term":[{"taxonomy":"product_brand","embeddable":true,"href":"https:\/\/zooprekes24.lt\/et\/wp-json\/wp\/v2\/product_brand?post=22221"},{"taxonomy":"product_cat","embeddable":true,"href":"https:\/\/zooprekes24.lt\/et\/wp-json\/wp\/v2\/product_cat?post=22221"},{"taxonomy":"product_tag","embeddable":true,"href":"https:\/\/zooprekes24.lt\/et\/wp-json\/wp\/v2\/product_tag?post=22221"}],"curies":[{"name":"wp","href":"https:\/\/api.w.org\/{rel}","templated":true}]}}