{"id":22220,"date":"2024-04-18T21:20:35","date_gmt":"2024-04-18T18:20:35","guid":{"rendered":"https:\/\/zooprekes24.lt\/produktas\/canvit-biotin-katems\/"},"modified":"2026-03-31T17:20:16","modified_gmt":"2026-03-31T15:20:16","slug":"canvit-biotiin-catem","status":"publish","type":"product","link":"https:\/\/zooprekes24.lt\/et\/produktas\/canvit-biotin-katems\/","title":{"rendered":"Canvit Biotin toidulisand kassidele 100 g"},"content":{"rendered":"<h3>Canvit Biotin - suurep\u00e4rane <a href=\"https:\/\/zooprekes24.lt\/et\/kategorija\/prekes-katems\/muud-kassikaubad\/kassid-tervisele\/\" target=\"_blank\" rel=\"noopener\">vitamiinid<\/a> l\u00e4ikiva karvkatte saavutamiseks ning naha ja karvkatte seisundi taastamiseks.<\/h3>\n<ul>\n<li>Aitab s\u00e4ilitada terve ja l\u00e4ikiva karvkatte.<\/li>\n<li>M\u00f5jutab positiivselt lemmiklooma k\u00fc\u00fcnte keratiini.<\/li>\n<li>Tablettide kujul (100 g - 100 tabl.).<\/li>\n<li>Sisaldab aktiivset biotiini, tsinki ja B-vitamiine.<\/li>\n<li><a href=\"https:\/\/www.canvit.cz\/en\/\" target=\"_blank\" rel=\"noopener noreferrer\">Canvit<\/a> Metioniini kompleks soodustab terve naha arengut.<\/li>\n<\/ul>","protected":false},"excerpt":{"rendered":"<p>Canvit Biotin - t\u00e4iuslikud vitamiinid l\u00e4ikivaks karvkatteks ning naha ja karvkatte seisundi taastamiseks. Aitab s\u00e4ilitada terve ja l\u00e4ikiva karvkatte. M\u00f5jutab positiivselt lemmiklooma k\u00fc\u00fcnte keratiini. Toidulisandid tablettide kujul (100 g - 100 tabl.). Sisaldab aktiivset biotiini, tsinki, B-vitamiine. Canvit metioniini kompleks soodustab terve naha arengut.<\/p>","protected":false},"featured_media":19156,"comment_status":"closed","ping_status":"closed","template":"","meta":{"_acf_changed":false,"slim_seo":{"title":"Canvit Biotin maisto papildas kat\u0117ms 100 g - Zooprekes24","description":"Canvit Biotin - t\u00e4iuslikud vitamiinid l\u00e4ikivaks karvkatteks ning naha ja karvkatte seisundi taastamiseks. Aitab s\u00e4ilitada terve ja l\u00e4ikiva karvkatte. Omab positiivset m\u00f5ju"},"iawp_total_views":80},"product_brand":[],"product_cat":[9023,83,25,104,9017],"product_tag":[],"class_list":{"0":"post-22220","1":"product","2":"type-product","3":"status-publish","4":"has-post-thumbnail","6":"product_cat-canvit-katems","7":"product_cat-kaciu-prekiu-gamintojai","8":"product_cat-katems","9":"product_cat-kitos-kaciu-prekes","10":"product_cat-vitaminai-ir-papildai-katems","11":"pa_prekiu-zenklai-canvit","13":"first","14":"instock","15":"featured","16":"taxable","17":"shipping-taxable","18":"purchasable","19":"product-type-simple"},"acf":[],"_links":{"self":[{"href":"https:\/\/zooprekes24.lt\/et\/wp-json\/wp\/v2\/product\/22220","targetHints":{"allow":["GET"]}}],"collection":[{"href":"https:\/\/zooprekes24.lt\/et\/wp-json\/wp\/v2\/product"}],"about":[{"href":"https:\/\/zooprekes24.lt\/et\/wp-json\/wp\/v2\/types\/product"}],"replies":[{"embeddable":true,"href":"https:\/\/zooprekes24.lt\/et\/wp-json\/wp\/v2\/comments?post=22220"}],"wp:featuredmedia":[{"embeddable":true,"href":"https:\/\/zooprekes24.lt\/et\/wp-json\/wp\/v2\/media\/19156"}],"wp:attachment":[{"href":"https:\/\/zooprekes24.lt\/et\/wp-json\/wp\/v2\/media?parent=22220"}],"wp:term":[{"taxonomy":"product_brand","embeddable":true,"href":"https:\/\/zooprekes24.lt\/et\/wp-json\/wp\/v2\/product_brand?post=22220"},{"taxonomy":"product_cat","embeddable":true,"href":"https:\/\/zooprekes24.lt\/et\/wp-json\/wp\/v2\/product_cat?post=22220"},{"taxonomy":"product_tag","embeddable":true,"href":"https:\/\/zooprekes24.lt\/et\/wp-json\/wp\/v2\/product_tag?post=22220"}],"curies":[{"name":"wp","href":"https:\/\/api.w.org\/{rel}","templated":true}]}}