{"id":22219,"date":"2024-04-18T21:20:35","date_gmt":"2024-04-18T18:20:35","guid":{"rendered":"https:\/\/zooprekes24.lt\/produktas\/canvit-spirulina-sunims-ir-katems\/"},"modified":"2026-03-31T18:03:16","modified_gmt":"2026-03-31T16:03:16","slug":"canvit-spirulina-koertele-ja-kassidele","status":"publish","type":"product","link":"https:\/\/zooprekes24.lt\/et\/produktas\/canvit-spirulina-sunims-ir-katems\/","title":{"rendered":"Canvit Spirulina toidulisand koertele ja kassidele 90 g"},"content":{"rendered":"<h3>Canvit Spirulina on looduslik s\u00f6\u00f6dalisand, mis sisaldab kompleksset loodusliku valgu allikat (60-70 %), k\u00f5rget aminohappesisaldust, B-, D-, E- ja K-vitamiine, erinevaid mineraalaineid ja rauda. Suurep\u00e4rane kontsentreeritud ja kergesti seeditavate toitainete allikas teie lemmiklooma igap\u00e4evaseks toitumiseks.<\/h3>\n<ul>\n<li>Toidulisandid on saadaval pulbrina.<\/li>\n<li>Sobib igas vanuses ja t\u00f5ugu koertele ning <a href=\"https:\/\/zooprekes24.lt\/et\/kategorija\/prekes-katems\/\" target=\"_blank\" rel=\"noopener\">kasside jaoks<\/a>.<\/li>\n<li>Soovitatav nii stressi all olevatele kui ka aktiivsetele lemmikloomadele.<\/li>\n<li><a href=\"https:\/\/www.canvit.cz\/en\/\" target=\"_blank\" rel=\"noopener\">Canvit<\/a> Spirulina toidulisand on suurep\u00e4rane valik lemmikloomadele, keda toidetakse BARF-dieediga.<\/li>\n<li>Toidulisandit v\u00f5ib kasutada igap\u00e4evaselt immuuns\u00fcsteemi tugevdamiseks ja optimaalse f\u00fc\u00fcsilise seisundi s\u00e4ilitamiseks.<\/li>\n<li>Spirulina avaldab positiivset m\u00f5ju lemmiklooma eluj\u00f5ulisusele, \u00fcldisele organismi toimimisele ja organismi kaitsemehhanismidele.<\/li>\n<\/ul>","protected":false},"excerpt":{"rendered":"<p>Canvit Spirulina &#8211; nat\u016bralus pa\u0161aro papildas kuriame yra kompleksinis nat\u016brali\u0173 baltym\u0173 \u0161altinis (60-70 %), didelis kiekis amino r\u016bg\u0161\u010di\u0173, B, D, E, K vitamin\u0173, \u012fvairi\u0173 mineral\u0173 ir gele\u017eies. Puikus koncentruot\u0173 ir lengvai vir\u0161kinam\u0173 maisting\u0173 med\u017eiag\u0173 \u0161altinis J\u016bs\u0173 kasdienei augintinio mitybai. Papild\u0173 forma &#8211; milteliai. Tinkamas vis\u0173 am\u017eiaus grupi\u0173 ir veisli\u0173 \u0161unims ir kat\u0117ms. Rekomenduojamas augintiniams patiriantiems&#8230;<\/p>","protected":false},"featured_media":19155,"comment_status":"closed","ping_status":"closed","template":"","meta":{"_acf_changed":false,"slim_seo":{"title":"Canvit Spirulina maisto papildas \u0161unims ir kat\u0117ms 90 g - Zooprekes24","description":"Canvit Spirulina - nat\u016bralus pa\u0161aro papildas kuriame yra kompleksinis nat\u016brali\u0173 baltym\u0173 \u0161altinis (60-70 %), didelis kiekis amino r\u016bg\u0161\u010di\u0173, B, D, E, K vitamin\u0173, \u012f"},"iawp_total_views":157},"product_brand":[],"product_cat":[9023,9021,83,25,104,32,8999,31,9022,9017],"product_tag":[3063,2441],"class_list":{"0":"post-22219","1":"product","2":"type-product","3":"status-publish","4":"has-post-thumbnail","6":"product_cat-canvit-katems","7":"product_cat-canvit-sunims","8":"product_cat-kaciu-prekiu-gamintojai","9":"product_cat-katems","10":"product_cat-kitos-kaciu-prekes","11":"product_cat-kitos-sunu-prekes","12":"product_cat-sunims","13":"product_cat-sunu-prekiu-gamintojai","14":"product_cat-vitaminai-ir-papildai-sunims","15":"product_cat-vitaminai-ir-papildai-katems","16":"product_tag-barf-papildai-sunims","17":"product_tag-vitaminai","18":"pa_prekiu-zenklai-canvit","19":"pa_suns-amzius-jauniems","20":"pa_suns-amzius-senjorams","21":"pa_suns-amzius-suaugusiems","22":"pa_suns-amzius-visiems-amziams","23":"pa_veisles-dydis-didelems-veislems","24":"pa_veisles-dydis-mazoms-veislems","25":"pa_veisles-dydis-vidutinems-veislems","26":"pa_veisles-dydis-visu-dydziu-veislems","28":"first","29":"instock","30":"featured","31":"taxable","32":"shipping-taxable","33":"purchasable","34":"product-type-simple"},"acf":[],"_links":{"self":[{"href":"https:\/\/zooprekes24.lt\/et\/wp-json\/wp\/v2\/product\/22219","targetHints":{"allow":["GET"]}}],"collection":[{"href":"https:\/\/zooprekes24.lt\/et\/wp-json\/wp\/v2\/product"}],"about":[{"href":"https:\/\/zooprekes24.lt\/et\/wp-json\/wp\/v2\/types\/product"}],"replies":[{"embeddable":true,"href":"https:\/\/zooprekes24.lt\/et\/wp-json\/wp\/v2\/comments?post=22219"}],"wp:featuredmedia":[{"embeddable":true,"href":"https:\/\/zooprekes24.lt\/et\/wp-json\/wp\/v2\/media\/19155"}],"wp:attachment":[{"href":"https:\/\/zooprekes24.lt\/et\/wp-json\/wp\/v2\/media?parent=22219"}],"wp:term":[{"taxonomy":"product_brand","embeddable":true,"href":"https:\/\/zooprekes24.lt\/et\/wp-json\/wp\/v2\/product_brand?post=22219"},{"taxonomy":"product_cat","embeddable":true,"href":"https:\/\/zooprekes24.lt\/et\/wp-json\/wp\/v2\/product_cat?post=22219"},{"taxonomy":"product_tag","embeddable":true,"href":"https:\/\/zooprekes24.lt\/et\/wp-json\/wp\/v2\/product_tag?post=22219"}],"curies":[{"name":"wp","href":"https:\/\/api.w.org\/{rel}","templated":true}]}}