{"id":22218,"date":"2024-04-18T21:20:35","date_gmt":"2024-04-18T18:20:35","guid":{"rendered":"https:\/\/zooprekes24.lt\/produktas\/canvit-sport-sunims\/"},"modified":"2026-03-31T17:56:34","modified_gmt":"2026-03-31T15:56:34","slug":"canvit-sport-sunims","status":"publish","type":"product","link":"https:\/\/zooprekes24.lt\/et\/produktas\/canvit-sport-sunims\/","title":{"rendered":"Canvit Sport toidulisand koertele 100 g"},"content":{"rendered":"<h3>Canvit Sport &#8211; maisto papildas patenkina didesn\u012f \u0161uns vitamin\u0173 ir mikroelement\u0173 poreik\u012f sportuojant ar kitais aktyvios veiklos laikotarpiais. Sud\u0117tyje yra kazeino ir Omega 3, 6 riebi\u0173j\u0173 r\u016bg\u0161\u010di\u0173, palaikan\u010di\u0173 tinkam\u0105 raumen\u0173, s\u0105nari\u0173 ir sausgysli\u0173 funkcij\u0105 bei greit\u0105 augintinio organizmo atsistatym\u0105.<\/h3>\n<ul>\n<li>Sobib igas vanuses ja t\u00f5ugu koertele.<\/li>\n<li><a href=\"https:\/\/www.canvit.cz\/en\/\" target=\"_blank\" rel=\"noopener\">Canvit<\/a> Sport papild\u0173 forma &#8211; tablet\u0117s ( 100 g &#8211; 100 tabl.).<\/li>\n<li>Kiirendab lihaste taastumist ja energia ainevahetust p\u00e4rast suuremat f\u00fc\u00fcsilist aktiivsust.<\/li>\n<li>Annab vajalikku ja kergesti k\u00e4ttesaadavat energiat treenimiseks ja <a href=\"https:\/\/zooprekes24.lt\/et\/toode\/fitmin-purity-sport-regenereerimine-sunims\/\" target=\"_blank\" rel=\"noopener\">t\u00f6\u00f6koerte jaoks<\/a>.<\/li>\n<li>Toetab treenivate ja t\u00f6\u00f6tavate koerte optimaalset lihaste arengut ja head kehakonda.<\/li>\n<\/ul>","protected":false},"excerpt":{"rendered":"<p>Canvit Sport &#8211; maisto papildas patenkina didesn\u012f \u0161uns vitamin\u0173 ir mikroelement\u0173 poreik\u012f sportuojant ar kitais aktyvios veiklos laikotarpiais. Sud\u0117tyje yra kazeino ir Omega 3, 6 riebi\u0173j\u0173 r\u016bg\u0161\u010di\u0173, palaikan\u010di\u0173 tinkam\u0105 raumen\u0173, s\u0105nari\u0173 ir sausgysli\u0173 funkcij\u0105 bei greit\u0105 augintinio organizmo atsistatym\u0105. Tinkamas vis\u0173 am\u017eiaus grupi\u0173 ir veisli\u0173 \u0161unims. Canvit Sport papild\u0173 forma &#8211; tablet\u0117s ( 100 g&#8230;<\/p>","protected":false},"featured_media":19154,"comment_status":"closed","ping_status":"closed","template":"","meta":{"_acf_changed":false,"slim_seo":{"title":"Canvit Sport maisto papildas \u0161unims 100 g - Zooprekes24","description":"Canvit Sport - maisto papildas patenkina didesn\u012f \u0161uns vitamin\u0173 ir mikroelement\u0173 poreik\u012f sportuojant ar kitais aktyvios veiklos laikotarpiais. Sud\u0117tyje yra kazei"},"iawp_total_views":51},"product_brand":[],"product_cat":[9021,32,8999,31,9022],"product_tag":[3332,2441],"class_list":{"0":"post-22218","1":"product","2":"type-product","3":"status-publish","4":"has-post-thumbnail","6":"product_cat-canvit-sunims","7":"product_cat-kitos-sunu-prekes","8":"product_cat-sunims","9":"product_cat-sunu-prekiu-gamintojai","10":"product_cat-vitaminai-ir-papildai-sunims","11":"product_tag-canvit-vitaminai-suniui","12":"product_tag-vitaminai","13":"pa_prekiu-zenklai-canvit","14":"pa_suns-amzius-jauniems","15":"pa_suns-amzius-senjorams","16":"pa_suns-amzius-suaugusiems","17":"pa_suns-amzius-visiems-amziams","18":"pa_veisles-dydis-didelems-veislems","19":"pa_veisles-dydis-mazoms-veislems","20":"pa_veisles-dydis-vidutinems-veislems","21":"pa_veisles-dydis-visu-dydziu-veislems","23":"first","24":"instock","25":"featured","26":"taxable","27":"shipping-taxable","28":"purchasable","29":"product-type-simple"},"acf":[],"_links":{"self":[{"href":"https:\/\/zooprekes24.lt\/et\/wp-json\/wp\/v2\/product\/22218","targetHints":{"allow":["GET"]}}],"collection":[{"href":"https:\/\/zooprekes24.lt\/et\/wp-json\/wp\/v2\/product"}],"about":[{"href":"https:\/\/zooprekes24.lt\/et\/wp-json\/wp\/v2\/types\/product"}],"replies":[{"embeddable":true,"href":"https:\/\/zooprekes24.lt\/et\/wp-json\/wp\/v2\/comments?post=22218"}],"wp:featuredmedia":[{"embeddable":true,"href":"https:\/\/zooprekes24.lt\/et\/wp-json\/wp\/v2\/media\/19154"}],"wp:attachment":[{"href":"https:\/\/zooprekes24.lt\/et\/wp-json\/wp\/v2\/media?parent=22218"}],"wp:term":[{"taxonomy":"product_brand","embeddable":true,"href":"https:\/\/zooprekes24.lt\/et\/wp-json\/wp\/v2\/product_brand?post=22218"},{"taxonomy":"product_cat","embeddable":true,"href":"https:\/\/zooprekes24.lt\/et\/wp-json\/wp\/v2\/product_cat?post=22218"},{"taxonomy":"product_tag","embeddable":true,"href":"https:\/\/zooprekes24.lt\/et\/wp-json\/wp\/v2\/product_tag?post=22218"}],"curies":[{"name":"wp","href":"https:\/\/api.w.org\/{rel}","templated":true}]}}