{"id":22217,"date":"2024-04-18T21:20:35","date_gmt":"2024-04-18T18:20:35","guid":{"rendered":"https:\/\/zooprekes24.lt\/produktas\/canvit-senior-sunims\/"},"modified":"2026-03-31T17:55:29","modified_gmt":"2026-03-31T15:55:29","slug":"canvit-senior-sunims","status":"publish","type":"product","link":"https:\/\/zooprekes24.lt\/et\/produktas\/canvit-senior-sunims\/","title":{"rendered":"Canvit Senior toidulisand koertele 100 g"},"content":{"rendered":"<h3>Canvit Senior on vitamiinide, orgaaniliste mikroelementide, asendamatute aminohapete ja Omega-3,6 rasvhapete kompleksiga rikastatud koostis. See toidulisand ei aita mitte ainult t\u00f5husalt v\u00e4hendada koerte vananemise s\u00fcmptomeid, vaid ka tugevdada immuuns\u00fcsteemi.<\/h3>\n<ul>\n<li>Sobib k\u00f5ikidele t\u00f5ugudele vanemas eas <a href=\"https:\/\/zooprekes24.lt\/et\/kategorija\/prekes-sunims\/\" target=\"_blank\" rel=\"noopener\">Koertele<\/a>.<\/li>\n<li><a href=\"https:\/\/www.canvit.cz\/en\/\" target=\"_blank\" rel=\"noopener\">Canvit<\/a> Vanemaealiste toidulisandid tablettide kujul (100 g - 100 tabl.).<\/li>\n<li>Soodustab immuuns\u00fcsteemi ja m\u00e4lu vananevatel ja vanematel koertel.<\/li>\n<li>See aeglustab lihasmassi v\u00e4henemist ning avaldab positiivset m\u00f5ju liigestele ja keha \u00fcldisele tervisele.<\/li>\n<li>Aitab v\u00e4hendada ja aeglustada vananemisprotsessi, mis loomulikult toimub vananevatel koertel alates 7. eluaastast.<\/li>\n<\/ul>","protected":false},"excerpt":{"rendered":"<p>Canvit Senior &#8211; sud\u0117tis papildyta vitaminais, organiniais mikroelementais, b\u016btinosiomis aminor\u016bg\u0161timis ir Omega &#8211; 3,6 riebi\u0173j\u0173 r\u016bg\u0161\u010di\u0173 kompleksu. \u0160is maisto papildas padeda ne tik veiksmingai suma\u017einti \u0161uns sen\u0117jimo simptomus bet ir sustiprinti imunin\u0117s sistemos veikl\u0105. Tinkamas vis\u0173 veisli\u0173 vyresnio am\u017eiaus \u0161unims. Canvit Senior papild\u0173 forma &#8211; tablet\u0117s (100 g &#8211; 100 tabl.). Skatina senstan\u010di\u0173 ir vyresnio&#8230;<\/p>","protected":false},"featured_media":19153,"comment_status":"closed","ping_status":"closed","template":"","meta":{"_acf_changed":false,"slim_seo":{"title":"Canvit Senior maisto papildas \u0161unims 100 g - Zooprekes24","description":"Canvit Senior on vitamiinide, orgaaniliste mikroelementide, asendamatute aminohapete ja Omega-3,6 rasvhapete kompleksiga rikastatud koostis. See toidulisand"},"iawp_total_views":157},"product_brand":[],"product_cat":[9021,32,8999,31,9022],"product_tag":[3332,2441,1331],"class_list":{"0":"post-22217","1":"product","2":"type-product","3":"status-publish","4":"has-post-thumbnail","6":"product_cat-canvit-sunims","7":"product_cat-kitos-sunu-prekes","8":"product_cat-sunims","9":"product_cat-sunu-prekiu-gamintojai","10":"product_cat-vitaminai-ir-papildai-sunims","11":"product_tag-canvit-vitaminai-suniui","12":"product_tag-vitaminai","13":"product_tag-vitaminai-senam-suniui","14":"pa_prekiu-zenklai-canvit","15":"pa_suns-amzius-senjorams","16":"pa_veisles-dydis-didelems-veislems","17":"pa_veisles-dydis-mazoms-veislems","18":"pa_veisles-dydis-vidutinems-veislems","19":"pa_veisles-dydis-visu-dydziu-veislems","21":"first","22":"instock","23":"featured","24":"taxable","25":"shipping-taxable","26":"purchasable","27":"product-type-simple"},"acf":[],"_links":{"self":[{"href":"https:\/\/zooprekes24.lt\/et\/wp-json\/wp\/v2\/product\/22217","targetHints":{"allow":["GET"]}}],"collection":[{"href":"https:\/\/zooprekes24.lt\/et\/wp-json\/wp\/v2\/product"}],"about":[{"href":"https:\/\/zooprekes24.lt\/et\/wp-json\/wp\/v2\/types\/product"}],"replies":[{"embeddable":true,"href":"https:\/\/zooprekes24.lt\/et\/wp-json\/wp\/v2\/comments?post=22217"}],"wp:featuredmedia":[{"embeddable":true,"href":"https:\/\/zooprekes24.lt\/et\/wp-json\/wp\/v2\/media\/19153"}],"wp:attachment":[{"href":"https:\/\/zooprekes24.lt\/et\/wp-json\/wp\/v2\/media?parent=22217"}],"wp:term":[{"taxonomy":"product_brand","embeddable":true,"href":"https:\/\/zooprekes24.lt\/et\/wp-json\/wp\/v2\/product_brand?post=22217"},{"taxonomy":"product_cat","embeddable":true,"href":"https:\/\/zooprekes24.lt\/et\/wp-json\/wp\/v2\/product_cat?post=22217"},{"taxonomy":"product_tag","embeddable":true,"href":"https:\/\/zooprekes24.lt\/et\/wp-json\/wp\/v2\/product_tag?post=22217"}],"curies":[{"name":"wp","href":"https:\/\/api.w.org\/{rel}","templated":true}]}}