{"id":22216,"date":"2024-04-18T21:20:35","date_gmt":"2024-04-18T18:20:35","guid":{"rendered":"https:\/\/zooprekes24.lt\/produktas\/canvit-probio-sunims\/"},"modified":"2026-03-31T17:19:04","modified_gmt":"2026-03-31T15:19:04","slug":"canvit-probio-sunims","status":"publish","type":"product","link":"https:\/\/zooprekes24.lt\/et\/produktas\/canvit-probio-sunims\/","title":{"rendered":"Canvit Probio toidulisand koertele 100 g"},"content":{"rendered":"<h3>Canvit Probio - sisaldab Enterococcus faecium'i hea bakteri t\u00fcve, mis stabiliseerib soole limaskesta ja takistab soovimatute, patogeensete mikroorganismide kasvu. Peensooles asub l\u00fcmfis\u00fcsteem, mis on oluline organismi immuuns\u00fcsteemi jaoks. T\u00e4nu probiootilistele bakteritele paraneb soole limaskesta vereringe ja koera \u00fcldine vastupanuv\u00f5ime.<\/h3>\n<ul>\n<li><a href=\"https:\/\/www.canvit.cz\/en\/\" target=\"_blank\" rel=\"noopener\">Canvit<\/a> Probio toidulisandid on saadaval pulbrina.<\/li>\n<li>Sobib igas vanuses ja t\u00f5ugu koertele.<\/li>\n<li>Aitab ravida seedetrakti haigusi ja k\u00f5hulahtisust.<\/li>\n<li>V\u00e4hendab antibiootikumide kahjulikku m\u00f5ju seedimisele.<\/li>\n<li>Parandab v\u00e4ljaheite konsistentsi ja v\u00e4hendab k\u00f5hupuhitust. <a href=\"https:\/\/zooprekes24.lt\/et\/kategorija\/prekes-sunims\/\" target=\"_blank\" rel=\"noopener\">Koertele<\/a>tundliku seedimisega.<\/li>\n<\/ul>","protected":false},"excerpt":{"rendered":"<p>Canvit Probio &#8211; sud\u0117tyje yra enterococcus faecium ger\u0173j\u0173 bakterij\u0173 \u0161tamo, kuris stabilizuoja \u017earnyno gleivin\u0119 ir savo veikimu apsaugo nuo nepageidaujam\u0173, patogenini\u0173 mikroorganizm\u0173 dauginimosi. Plonosiose \u017earnose yra limfin\u0117 sistema, kuri turi didel\u0119 reik\u0161m\u0119 organizmo imuninei sistemai. Probiotini\u0173 bakterij\u0173 d\u0117ka yra pagerinama \u017earnyno gleivini\u0173 kraujotaka bei bendras \u0161uns organizmo atsparumas. Canvit Probio papild\u0173 forma &#8211; milteliai. Tinkamas&#8230;<\/p>","protected":false},"featured_media":19152,"comment_status":"closed","ping_status":"closed","template":"","meta":{"_acf_changed":false,"slim_seo":{"title":"Canvit Probio maisto papildas \u0161unims 100 g - Zooprekes24","description":"Canvit Probio - sisaldab Enterococcus faecium hea bakteri t\u00fcve, mis stabiliseerib soole limaskesta ja takistab soovimatu, patogeense"},"iawp_total_views":130},"product_brand":[],"product_cat":[9021,32,8999,31,9022],"product_tag":[3332],"class_list":{"0":"post-22216","1":"product","2":"type-product","3":"status-publish","4":"has-post-thumbnail","6":"product_cat-canvit-sunims","7":"product_cat-kitos-sunu-prekes","8":"product_cat-sunims","9":"product_cat-sunu-prekiu-gamintojai","10":"product_cat-vitaminai-ir-papildai-sunims","11":"product_tag-canvit-vitaminai-suniui","12":"pa_prekiu-zenklai-canvit","13":"pa_suns-amzius-jauniems","14":"pa_suns-amzius-senjorams","15":"pa_suns-amzius-suaugusiems","16":"pa_suns-amzius-visiems-amziams","17":"pa_veisles-dydis-didelems-veislems","18":"pa_veisles-dydis-mazoms-veislems","19":"pa_veisles-dydis-vidutinems-veislems","20":"pa_veisles-dydis-visu-dydziu-veislems","22":"first","23":"instock","24":"featured","25":"taxable","26":"shipping-taxable","27":"purchasable","28":"product-type-simple"},"acf":[],"_links":{"self":[{"href":"https:\/\/zooprekes24.lt\/et\/wp-json\/wp\/v2\/product\/22216","targetHints":{"allow":["GET"]}}],"collection":[{"href":"https:\/\/zooprekes24.lt\/et\/wp-json\/wp\/v2\/product"}],"about":[{"href":"https:\/\/zooprekes24.lt\/et\/wp-json\/wp\/v2\/types\/product"}],"replies":[{"embeddable":true,"href":"https:\/\/zooprekes24.lt\/et\/wp-json\/wp\/v2\/comments?post=22216"}],"wp:featuredmedia":[{"embeddable":true,"href":"https:\/\/zooprekes24.lt\/et\/wp-json\/wp\/v2\/media\/19152"}],"wp:attachment":[{"href":"https:\/\/zooprekes24.lt\/et\/wp-json\/wp\/v2\/media?parent=22216"}],"wp:term":[{"taxonomy":"product_brand","embeddable":true,"href":"https:\/\/zooprekes24.lt\/et\/wp-json\/wp\/v2\/product_brand?post=22216"},{"taxonomy":"product_cat","embeddable":true,"href":"https:\/\/zooprekes24.lt\/et\/wp-json\/wp\/v2\/product_cat?post=22216"},{"taxonomy":"product_tag","embeddable":true,"href":"https:\/\/zooprekes24.lt\/et\/wp-json\/wp\/v2\/product_tag?post=22216"}],"curies":[{"name":"wp","href":"https:\/\/api.w.org\/{rel}","templated":true}]}}