{"id":22215,"date":"2024-04-18T21:20:35","date_gmt":"2024-04-18T18:20:35","guid":{"rendered":"https:\/\/zooprekes24.lt\/produktas\/canvit-nutrimin-sunims\/"},"modified":"2026-03-31T17:57:57","modified_gmt":"2026-03-31T15:57:57","slug":"canvit-nutrimin-koertele","status":"publish","type":"product","link":"https:\/\/zooprekes24.lt\/et\/produktas\/canvit-nutrimin-sunims\/","title":{"rendered":"Canvit Nutrimin toidulisand koertele 230 g"},"content":{"rendered":"<h3>Canvit Nutrimin - koeratoitude koduse valmistamise puhul on oht, et vitamiinide ja muude oluliste mikrotoitainete tasakaal ei p\u00fcsi. Toidulisand sisaldab k\u00f5iki vajalikke vitamiine, mineraalaineid ja mikroelemente, mis on vajalikud teie koera tervise s\u00e4ilitamiseks. Lisades seda toidulisandit regulaarselt koera kodus valmistatud toidule, tagate, et teie lemmikloom on t\u00e4ielikult varustatud toitainetega ja v\u00e4ldite v\u00f5imalikku vitamiinipuudust.<\/h3>\n<ul>\n<li>Canvit Nutrimin toidulisandid on saadaval pulbrina.<\/li>\n<li><a href=\"https:\/\/zooprekes24.lt\/et\/toode\/fitmin-purity-multivitamiini-sunims\/\" target=\"_blank\" rel=\"noopener\">Aitab s\u00e4ilitada teie lemmiklooma heaolu.<\/a><\/li>\n<li>Sobib igas vanuses ja t\u00f5ugu koertele.<\/li>\n<li>Hoiab \u00e4ra h\u00fcpovitaminoosi ja mineraalainete puuduse BARF-roogi s\u00f6\u00f6tmisel.<\/li>\n<li><a href=\"https:\/\/www.canvit.cz\/en\/\" target=\"_blank\" rel=\"noopener\">Canvit<\/a> Koostist on t\u00e4iendatud 14 erineva vitamiini, mineraali ja mikroelemendi kombinatsiooniga.<\/li>\n<\/ul>","protected":false},"excerpt":{"rendered":"<p>Canvit Nutrimin &#8211; ruo\u0161iant \u0161uniui pa\u0161ar\u0105 namuose i\u0161kyla pavojus, kad nebus i\u0161laikyta tinkama vitamin\u0173 ir kit\u0173 b\u016btin\u0173 maisting\u0173j\u0173 mikroelement\u0173 pusiausvyra. Pa\u0161aro papildo sud\u0117tyje yra visi vitaminai, mineralai ir mikroelementai, b\u016btini J\u016bs\u0173 gerai \u0161uns sveikatai palaikyti. Reguliariai d\u0117dami \u0161\u012f papild\u0105 \u012f \u0161uns maist\u0105 pagamint\u0105 namuose, u\u017etikrinsite, kad J\u016bs\u0173 augintinis bus visapusi\u0161kai apr\u016bpintas maistingosiomis med\u017eiagomis ir i\u0161vengs&#8230;<\/p>","protected":false},"featured_media":19151,"comment_status":"closed","ping_status":"closed","template":"","meta":{"_acf_changed":false,"slim_seo":{"title":"Canvit Nutrimin maisto papildas \u0161unims 230 g - Zooprekes24","description":"Canvit Nutrimin - ruo\u0161iant \u0161uniui pa\u0161ar\u0105 namuose i\u0161kyla pavojus, kad nebus i\u0161laikyta tinkama vitamin\u0173 ir kit\u0173 b\u016btin\u0173 maisting\u0173j\u0173 mikroelement\u0173 pusiausvyra. Pa\u0161a"},"iawp_total_views":49},"product_brand":[],"product_cat":[9021,32,8999,31,9022],"product_tag":[3063,3332,2441],"class_list":{"0":"post-22215","1":"product","2":"type-product","3":"status-publish","4":"has-post-thumbnail","6":"product_cat-canvit-sunims","7":"product_cat-kitos-sunu-prekes","8":"product_cat-sunims","9":"product_cat-sunu-prekiu-gamintojai","10":"product_cat-vitaminai-ir-papildai-sunims","11":"product_tag-barf-papildai-sunims","12":"product_tag-canvit-vitaminai-suniui","13":"product_tag-vitaminai","14":"pa_prekiu-zenklai-canvit","15":"pa_suns-amzius-jauniems","16":"pa_suns-amzius-senjorams","17":"pa_suns-amzius-suaugusiems","18":"pa_suns-amzius-visiems-amziams","19":"pa_veisles-dydis-didelems-veislems","20":"pa_veisles-dydis-mazoms-veislems","21":"pa_veisles-dydis-vidutinems-veislems","22":"pa_veisles-dydis-visu-dydziu-veislems","24":"first","25":"instock","26":"featured","27":"taxable","28":"shipping-taxable","29":"purchasable","30":"product-type-simple"},"acf":[],"_links":{"self":[{"href":"https:\/\/zooprekes24.lt\/et\/wp-json\/wp\/v2\/product\/22215","targetHints":{"allow":["GET"]}}],"collection":[{"href":"https:\/\/zooprekes24.lt\/et\/wp-json\/wp\/v2\/product"}],"about":[{"href":"https:\/\/zooprekes24.lt\/et\/wp-json\/wp\/v2\/types\/product"}],"replies":[{"embeddable":true,"href":"https:\/\/zooprekes24.lt\/et\/wp-json\/wp\/v2\/comments?post=22215"}],"wp:featuredmedia":[{"embeddable":true,"href":"https:\/\/zooprekes24.lt\/et\/wp-json\/wp\/v2\/media\/19151"}],"wp:attachment":[{"href":"https:\/\/zooprekes24.lt\/et\/wp-json\/wp\/v2\/media?parent=22215"}],"wp:term":[{"taxonomy":"product_brand","embeddable":true,"href":"https:\/\/zooprekes24.lt\/et\/wp-json\/wp\/v2\/product_brand?post=22215"},{"taxonomy":"product_cat","embeddable":true,"href":"https:\/\/zooprekes24.lt\/et\/wp-json\/wp\/v2\/product_cat?post=22215"},{"taxonomy":"product_tag","embeddable":true,"href":"https:\/\/zooprekes24.lt\/et\/wp-json\/wp\/v2\/product_tag?post=22215"}],"curies":[{"name":"wp","href":"https:\/\/api.w.org\/{rel}","templated":true}]}}