{"id":22214,"date":"2024-04-18T21:20:35","date_gmt":"2024-04-18T18:20:35","guid":{"rendered":"https:\/\/zooprekes24.lt\/produktas\/canvit-junior-suniukams\/"},"modified":"2026-03-31T17:52:59","modified_gmt":"2026-03-31T15:52:59","slug":"canvit-junior-kutsikatele","status":"publish","type":"product","link":"https:\/\/zooprekes24.lt\/et\/produktas\/canvit-junior-suniukams\/","title":{"rendered":"Canvit Junior toidulisand kutsikatele 100 g"},"content":{"rendered":"<h3>Canvit Junior -<a href=\"https:\/\/zooprekes24.lt\/et\/kategorija\/prekes-sunims\/muud-koeratooted\/koera-tervis\/\" target=\"_blank\" rel=\"noopener\"> toidulisand<\/a> on suurep\u00e4rane oluliste toitainete allikas, mis on rikastatud k\u00fcllastumata Omega-3 ja Omega-6 rasvhapetega, mis m\u00e4ngivad olulist rolli teie kutsika aju arengus. Prebiootikumid ja probiootikumid tagavad kasvavate koerte seedes\u00fcsteemi n\u00f5uetekohase arengu.<\/h3>\n<ul>\n<li>Edendab seedes\u00fcsteemi kaitset ja tagab optimaalse seedimise.<\/li>\n<li><a href=\"https:\/\/www.canvit.cz\/en\/\" target=\"_blank\" rel=\"noopener\">Canvit<\/a> Junior toetab kutsikate ja kasvavate koerte korralikku luu-, liigese- ja lihasarengut.<\/li>\n<li>Aminohapped, vitamiinid, k\u00fcllastumata rasvhapped, prebiootikumid ja probiootikumid toetavad tervislikku f\u00fc\u00fcsilist kasvu ja aktiivsust.<\/li>\n<\/ul>","protected":false},"excerpt":{"rendered":"<p>Canvit Junior &#8211; maisto papildas yra puikus svarbi\u0173 med\u017eiag\u0173 \u0161altinis, sustiprintas neso\u010diosiomis Omega-3 ir Omega-6 riebal\u0173 r\u016bg\u0161timis, kurios vaidina svarb\u0173 vaidmen\u012f vystantis \u0161uniuko smegenims. Prebiotikai ir probiotikai u\u017etikrina tinkam\u0105 augan\u010di\u0173 \u0161un\u0173 vir\u0161kinimo sistemos vystym\u0105si. Skatina vir\u0161kinimo sistemos apsaug\u0105 ir u\u017etikrina optimal\u0173 vir\u0161kinim\u0105. Canvit Junior palaiko tinkam\u0105 \u0161uniuk\u0173 ir augan\u010di\u0173 \u0161un\u0173 kaul\u0173, s\u0105nari\u0173 ir raumen\u0173 vystym\u0105si&#8230;.<\/p>","protected":false},"featured_media":19150,"comment_status":"closed","ping_status":"closed","template":"","meta":{"_acf_changed":false,"slim_seo":{"title":"Canvit Junior maisto papildas \u0161uniukams 100 g - Zooprekes24","description":"Canvit Junior - maisto papildas yra puikus svarbi\u0173 med\u017eiag\u0173 \u0161altinis, sustiprintas neso\u010diosiomis Omega-3 ir Omega-6 riebal\u0173 r\u016bg\u0161timis, kurios vaidina svarb\u0173 vai"},"iawp_total_views":54},"product_brand":[],"product_cat":[9021,32,8999,31,9022],"product_tag":[2441],"class_list":{"0":"post-22214","1":"product","2":"type-product","3":"status-publish","4":"has-post-thumbnail","6":"product_cat-canvit-sunims","7":"product_cat-kitos-sunu-prekes","8":"product_cat-sunims","9":"product_cat-sunu-prekiu-gamintojai","10":"product_cat-vitaminai-ir-papildai-sunims","11":"product_tag-vitaminai","12":"pa_prekiu-zenklai-canvit","13":"pa_suns-amzius-jauniems","14":"pa_veisles-dydis-mazoms-veislems","15":"pa_veisles-dydis-vidutinems-veislems","17":"first","18":"instock","19":"featured","20":"taxable","21":"shipping-taxable","22":"purchasable","23":"product-type-simple"},"acf":[],"_links":{"self":[{"href":"https:\/\/zooprekes24.lt\/et\/wp-json\/wp\/v2\/product\/22214","targetHints":{"allow":["GET"]}}],"collection":[{"href":"https:\/\/zooprekes24.lt\/et\/wp-json\/wp\/v2\/product"}],"about":[{"href":"https:\/\/zooprekes24.lt\/et\/wp-json\/wp\/v2\/types\/product"}],"replies":[{"embeddable":true,"href":"https:\/\/zooprekes24.lt\/et\/wp-json\/wp\/v2\/comments?post=22214"}],"wp:featuredmedia":[{"embeddable":true,"href":"https:\/\/zooprekes24.lt\/et\/wp-json\/wp\/v2\/media\/19150"}],"wp:attachment":[{"href":"https:\/\/zooprekes24.lt\/et\/wp-json\/wp\/v2\/media?parent=22214"}],"wp:term":[{"taxonomy":"product_brand","embeddable":true,"href":"https:\/\/zooprekes24.lt\/et\/wp-json\/wp\/v2\/product_brand?post=22214"},{"taxonomy":"product_cat","embeddable":true,"href":"https:\/\/zooprekes24.lt\/et\/wp-json\/wp\/v2\/product_cat?post=22214"},{"taxonomy":"product_tag","embeddable":true,"href":"https:\/\/zooprekes24.lt\/et\/wp-json\/wp\/v2\/product_tag?post=22214"}],"curies":[{"name":"wp","href":"https:\/\/api.w.org\/{rel}","templated":true}]}}