{"id":22213,"date":"2024-04-18T21:20:35","date_gmt":"2024-04-18T18:20:35","guid":{"rendered":"https:\/\/zooprekes24.lt\/produktas\/canvit-immuno-sunims\/"},"modified":"2026-03-31T17:51:28","modified_gmt":"2026-03-31T15:51:28","slug":"canvit-immuno-sunims","status":"publish","type":"product","link":"https:\/\/zooprekes24.lt\/et\/produktas\/canvit-immuno-sunims\/","title":{"rendered":"Canvit Immuno toidulisand koertele 100 g"},"content":{"rendered":"<h3>Canvit Immuno - vitamiinid, mis sisaldavad ainulaadset saccharomyces cerevisiae kompleksi, mis on peamine B-gl\u00fckaanide allikas. <a href=\"https:\/\/zooprekes24.lt\/et\/toode\/fitmin-purity-pikaajaline-immuunsus-sunims\/\" target=\"_blank\" rel=\"noopener\">tugevdab koera immuuns\u00fcsteemi<\/a> ja keha kaitsmine.<\/h3>\n<ul>\n<li><a href=\"https:\/\/www.canvit.cz\/en\/\" target=\"_blank\" rel=\"noopener noreferrer\">Canvit<\/a> Immunolisandid on tablettide kujul (100 tabletti 100 g pakendis).<\/li>\n<li>Saccharomyces cerevisiae, beetagl\u00fckaanid koos A-, B-vitamiinide, tsingi ja seleeniga aitavad tugevdada lemmikloomade n\u00f5rgenenud immuunsust.<\/li>\n<li>Vitamiinid ja orgaanilised mikroelemendid toetavad organismi limaskesta kaitses\u00fcsteemi, mis moodustab loomuliku barj\u00e4\u00e4ri ebasoovitavate keskkonnam\u00f5jude vastu.<\/li>\n<li>T\u00e4iendus sobib \u00e4\u00e4rmuslikes elusituatsioonides, nt f\u00fcsioloogilise stressi ajal, n\u00e4iteks kolimise ajal, kui omanikud l\u00e4hevad puhkusele ja j\u00e4tavad koera teiste hooldada jne.<\/li>\n<\/ul>","protected":false},"excerpt":{"rendered":"<p>Canvit Immuno &#8211; vitamin\u0173 sud\u0117tyje esantis unikalus saccharomyces cerevisiae, pagrindinio B-gliukan\u0173 \u0161altinio, kompleksas stiprina \u0161uns imunin\u0119 sistem\u0105 ir organizmo apsaug\u0105. Canvit Immuno papild\u0173 forma &#8211; tablet\u0117s (100 g pakuot\u0117je yra 100 table\u010di\u0173). Saccharomyces cerevisiae, Beta gliukanai kartu su vitaminais A, B, cinku ir selenu padeda stiprinti nusilpus\u012f augintinio imunitet\u0105. Vitaminai ir organiniai mikroelementai palaiko organizmo&#8230;<\/p>","protected":false},"featured_media":19149,"comment_status":"closed","ping_status":"closed","template":"","meta":{"_acf_changed":false,"slim_seo":{"title":"Canvit Immuno maisto papildas \u0161unims 100 g - Zooprekes24","description":"Canvit Immuno - vitamin\u0173 sud\u0117tyje esantis unikalus saccharomyces cerevisiae, pagrindinio B-gliukan\u0173 \u0161altinio, kompleksas stiprina \u0161uns imunin\u0119 sistem\u0105 ir organi"},"iawp_total_views":51},"product_brand":[],"product_cat":[9021,32,8999,31,9022],"product_tag":[3332,2441],"class_list":{"0":"post-22213","1":"product","2":"type-product","3":"status-publish","4":"has-post-thumbnail","6":"product_cat-canvit-sunims","7":"product_cat-kitos-sunu-prekes","8":"product_cat-sunims","9":"product_cat-sunu-prekiu-gamintojai","10":"product_cat-vitaminai-ir-papildai-sunims","11":"product_tag-canvit-vitaminai-suniui","12":"product_tag-vitaminai","13":"pa_prekiu-zenklai-canvit","14":"pa_suns-amzius-jauniems","15":"pa_suns-amzius-senjorams","16":"pa_suns-amzius-suaugusiems","17":"pa_suns-amzius-visiems-amziams","18":"pa_veisles-dydis-didelems-veislems","19":"pa_veisles-dydis-mazoms-veislems","20":"pa_veisles-dydis-vidutinems-veislems","21":"pa_veisles-dydis-visu-dydziu-veislems","23":"first","24":"instock","25":"featured","26":"taxable","27":"shipping-taxable","28":"purchasable","29":"product-type-simple"},"acf":[],"_links":{"self":[{"href":"https:\/\/zooprekes24.lt\/et\/wp-json\/wp\/v2\/product\/22213","targetHints":{"allow":["GET"]}}],"collection":[{"href":"https:\/\/zooprekes24.lt\/et\/wp-json\/wp\/v2\/product"}],"about":[{"href":"https:\/\/zooprekes24.lt\/et\/wp-json\/wp\/v2\/types\/product"}],"replies":[{"embeddable":true,"href":"https:\/\/zooprekes24.lt\/et\/wp-json\/wp\/v2\/comments?post=22213"}],"wp:featuredmedia":[{"embeddable":true,"href":"https:\/\/zooprekes24.lt\/et\/wp-json\/wp\/v2\/media\/19149"}],"wp:attachment":[{"href":"https:\/\/zooprekes24.lt\/et\/wp-json\/wp\/v2\/media?parent=22213"}],"wp:term":[{"taxonomy":"product_brand","embeddable":true,"href":"https:\/\/zooprekes24.lt\/et\/wp-json\/wp\/v2\/product_brand?post=22213"},{"taxonomy":"product_cat","embeddable":true,"href":"https:\/\/zooprekes24.lt\/et\/wp-json\/wp\/v2\/product_cat?post=22213"},{"taxonomy":"product_tag","embeddable":true,"href":"https:\/\/zooprekes24.lt\/et\/wp-json\/wp\/v2\/product_tag?post=22213"}],"curies":[{"name":"wp","href":"https:\/\/api.w.org\/{rel}","templated":true}]}}