{"id":22202,"date":"2024-04-18T21:20:24","date_gmt":"2024-04-18T18:20:24","guid":{"rendered":"https:\/\/zooprekes24.lt\/produktas\/profine-indoor-sausas-maistas-katems-2kg\/"},"modified":"2024-08-29T15:33:18","modified_gmt":"2024-08-29T12:33:18","slug":"profine-kasside-kuivtoit-siseruumides-2kg","status":"publish","type":"product","link":"https:\/\/zooprekes24.lt\/et\/produktas\/profine-indoor-sausas-maistas-katems-2kg\/","title":{"rendered":"Profine Indoor kasside kuivtoit 2 kg"},"content":{"rendered":"<h3>Profine Indoor - kuivtoit kodus elavatele t\u00e4iskasvanutele <a href=\"https:\/\/zooprekes24.lt\/et\/kategorija\/prekes-katems\/\" target=\"_blank\" rel=\"noopener\">kasside jaoks<\/a>.<\/h3>\n<ul>\n<li><a href=\"https:\/\/www.profinepet.com\" target=\"_blank\" rel=\"noopener\">Profine<\/a> Krevettide ja l\u00f5he\u00f5liga rikastatud toidu koostis soodustab teie lemmiklooma karvkatte ja naha kvaliteeti.<\/li>\n<li>Merevetikad ja prebiootikumid aitavad tasakaalustada positiivset soolestiku mikrofloorat ja suurendada immuunsust.<\/li>\n<li>Looduslikud kiudained ja taimeekstraktid toetavad teie kassi tervislikku seedimist ja h\u00f5lbustavad karvapallide eemaldamist.<\/li>\n<\/ul>","protected":false},"excerpt":{"rendered":"<p>Profine Indoor &#8211; visavertis sausas maistas suaugusioms, namuose gyvenan\u010dioms kat\u0117ms. Profine maisto sud\u0117tis praturtinta kreve\u010di\u0173 ir la\u0161i\u0161\u0173 aliejumi, puosel\u0117ja augintinio kailio ir odos kokyb\u0119. J\u016bros dumbliai ir prebiotikai padeda subalansuoti teigiam\u0105 \u017earnyno mikroflor\u0105 bei sustiprinti imunitet\u0105. Nat\u016bralios skaidulos ir \u017eoleli\u0173 ekstraktai palaiko sveik\u0105 kat\u0117s vir\u0161kinim\u0105 ir palengvina plauk\u0173 kamuoliuk\u0173 pasi\u0161alinim\u0105.<\/p>","protected":false},"featured_media":19136,"comment_status":"closed","ping_status":"closed","template":"","meta":{"_acf_changed":false,"slim_seo":{"title":"Profine Indoor sausas maistas kat\u0117ms 2 kg - Zooprekes24","description":"Profine Indoor on t\u00e4istoit t\u00e4iskasvanud siseruumides elavatele kassidele. Profine on rikastatud krevettide ja l\u00f5he\u00f5liga, mis toidab ja edendab teie kassi tervist."},"iawp_total_views":63},"product_brand":[],"product_cat":[72,83,25,9058,9016],"product_tag":[1675,1682],"class_list":{"0":"post-22202","1":"product","2":"type-product","3":"status-publish","4":"has-post-thumbnail","6":"product_cat-kaciu-maistas","7":"product_cat-kaciu-prekiu-gamintojai","8":"product_cat-katems","9":"product_cat-profine-katems","10":"product_cat-sausas-maistas-kaciu-maistas","11":"product_tag-kaciu-edalas","12":"product_tag-kaciu-maistas-super-premium-klases","13":"pa_pasaro-sudetis-eriena","14":"pa_pasaro-sudetis-kepeneles","15":"pa_pasaro-sudetis-ryziai","16":"pa_pasaro-sudetis-vaisiai","17":"pa_prekiu-zenklai-profine","19":"first","20":"instock","21":"featured","22":"taxable","23":"shipping-taxable","24":"purchasable","25":"product-type-simple"},"acf":[],"_links":{"self":[{"href":"https:\/\/zooprekes24.lt\/et\/wp-json\/wp\/v2\/product\/22202","targetHints":{"allow":["GET"]}}],"collection":[{"href":"https:\/\/zooprekes24.lt\/et\/wp-json\/wp\/v2\/product"}],"about":[{"href":"https:\/\/zooprekes24.lt\/et\/wp-json\/wp\/v2\/types\/product"}],"replies":[{"embeddable":true,"href":"https:\/\/zooprekes24.lt\/et\/wp-json\/wp\/v2\/comments?post=22202"}],"wp:featuredmedia":[{"embeddable":true,"href":"https:\/\/zooprekes24.lt\/et\/wp-json\/wp\/v2\/media\/19136"}],"wp:attachment":[{"href":"https:\/\/zooprekes24.lt\/et\/wp-json\/wp\/v2\/media?parent=22202"}],"wp:term":[{"taxonomy":"product_brand","embeddable":true,"href":"https:\/\/zooprekes24.lt\/et\/wp-json\/wp\/v2\/product_brand?post=22202"},{"taxonomy":"product_cat","embeddable":true,"href":"https:\/\/zooprekes24.lt\/et\/wp-json\/wp\/v2\/product_cat?post=22202"},{"taxonomy":"product_tag","embeddable":true,"href":"https:\/\/zooprekes24.lt\/et\/wp-json\/wp\/v2\/product_tag?post=22202"}],"curies":[{"name":"wp","href":"https:\/\/api.w.org\/{rel}","templated":true}]}}