{"id":22201,"date":"2024-04-18T21:20:24","date_gmt":"2024-04-18T18:20:24","guid":{"rendered":"https:\/\/zooprekes24.lt\/produktas\/profine-sterilised-sausas-maistas-katems\/"},"modified":"2024-08-29T16:14:24","modified_gmt":"2024-08-29T13:14:24","slug":"profine-steriliseeritud-kasside-kuivtoit","status":"publish","type":"product","link":"https:\/\/zooprekes24.lt\/et\/produktas\/profine-sterilised-sausas-maistas-katems\/","title":{"rendered":"Profine Steriliseeritud kuivtoit kassidele 2 kg"},"content":{"rendered":"<h3>Profine Sterilised &#8211; visavertis sausas maistas suaugusioms, <a href=\"https:\/\/zooprekes24.lt\/kategorija\/prekes-katems\/?filters=paskirtis[607]\" target=\"_blank\" rel=\"noopener\">sterilizuotoms kat\u0117ms<\/a>.<\/h3>\n<ul>\n<li>Taurinas palaiko optimal\u0173 \u0161irdies ir kraujagysli\u0173 sistemos darb\u0105.<\/li>\n<li>Subalansuotas magnio ir natrio kiekis skatina kat\u0117s \u0161lapimo tak\u0173 sveikat\u0105.<\/li>\n<li><a href=\"https:\/\/www.profinepet.com\" target=\"_blank\" rel=\"noopener\">Profine<\/a> maisto sud\u0117tis praturtinta kreve\u010di\u0173 ir la\u0161i\u0161\u0173 aliejumi, puosel\u0117ja augintinio kailio ir odos kokyb\u0119.<\/li>\n<\/ul>\n","protected":false},"excerpt":{"rendered":"<p>Profine Sterilised &#8211; visavertis sausas maistas suaugusioms, sterilizuotoms kat\u0117ms. Taurinas palaiko optimal\u0173 \u0161irdies ir kraujagysli\u0173 sistemos darb\u0105. Subalansuotas magnio ir natrio kiekis skatina kat\u0117s \u0161lapimo tak\u0173 sveikat\u0105. Profine maisto sud\u0117tis praturtinta kreve\u010di\u0173 ir la\u0161i\u0161\u0173 aliejumi, puosel\u0117ja augintinio kailio ir odos kokyb\u0119.<\/p>","protected":false},"featured_media":19135,"comment_status":"closed","ping_status":"closed","template":"","meta":{"_acf_changed":false,"slim_seo":{"title":"Profine Sterilised sausas maistas kat\u0117ms 2 kg - Zooprekes24","description":"Profine Steriliseeritud - t\u00e4istoit t\u00e4iskasvanud, steriliseeritud kassidele. Tauriin toetab optimaalset kardiovaskulaarset funktsiooni. Tasakaalustatud"},"iawp_total_views":89},"product_brand":[],"product_cat":[72,83,25,9058,9016],"product_tag":[1675,1682],"class_list":{"0":"post-22201","1":"product","2":"type-product","3":"status-publish","4":"has-post-thumbnail","6":"product_cat-kaciu-maistas","7":"product_cat-kaciu-prekiu-gamintojai","8":"product_cat-katems","9":"product_cat-profine-katems","10":"product_cat-sausas-maistas-kaciu-maistas","11":"product_tag-kaciu-edalas","12":"product_tag-kaciu-maistas-super-premium-klases","13":"pa_pasaro-sudetis-kepeneles","14":"pa_pasaro-sudetis-ryziai","15":"pa_pasaro-sudetis-vaisiai","16":"pa_pasaro-sudetis-vistiena","17":"pa_prekiu-zenklai-profine","19":"first","20":"instock","21":"featured","22":"taxable","23":"shipping-taxable","24":"purchasable","25":"product-type-simple"},"acf":[],"_links":{"self":[{"href":"https:\/\/zooprekes24.lt\/et\/wp-json\/wp\/v2\/product\/22201","targetHints":{"allow":["GET"]}}],"collection":[{"href":"https:\/\/zooprekes24.lt\/et\/wp-json\/wp\/v2\/product"}],"about":[{"href":"https:\/\/zooprekes24.lt\/et\/wp-json\/wp\/v2\/types\/product"}],"replies":[{"embeddable":true,"href":"https:\/\/zooprekes24.lt\/et\/wp-json\/wp\/v2\/comments?post=22201"}],"wp:featuredmedia":[{"embeddable":true,"href":"https:\/\/zooprekes24.lt\/et\/wp-json\/wp\/v2\/media\/19135"}],"wp:attachment":[{"href":"https:\/\/zooprekes24.lt\/et\/wp-json\/wp\/v2\/media?parent=22201"}],"wp:term":[{"taxonomy":"product_brand","embeddable":true,"href":"https:\/\/zooprekes24.lt\/et\/wp-json\/wp\/v2\/product_brand?post=22201"},{"taxonomy":"product_cat","embeddable":true,"href":"https:\/\/zooprekes24.lt\/et\/wp-json\/wp\/v2\/product_cat?post=22201"},{"taxonomy":"product_tag","embeddable":true,"href":"https:\/\/zooprekes24.lt\/et\/wp-json\/wp\/v2\/product_tag?post=22201"}],"curies":[{"name":"wp","href":"https:\/\/api.w.org\/{rel}","templated":true}]}}