{"id":22198,"date":"2024-04-18T21:20:24","date_gmt":"2024-04-18T18:20:24","guid":{"rendered":"https:\/\/zooprekes24.lt\/produktas\/brit-premium-delicate-multipack-jelly\/"},"modified":"2026-04-01T18:45:28","modified_gmt":"2026-04-01T16:45:28","slug":"brit-premium-delikaatne-multipack-tarretis","status":"publish","type":"product","link":"https:\/\/zooprekes24.lt\/et\/produktas\/brit-premium-delicate-multipack-jelly\/","title":{"rendered":"Brit Premium Delicate Multipack konserveeritud komplekt kassidele \u017eelees"},"content":{"rendered":"<h3><span style=\"vertical-align: inherit\"><span style=\"vertical-align: inherit\"><span style=\"vertical-align: inherit\"><span style=\"vertical-align: inherit\">Brit Premium Delicate Multipack konserveeritud \u017eelee komplekt - <\/span><\/span><\/span><\/span>on tasakaalustatud niiske kassitoit kotis t\u00e4iskasvanud kassidele alates 1 aasta vanusest. Karbis on 4 erinevat maitset: kana, l\u00f5he, veiseliha ja forell.<\/h3>\n<ul>\n<li><span style=\"vertical-align: inherit\"><span style=\"vertical-align: inherit\"><span style=\"vertical-align: inherit\"><span style=\"vertical-align: inherit\">Ei sisalda kunstlikke v\u00e4rvaineid ega s\u00e4ilitusaineid<\/span><\/span><\/span><\/span>.<\/li>\n<li>Komplekti kuuluvad k\u00f5ige populaarsemad kana-, l\u00f5he-, veise- ja forellikonservid.<\/li>\n<li>4 erinevat maitselist konservi 3 t\u00fcki karbis, kokku 12 t\u00fckki.<\/li>\n<li><span style=\"vertical-align: inherit\"><span style=\"vertical-align: inherit\"><span style=\"vertical-align: inherit\"><span style=\"vertical-align: inherit\"><a href=\"https:\/\/brit-petfood.com\/en\/company-profile\" target=\"_blank\" rel=\"noopener\">Brit<\/a> Premium Delicate Multipack Konservikomplekt t\u00e4iskasvanutele <\/span><\/span><\/span><\/span><a href=\"https:\/\/zooprekes24.lt\/et\/kategorija\/prekes-katems\/\" target=\"_blank\" rel=\"noopener\"><span style=\"vertical-align: inherit\"><span style=\"vertical-align: inherit\"><span style=\"vertical-align: inherit\"><span style=\"vertical-align: inherit\">kasside jaoks<\/span><\/span><\/span><\/span><\/a><span style=\"vertical-align: inherit\"><span style=\"vertical-align: inherit\"><span style=\"vertical-align: inherit\"><span style=\"vertical-align: inherit\">.<\/span><\/span><\/span><\/span><\/li>\n<li>Tauriin, mis on oluline aminohape uriinitoidus, aitab hoida teie kassi s\u00fcdame ja n\u00e4gemise tervist.<\/li>\n<\/ul>","protected":false},"excerpt":{"rendered":"<p>Brit Premium Delicate Multipack konserv\u0173 rinkinys drebu\u010diuose &#8211; tai subalansuotas \u0161lapias ka\u010di\u0173 pa\u0161aras mai\u0161elyje, skirtas suaugusioms kat\u0117ms nuo 1 met\u0173 am\u017eiaus. D\u0117\u017eut\u0117je 4 skirtingi konserv\u0173 skoniai: vi\u0161tienos, la\u0161i\u0161os, jautienos ir up\u0117takio. Sud\u0117tyje n\u0117ra dirbtini\u0173 da\u017eikli\u0173 ir konservant\u0173. \u012e rinkin\u012f \u012feina populiariausios: Chicken, Salmon, Beef, Trout konserv\u0173 r\u016b\u0161ys. D\u0117\u017eut\u0117je 4 skirting\u012f konserv\u0173 skoniai po 3 vnt,&#8230;<\/p>","protected":false},"featured_media":30265,"comment_status":"closed","ping_status":"closed","template":"","meta":{"_acf_changed":false,"slim_seo":{"title":"Brit Premium Delicate Multipack konserv\u0173 rinkinys kat\u0117ms drebu\u010diuose - Zooprekes24","description":"Brit Premium Delicate Multipack Jelly konservikarp on tasakaalustatud m\u00e4rja kassitoit kotis t\u00e4iskasvanud kassidele alates 1 aasta vanusest."},"iawp_total_views":81},"product_brand":[],"product_cat":[9048,72,83,25,9020],"product_tag":[5945,5947,5954,4511,2173],"class_list":{"0":"post-22198","1":"product","2":"type-product","3":"status-publish","4":"has-post-thumbnail","6":"product_cat-brit-premium-kaciu-prekiu-gamintojai","7":"product_cat-kaciu-maistas","8":"product_cat-kaciu-prekiu-gamintojai","9":"product_cat-katems","10":"product_cat-slapias-maistas-kaciu-maistas","11":"product_tag-brit-konservu-rinkinys","12":"product_tag-brit-premium-family-plate","13":"product_tag-brit-slapias-maistas-katems","14":"product_tag-konservu-rinkiniai-katems","15":"product_tag-konservuotas-maistas-katems","16":"pa_pasaro-sudetis-jautiena","17":"pa_pasaro-sudetis-lasisa","18":"pa_pasaro-sudetis-vistiena","19":"pa_pasaro-sudetis-zuvis","20":"pa_prekiu-zenklai-brit-premium","22":"first","23":"instock","24":"featured","25":"taxable","26":"shipping-taxable","27":"purchasable","28":"product-type-simple"},"acf":[],"_links":{"self":[{"href":"https:\/\/zooprekes24.lt\/et\/wp-json\/wp\/v2\/product\/22198","targetHints":{"allow":["GET"]}}],"collection":[{"href":"https:\/\/zooprekes24.lt\/et\/wp-json\/wp\/v2\/product"}],"about":[{"href":"https:\/\/zooprekes24.lt\/et\/wp-json\/wp\/v2\/types\/product"}],"replies":[{"embeddable":true,"href":"https:\/\/zooprekes24.lt\/et\/wp-json\/wp\/v2\/comments?post=22198"}],"wp:featuredmedia":[{"embeddable":true,"href":"https:\/\/zooprekes24.lt\/et\/wp-json\/wp\/v2\/media\/30265"}],"wp:attachment":[{"href":"https:\/\/zooprekes24.lt\/et\/wp-json\/wp\/v2\/media?parent=22198"}],"wp:term":[{"taxonomy":"product_brand","embeddable":true,"href":"https:\/\/zooprekes24.lt\/et\/wp-json\/wp\/v2\/product_brand?post=22198"},{"taxonomy":"product_cat","embeddable":true,"href":"https:\/\/zooprekes24.lt\/et\/wp-json\/wp\/v2\/product_cat?post=22198"},{"taxonomy":"product_tag","embeddable":true,"href":"https:\/\/zooprekes24.lt\/et\/wp-json\/wp\/v2\/product_tag?post=22198"}],"curies":[{"name":"wp","href":"https:\/\/api.w.org\/{rel}","templated":true}]}}