{"id":22194,"date":"2024-04-18T21:20:24","date_gmt":"2024-04-18T18:20:24","guid":{"rendered":"https:\/\/zooprekes24.lt\/produktas\/brit-care-multivitamin-pasta\/"},"modified":"2026-04-01T14:21:15","modified_gmt":"2026-04-01T12:21:15","slug":"brit-care-multivitamiinipasta","status":"publish","type":"product","link":"https:\/\/zooprekes24.lt\/et\/produktas\/brit-care-multivitamin-pasta\/","title":{"rendered":"Brit Care multivitamiinipasta kassidele 100 ml"},"content":{"rendered":"<h3>Brit Care Multivitamiinipasta kassidele on funktsionaalne pasta vitamiinikompleksidega, meeldiva l\u00f5hna ja suurep\u00e4rase maitsega, mis sobib ka k\u00f5ige n\u00f5udlikumatele kassidele. Toidulisand <a href=\"https:\/\/brit-petfood.com\/en\/products\/cats\/436380-brit-care-cat-functional-paste-multivitamin\" target=\"_blank\" rel=\"noopener\">t\u00e4iskasvanutele<\/a> <a href=\"https:\/\/zooprekes24.lt\/et\/kategorija\/prekes-katems\/\" target=\"_blank\" rel=\"noopener\">kasside jaoks<\/a>.<\/h3>\n<ul>\n<li>Ei sisalda lisatud suhkrut, s\u00e4ilitusaineid ega kunstlikke l\u00f5hna- ja maitseaineid.<\/li>\n<li>Vitamiinide ja mineraalide kompleks immuuns\u00fcsteemi tugevdamiseks.<\/li>\n<li>Toetab tervislikku seedimist ja annab kasside aktiivseks eluviisiks vajalikku energiat.<\/li>\n<\/ul>","protected":false},"excerpt":{"rendered":"<p>Brit Care Multivitamiinipasta kassidele on funktsionaalne pasta vitamiinikompleksidega, meeldiva l\u00f5hna ja suurep\u00e4rase maitsega, mis sobib ka k\u00f5ige n\u00f5udlikumatele kassidele. Toidulisand t\u00e4iskasvanud kassidele. Ilma lisatud suhkru, s\u00e4ilitusainete ja kunstlike l\u00f5hna- ja maitseainetega. Vitamiini- ja mineraalkompleks immuuns\u00fcsteemi tugevdamiseks. Toetab tervislikku seedimist ja annab energiat, mis on vajalik kasside aktiivseks eluviisiks.<\/p>","protected":false},"featured_media":27574,"comment_status":"closed","ping_status":"closed","template":"","meta":{"_acf_changed":false,"slim_seo":{"title":"Brit Care Multivitamin pasta kat\u0117ms 100 ml - Zooprekes24","description":"Brit Care Multivitamiinipasta kassidele on funktsionaalne pasta vitamiinikompleksidega, meeldiva l\u00f5hna ja suurep\u00e4rase maitsega, mis sobib ka k\u00f5ige n\u00f5udlikumatele kassidele. M"},"iawp_total_views":162},"product_brand":[],"product_cat":[9047,83,25,104,9017],"product_tag":[],"class_list":{"0":"post-22194","1":"product","2":"type-product","3":"status-publish","4":"has-post-thumbnail","6":"product_cat-brit-care-kaciu-prekiu-gamintojai","7":"product_cat-kaciu-prekiu-gamintojai","8":"product_cat-katems","9":"product_cat-kitos-kaciu-prekes","10":"product_cat-vitaminai-ir-papildai-katems","11":"pa_prekiu-zenklai-brit-care","13":"first","14":"instock","15":"featured","16":"taxable","17":"shipping-taxable","18":"purchasable","19":"product-type-simple"},"acf":[],"_links":{"self":[{"href":"https:\/\/zooprekes24.lt\/et\/wp-json\/wp\/v2\/product\/22194","targetHints":{"allow":["GET"]}}],"collection":[{"href":"https:\/\/zooprekes24.lt\/et\/wp-json\/wp\/v2\/product"}],"about":[{"href":"https:\/\/zooprekes24.lt\/et\/wp-json\/wp\/v2\/types\/product"}],"replies":[{"embeddable":true,"href":"https:\/\/zooprekes24.lt\/et\/wp-json\/wp\/v2\/comments?post=22194"}],"wp:featuredmedia":[{"embeddable":true,"href":"https:\/\/zooprekes24.lt\/et\/wp-json\/wp\/v2\/media\/27574"}],"wp:attachment":[{"href":"https:\/\/zooprekes24.lt\/et\/wp-json\/wp\/v2\/media?parent=22194"}],"wp:term":[{"taxonomy":"product_brand","embeddable":true,"href":"https:\/\/zooprekes24.lt\/et\/wp-json\/wp\/v2\/product_brand?post=22194"},{"taxonomy":"product_cat","embeddable":true,"href":"https:\/\/zooprekes24.lt\/et\/wp-json\/wp\/v2\/product_cat?post=22194"},{"taxonomy":"product_tag","embeddable":true,"href":"https:\/\/zooprekes24.lt\/et\/wp-json\/wp\/v2\/product_tag?post=22194"}],"curies":[{"name":"wp","href":"https:\/\/api.w.org\/{rel}","templated":true}]}}