{"id":22193,"date":"2024-04-18T21:20:24","date_gmt":"2024-04-18T18:20:24","guid":{"rendered":"https:\/\/zooprekes24.lt\/produktas\/brit-care-anti-hairball-pasta\/"},"modified":"2026-04-01T14:20:31","modified_gmt":"2026-04-01T12:20:31","slug":"brit-care-karvapallide-vastane-pasta","status":"publish","type":"product","link":"https:\/\/zooprekes24.lt\/et\/produktas\/brit-care-anti-hairball-pasta\/","title":{"rendered":"Brit Care Anti Hairball paste kassidele 100 ml"},"content":{"rendered":"<h3>Brit Care Anti Hairball Paste kassidele - funktsionaalne karvapallide vastane pasta, mis on maitsva l\u00f5hna ja suurep\u00e4rase maitsega ja sobib ka k\u00f5ige n\u00f5udlikumatele kassidele. Toidulisand t\u00e4iskasvanud kassidele.<\/h3>\n<ul>\n<li>Ei sisalda lisatud suhkrut, s\u00e4ilitusaineid ega kunstlikke l\u00f5hna- ja maitseaineid.<\/li>\n<li>Tauriin aitab s\u00e4ilitada head s\u00fcdame-, silmade- ja ajufunktsiooni.<\/li>\n<li>Soovitame kasutada pastat <a href=\"https:\/\/brit-petfood.com\/en\/products\/cats\/436361-brit-care-cat-functional-paste-anti-hairball-with-taurine\" target=\"_blank\" rel=\"noopener\">pikkade juuste jaoks<\/a> <a href=\"https:\/\/zooprekes24.lt\/et\/kategorija\/prekes-katems\/\" target=\"_blank\" rel=\"noopener\">kasside jaoks<\/a>, samuti kodukassidele, kellel puudub piisav juurdep\u00e4\u00e4s looduslikele kiududele, nagu n\u00e4iteks rohi.<\/li>\n<li>Toote k\u00f5rge kiudainesisaldus takistab karvaklumpide moodustumist ja tagab juba moodustunud klumpide ohutu eemaldamise kassi seedetrakti kaudu.<\/li>\n<\/ul>","protected":false},"excerpt":{"rendered":"<p>Brit Care Anti Hairball pasta kat\u0117ms &#8211; funkcionali pasta nuo plauk\u0173 gumuliuk\u0173, su gard\u017eiu kvapu ir puikiu skoniu, tinkanti net i\u0161rankiausioms kat\u0117ms. Maisto papildas suaugusioms kat\u0117ms. Be prid\u0117to cukraus, konservant\u0173 ir dirbtini\u0173 skoni\u0173. Taurinas padeda palaikyti ger\u0105 \u0161irdies, aki\u0173 ir smegen\u0173 veikl\u0105. Rekomenduojame naudoti past\u0105 ilgaplauk\u0117ms kat\u0117ms, taip pat ir namin\u0117ms kat\u0117ms, neturin\u010dioms pakankamai galimybi\u0173&#8230;<\/p>","protected":false},"featured_media":27572,"comment_status":"closed","ping_status":"closed","template":"","meta":{"_acf_changed":false,"slim_seo":{"title":"Brit Care Anti Hairball pasta kat\u0117ms 100 ml - Zooprekes24","description":"Brit Care Anti Hairball Paste kassidele - funktsionaalne karvapallide vastane pasta, mis on maitsva l\u00f5hna ja suurep\u00e4rase maitsega ja sobib ka k\u00f5ige n\u00f5udlikumatele kassidele. Toit sobib ideaalselt k\u00f5ikide karvapallide karvapallidele ja on sobilik k\u00f5ikide karvapallit\u00fc\u00fcpide puhul."},"iawp_total_views":472},"product_brand":[],"product_cat":[9047,83,25,104,9017],"product_tag":[],"class_list":{"0":"post-22193","1":"product","2":"type-product","3":"status-publish","4":"has-post-thumbnail","6":"product_cat-brit-care-kaciu-prekiu-gamintojai","7":"product_cat-kaciu-prekiu-gamintojai","8":"product_cat-katems","9":"product_cat-kitos-kaciu-prekes","10":"product_cat-vitaminai-ir-papildai-katems","11":"pa_prekiu-zenklai-brit-care","13":"first","14":"instock","15":"featured","16":"taxable","17":"shipping-taxable","18":"purchasable","19":"product-type-simple"},"acf":[],"_links":{"self":[{"href":"https:\/\/zooprekes24.lt\/et\/wp-json\/wp\/v2\/product\/22193","targetHints":{"allow":["GET"]}}],"collection":[{"href":"https:\/\/zooprekes24.lt\/et\/wp-json\/wp\/v2\/product"}],"about":[{"href":"https:\/\/zooprekes24.lt\/et\/wp-json\/wp\/v2\/types\/product"}],"replies":[{"embeddable":true,"href":"https:\/\/zooprekes24.lt\/et\/wp-json\/wp\/v2\/comments?post=22193"}],"wp:featuredmedia":[{"embeddable":true,"href":"https:\/\/zooprekes24.lt\/et\/wp-json\/wp\/v2\/media\/27572"}],"wp:attachment":[{"href":"https:\/\/zooprekes24.lt\/et\/wp-json\/wp\/v2\/media?parent=22193"}],"wp:term":[{"taxonomy":"product_brand","embeddable":true,"href":"https:\/\/zooprekes24.lt\/et\/wp-json\/wp\/v2\/product_brand?post=22193"},{"taxonomy":"product_cat","embeddable":true,"href":"https:\/\/zooprekes24.lt\/et\/wp-json\/wp\/v2\/product_cat?post=22193"},{"taxonomy":"product_tag","embeddable":true,"href":"https:\/\/zooprekes24.lt\/et\/wp-json\/wp\/v2\/product_tag?post=22193"}],"curies":[{"name":"wp","href":"https:\/\/api.w.org\/{rel}","templated":true}]}}