{"id":22192,"date":"2024-04-18T21:20:24","date_gmt":"2024-04-18T18:20:24","guid":{"rendered":"https:\/\/zooprekes24.lt\/produktas\/churu-tuna-skin-coat-skanestai\/"},"modified":"2026-03-02T14:03:27","modified_gmt":"2026-03-02T12:03:27","slug":"churu-tuunikala-nahk-skanestai","status":"publish","type":"product","link":"https:\/\/zooprekes24.lt\/et\/produktas\/churu-tuna-skin-coat-skanestai\/","title":{"rendered":"Churu Tuna Skin &amp; Coat kasside maiuspalad 56 g"},"content":{"rendered":"<h3>Churu Tuna Skin &amp; Coat maiuspalad sisaldavad palju niiskust, mis on oluline kasside hea tervise jaoks. Need p\u00fcreed ei sisalda teravilja, s\u00e4ilitusaineid ega kunstlikke v\u00e4rvaineid.<\/h3>\n<ul>\n<li>Kreemjas tekstuur ja soolane maitse.<\/li>\n<li>Valmistatud 100% talumajapidamises kasvatatud tuunikalast.<\/li>\n<li><a href=\"https:\/\/zooprekes24.lt\/et\/kategorija\/prekes-katems\/kulatoit\/pruunita-toit\/\" target=\"_blank\" rel=\"noopener\">Ilma teraviljata<\/a>, s\u00e4ilitusained ja kunstlikud v\u00e4rvained.<\/li>\n<li>Churu Tuna Skin &amp; Coat maiuspalad on madala kalorsusega.<\/li>\n<li>Interaktiivne viis oma lemmikloomaga aega veeta.<\/li>\n<li>Rikastatud Omega 3 ja 6 rasvhapetega, mis aitavad s\u00e4ilitada naha ja karvkatte tervist.<\/li>\n<li><a href=\"https:\/\/www.inabafoods.com\" target=\"_blank\" rel=\"noopener\">H\u00f5rgutised sisaldavad palju niiskust, mis on oluline kassi hea tervise ja heaolu jaoks.<\/a>.<\/li>\n<\/ul>","protected":false},"excerpt":{"rendered":"<p>Churu Tuna Skin &amp; Coat skan\u0117stuose yra daug dr\u0117gm\u0117s, kuri yra b\u016btina gerai ka\u010di\u0173 sveikatai. Taip pat \u0161i\u0173 tyreli\u0173 sud\u0117tyje n\u0117ra gr\u016bd\u0173, konservant\u0173 ir dirbtini\u0173 da\u017eikli\u0173. Kremin\u0117 tekst\u016bra ir pikanti\u0161kas skonis. Pagaminta i\u0161 100% \u016bkyje u\u017eauginto tuno. Be gr\u016bd\u0173, konservant\u0173 ir dirbtini\u0173 da\u017eikli\u0173. Churu Tuna Skin &amp; Coat skan\u0117stuose ma\u017eai kalorij\u0173. Interaktyvus b\u016bdas praleisti laik\u0105&#8230;<\/p>","protected":false},"featured_media":19111,"comment_status":"closed","ping_status":"closed","template":"","meta":{"_acf_changed":false,"slim_seo":{"title":"Churu Tuna Skin & Coat skan\u0117stai kat\u0117ms 56 g - Zooprekes24","description":"Churu Tuna Skin &amp; Coat skan\u0117stuose yra daug dr\u0117gm\u0117s, kuri yra b\u016btina gerai ka\u010di\u0173 sveikatai. Taip pat \u0161i\u0173 tyreli\u0173 sud\u0117tyje n\u0117ra gr\u016bd\u0173, konservant\u0173 ir dirbtin"},"iawp_total_views":97},"product_brand":[],"product_cat":[9027,9239,72,83,25,9018],"product_tag":[2008,2032],"class_list":{"0":"post-22192","1":"product","2":"type-product","3":"status-publish","4":"has-post-thumbnail","6":"product_cat-begrudis-maistas-kaciu-maistas","7":"product_cat-churu-katems","8":"product_cat-kaciu-maistas","9":"product_cat-kaciu-prekiu-gamintojai","10":"product_cat-katems","11":"product_cat-skanestai","12":"product_tag-kaciu-skanestai","13":"product_tag-skystas-kaciu-skanestas","14":"pa_pasaro-sudetis-tunas","15":"pa_pasaro-sudetis-zuvis","16":"pa_prekiu-zenklai-churu","18":"first","19":"instock","20":"taxable","21":"shipping-taxable","22":"purchasable","23":"product-type-simple"},"acf":[],"_links":{"self":[{"href":"https:\/\/zooprekes24.lt\/et\/wp-json\/wp\/v2\/product\/22192","targetHints":{"allow":["GET"]}}],"collection":[{"href":"https:\/\/zooprekes24.lt\/et\/wp-json\/wp\/v2\/product"}],"about":[{"href":"https:\/\/zooprekes24.lt\/et\/wp-json\/wp\/v2\/types\/product"}],"replies":[{"embeddable":true,"href":"https:\/\/zooprekes24.lt\/et\/wp-json\/wp\/v2\/comments?post=22192"}],"wp:featuredmedia":[{"embeddable":true,"href":"https:\/\/zooprekes24.lt\/et\/wp-json\/wp\/v2\/media\/19111"}],"wp:attachment":[{"href":"https:\/\/zooprekes24.lt\/et\/wp-json\/wp\/v2\/media?parent=22192"}],"wp:term":[{"taxonomy":"product_brand","embeddable":true,"href":"https:\/\/zooprekes24.lt\/et\/wp-json\/wp\/v2\/product_brand?post=22192"},{"taxonomy":"product_cat","embeddable":true,"href":"https:\/\/zooprekes24.lt\/et\/wp-json\/wp\/v2\/product_cat?post=22192"},{"taxonomy":"product_tag","embeddable":true,"href":"https:\/\/zooprekes24.lt\/et\/wp-json\/wp\/v2\/product_tag?post=22192"}],"curies":[{"name":"wp","href":"https:\/\/api.w.org\/{rel}","templated":true}]}}