{"id":22190,"date":"2024-04-18T21:20:24","date_gmt":"2024-04-18T18:20:24","guid":{"rendered":"https:\/\/zooprekes24.lt\/produktas\/fitmin-for-life-multipack-rinkinys\/"},"modified":"2026-04-03T14:05:31","modified_gmt":"2026-04-03T12:05:31","slug":"fitmin-for-life-multipack-komplekt","status":"publish","type":"product","link":"https:\/\/zooprekes24.lt\/et\/produktas\/fitmin-for-life-multipack-rinkinys\/","title":{"rendered":"Fitmin for Life Multipack kassikonservid kastmes"},"content":{"rendered":"<h3>Fitmin for Life Multipack Canned in Sauce on tasakaalustatud niiske kassitoit kotis t\u00e4iskasvanud kassidele alates 1 aasta vanusest. Karbis on 4 erinevat maitset: veiseliha, kana, part ja l\u00f5he.<\/h3>\n<ul>\n<li><span style=\"vertical-align: inherit\"><span style=\"vertical-align: inherit\"><span style=\"vertical-align: inherit\"><span style=\"vertical-align: inherit\">Fitmin for Life Multipack t\u00e4iskasvanute konservid <\/span><\/span><\/span><\/span><a href=\"https:\/\/zooprekes24.lt\/et\/kategorija\/prekes-katems\/\" target=\"_blank\" rel=\"noopener\"><span style=\"vertical-align: inherit\"><span style=\"vertical-align: inherit\"><span style=\"vertical-align: inherit\"><span style=\"vertical-align: inherit\">kasside jaoks<\/span><\/span><\/span><\/span><\/a><span style=\"vertical-align: inherit\"><span style=\"vertical-align: inherit\"><span style=\"vertical-align: inherit\"><span style=\"vertical-align: inherit\">.<\/span><\/span><\/span><\/span><\/li>\n<li>4 erineva maitsega konserve karbis 6 tk, kokku 24 tk.<\/li>\n<li>Tauriin, mis on oluline aminohape uriinitoidus, aitab hoida teie kassi s\u00fcdame ja n\u00e4gemise tervist.<\/li>\n<li>Komplektis on veise-, kana-, pardi- ja l\u00f5he- (steriliseeritud sort) maitsekonservid, mida serveeritakse t\u00fckeldatult maitsvas kastmes.<\/li>\n<li>K\u00f5igile konservidele on lisatud D3-vitamiini, biotiini ja mineraalaineid, mis on olulised kassi luustiku-, lihas- ja n\u00e4rvis\u00fcsteemi ning karvkatte ilu jaoks.<\/li>\n<li><a href=\"https:\/\/www.fitmin.com\/en\/ingredients\" target=\"_blank\" rel=\"noopener\"><span style=\"vertical-align: inherit\"><span style=\"vertical-align: inherit\"><span style=\"vertical-align: inherit\"><span style=\"vertical-align: inherit\">Ei sisalda kunstlikke v\u00e4rvaineid ega s\u00e4ilitusaineid<\/span><\/span><\/span><\/span><\/a>.<\/li>\n<\/ul>","protected":false},"excerpt":{"rendered":"<p>Fitmin for Life Multipack konserv\u0173 rinkinys pada\u017ee &#8211; tai subalansuotas \u0161lapias ka\u010di\u0173 pa\u0161aras mai\u0161elyje, skirtas suaugusioms kat\u0117ms nuo 1 met\u0173 am\u017eiaus. D\u0117\u017eut\u0117je 4 skirtingi konserv\u0173 skoniai: jautienos, vi\u0161tienos, antienos ir la\u0161i\u0161os. Fitmin for Life Multipack konserv\u0173 rinkinys skirtas suaugusioms kat\u0117ms. D\u0117\u017eut\u0117je 4 skirting\u012f konserv\u0173 skoniai po 6 vnt, bendras konserv\u0173 kiekis &#8211; 24 vnt. \u0160lapio&#8230;<\/p>","protected":false},"featured_media":19109,"comment_status":"closed","ping_status":"closed","template":"","meta":{"_acf_changed":false,"slim_seo":{"title":"Fitmin for Life Multipack konserv\u0173 rinkinys kat\u0117ms pada\u017ee - Zooprekes24","description":"Fitmin for Life Multipack Canned in Sauce on tasakaalustatud niiske kassitoit kotis t\u00e4iskasvanud kassidele alates 1 aasta vanusest. Karbis"},"iawp_total_views":197},"product_brand":[],"product_cat":[9042,72,83,25,9020],"product_tag":[4511,2173],"class_list":{"0":"post-22190","1":"product","2":"type-product","3":"status-publish","4":"has-post-thumbnail","6":"product_cat-fitmin-for-life-katems","7":"product_cat-kaciu-maistas","8":"product_cat-kaciu-prekiu-gamintojai","9":"product_cat-katems","10":"product_cat-slapias-maistas-kaciu-maistas","11":"product_tag-konservu-rinkiniai-katems","12":"product_tag-konservuotas-maistas-katems","13":"pa_pasaro-sudetis-antiena","14":"pa_pasaro-sudetis-jautiena","15":"pa_pasaro-sudetis-lasisa","16":"pa_pasaro-sudetis-vistiena","17":"pa_pasaro-sudetis-zuvis","18":"pa_prekiu-zenklai-fitmin-for-life","20":"first","21":"instock","22":"featured","23":"taxable","24":"shipping-taxable","25":"purchasable","26":"product-type-simple"},"acf":[],"_links":{"self":[{"href":"https:\/\/zooprekes24.lt\/et\/wp-json\/wp\/v2\/product\/22190","targetHints":{"allow":["GET"]}}],"collection":[{"href":"https:\/\/zooprekes24.lt\/et\/wp-json\/wp\/v2\/product"}],"about":[{"href":"https:\/\/zooprekes24.lt\/et\/wp-json\/wp\/v2\/types\/product"}],"replies":[{"embeddable":true,"href":"https:\/\/zooprekes24.lt\/et\/wp-json\/wp\/v2\/comments?post=22190"}],"wp:featuredmedia":[{"embeddable":true,"href":"https:\/\/zooprekes24.lt\/et\/wp-json\/wp\/v2\/media\/19109"}],"wp:attachment":[{"href":"https:\/\/zooprekes24.lt\/et\/wp-json\/wp\/v2\/media?parent=22190"}],"wp:term":[{"taxonomy":"product_brand","embeddable":true,"href":"https:\/\/zooprekes24.lt\/et\/wp-json\/wp\/v2\/product_brand?post=22190"},{"taxonomy":"product_cat","embeddable":true,"href":"https:\/\/zooprekes24.lt\/et\/wp-json\/wp\/v2\/product_cat?post=22190"},{"taxonomy":"product_tag","embeddable":true,"href":"https:\/\/zooprekes24.lt\/et\/wp-json\/wp\/v2\/product_tag?post=22190"}],"curies":[{"name":"wp","href":"https:\/\/api.w.org\/{rel}","templated":true}]}}