{"id":22187,"date":"2024-04-18T21:20:15","date_gmt":"2024-04-18T18:20:15","guid":{"rendered":"https:\/\/zooprekes24.lt\/produktas\/coolpets-leduku-formele-kauliuku\/"},"modified":"2026-02-26T08:01:21","modified_gmt":"2026-02-26T06:01:21","slug":"coolpets-jaakuubikute-vorm","status":"publish","type":"product","link":"https:\/\/zooprekes24.lt\/et\/produktas\/coolpets-leduku-formele-kauliuku\/","title":{"rendered":"CoolPets j\u00e4\u00e4tisevormid, noppe- ja jalavormid"},"content":{"rendered":"<h3>CoolPets j\u00e4\u00e4tisevorm on ideaalne kingitus, et r\u00f5\u00f5mustada oma armastatud neljajalgset s\u00f5pra kuumal suvep\u00e4eval. \u00dclekuumenemine muutub lemmikloomade jaoks \u00fcha suuremaks probleemiks, seega saate selle m\u00e4ngulise vormiga valmistada maitsvaid suviseid j\u00e4\u00e4tiseh\u00f5rgutisi, mis aitavad teie lemmikloomal end jahutada.<\/h3>\n<ul>\n<li><a href=\"https:\/\/www.youtube.com\/watch?v=WHt-LU-KsSI\" target=\"_blank\" rel=\"noopener\">Vormi mahub 8 portsjonit j\u00e4\u00e4tist.<\/a><\/li>\n<li>CoolPets j\u00e4\u00e4tisevorm suurusega 18 x 18 cm.<\/li>\n<li>Korduvkasutatav, n\u00f5udepesumasinas ja ahjus kasutatav.<\/li>\n<li>Vaid paar tundi s\u00fcgavk\u00fclmas ja j\u00e4\u00e4tis on valmis, et teie koer saaks nautida v\u00e4rskendavat suupistet.<\/li>\n<li>Vorm sobib k\u00fcpsetiste k\u00fcpsetamiseks (heaks kiidetud kasutamiseks temperatuuril -60\u00b0C kuni +260\u00b0C).<\/li>\n<li>Valmistage j\u00e4\u00e4tis ise v\u00f5i spetsiaalse Coolpets-seguga (vt toode: <a href=\"https:\/\/zooprekes24.lt\/et\/toode\/coolpets-jaatisesegu-jaatise-jaoks\/\" target=\"_blank\" rel=\"noopener\">CoolPets j\u00e4\u00e4tisesegu, maasikas<\/a> v\u00f5i <a href=\"https:\/\/zooprekes24.lt\/et\/toode\/coolpets-ananassi-jaatisesegu\/\" target=\"_blank\" rel=\"noopener\">ananass en.<\/a>).<\/li>\n<\/ul>","protected":false},"excerpt":{"rendered":"<p>CoolPets j\u00e4\u00e4tisevorm on ideaalne kingitus, et r\u00f5\u00f5mustada oma armastatud neljajalgset s\u00f5pra kuumal suvep\u00e4eval. \u00dclekuumenemine muutub lemmikloomade jaoks \u00fcha suuremaks probleemiks, seega saate selle m\u00e4ngulise vormiga valmistada maitsvaid suviseid j\u00e4\u00e4tiseh\u00f5rgutisi, mis aitavad teie lemmikloomal end jahutada. Vorm mahutab 8 portsjonit j\u00e4\u00e4tist. CoolPets j\u00e4\u00e4tisevormi m\u00f5\u00f5dud on 18 x 18 cm. Taaskasutatav, n\u00f5udepesumasinas pestav...<\/p>","protected":false},"featured_media":29311,"comment_status":"closed","ping_status":"closed","template":"","meta":{"_acf_changed":false,"slim_seo":{"title":"CoolPets leduk\u0173 formel\u0117, kauliuk\u0173 ir p\u0117du\u010di\u0173 formos - Zooprekes24","description":"CoolPets j\u00e4\u00e4tisevorm on ideaalne kingitus, et r\u00f5\u00f5mustada oma armastatud neljajalgset s\u00f5pra kuumal suvep\u00e4eval. \u00dclekuumenemine on muutumas kasvavaks probleemiks paljude erinevate"},"iawp_total_views":52},"product_brand":[],"product_cat":[9056,9057,32,8999,31],"product_tag":[5906],"class_list":{"0":"post-22187","1":"product","2":"type-product","3":"status-publish","4":"has-post-thumbnail","6":"product_cat-coolpets","7":"product_cat-dubeneliai-ir-girdyklos","8":"product_cat-kitos-sunu-prekes","9":"product_cat-sunims","10":"product_cat-sunu-prekiu-gamintojai","11":"product_tag-formeles-suns-ledams","12":"pa_prekiu-zenklai-coolpets","13":"pa_suns-amzius-jauniems","14":"pa_suns-amzius-senjorams","15":"pa_suns-amzius-suaugusiems","16":"pa_suns-amzius-visiems-amziams","17":"pa_veisles-dydis-didelems-veislems","18":"pa_veisles-dydis-mazoms-veislems","19":"pa_veisles-dydis-vidutinems-veislems","20":"pa_veisles-dydis-visu-dydziu-veislems","22":"first","23":"instock","24":"featured","25":"taxable","26":"shipping-taxable","27":"purchasable","28":"product-type-simple"},"acf":[],"_links":{"self":[{"href":"https:\/\/zooprekes24.lt\/et\/wp-json\/wp\/v2\/product\/22187","targetHints":{"allow":["GET"]}}],"collection":[{"href":"https:\/\/zooprekes24.lt\/et\/wp-json\/wp\/v2\/product"}],"about":[{"href":"https:\/\/zooprekes24.lt\/et\/wp-json\/wp\/v2\/types\/product"}],"replies":[{"embeddable":true,"href":"https:\/\/zooprekes24.lt\/et\/wp-json\/wp\/v2\/comments?post=22187"}],"wp:featuredmedia":[{"embeddable":true,"href":"https:\/\/zooprekes24.lt\/et\/wp-json\/wp\/v2\/media\/29311"}],"wp:attachment":[{"href":"https:\/\/zooprekes24.lt\/et\/wp-json\/wp\/v2\/media?parent=22187"}],"wp:term":[{"taxonomy":"product_brand","embeddable":true,"href":"https:\/\/zooprekes24.lt\/et\/wp-json\/wp\/v2\/product_brand?post=22187"},{"taxonomy":"product_cat","embeddable":true,"href":"https:\/\/zooprekes24.lt\/et\/wp-json\/wp\/v2\/product_cat?post=22187"},{"taxonomy":"product_tag","embeddable":true,"href":"https:\/\/zooprekes24.lt\/et\/wp-json\/wp\/v2\/product_tag?post=22187"}],"curies":[{"name":"wp","href":"https:\/\/api.w.org\/{rel}","templated":true}]}}