{"id":22186,"date":"2024-04-18T21:20:15","date_gmt":"2024-04-18T18:20:15","guid":{"rendered":"https:\/\/zooprekes24.lt\/produktas\/coolpets-pluduriuojantis-zaislas-sunims\/"},"modified":"2024-10-01T12:57:31","modified_gmt":"2024-10-01T09:57:31","slug":"coolpets-ujuv-kuulik-koertele","status":"publish","type":"product","link":"https:\/\/zooprekes24.lt\/et\/produktas\/coolpets-pluduriuojantis-zaislas-sunims\/","title":{"rendered":"CoolPets ujuv m\u00e4nguasi koertele, Delfiin"},"content":{"rendered":"<h3>CoolPets ujuv m\u00e4nguasi koertele - ideaalne <a href=\"https:\/\/zooprekes24.lt\/et\/?s=dovana&amp;post_type=product&amp;product_cat=0\" target=\"_blank\" rel=\"noopener noreferrer\">Kingitus<\/a>mille saate koos oma armastatud neljajalgse s\u00f5braga j\u00e4rvele v\u00f5i basseini viia.<\/h3>\n<ul>\n<li><a href=\"https:\/\/youtu.be\/0YocY488cDQ\" target=\"_blank\" rel=\"noopener\">M\u00e4nguasjal on vinguja.<\/a><\/li>\n<li>Ideaalne valik suvepuhkuseks.<\/li>\n<li>Ei upu ja ujub veepinnal.<\/li>\n<li>M\u00e4nguasi imab vett, mis vabaneb kohe, kui koer seda hammustab, muutes selle v\u00e4rskendavaks kogu m\u00e4ngimise ajaks.<\/li>\n<\/ul>","protected":false},"excerpt":{"rendered":"<p>CoolPets ujuv koeram\u00e4nguasju on ideaalne kingitus, mille saad kaasa v\u00f5tta j\u00e4rvele v\u00f5i basseini, kui reisid koos oma armastatud neljajalgse s\u00f5braga. M\u00e4nguasjal on kaasas vinguja. Ideaalne suvepuhkuseks. Ei upu ja ujub veepinnal. M\u00e4nguasi imab endasse vett, mis vabaneb kohe, kui koer seda hammustab, mist\u00f5ttu on see v\u00e4rskendav kogu m\u00e4ngimise ajal.<\/p>","protected":false},"featured_media":29312,"comment_status":"closed","ping_status":"closed","template":"","meta":{"_acf_changed":false,"slim_seo":{"title":"CoolPets pl\u016bduriuojantis \u017eaislas \u0161unims, Delfinas - Zooprekes24","description":"CoolPets ujuv koeram\u00e4nguasju on ideaalne kingitus, mille saad kaasa v\u00f5tta j\u00e4rvele v\u00f5i basseini, kui reisid koos oma armastatud neljajalgse s\u00f5braga. M\u00e4nguasi"},"iawp_total_views":7},"product_brand":[],"product_cat":[9056,32,8999,31,9024],"product_tag":[5920],"class_list":{"0":"post-22186","1":"product","2":"type-product","3":"status-publish","4":"has-post-thumbnail","6":"product_cat-coolpets","7":"product_cat-kitos-sunu-prekes","8":"product_cat-sunims","9":"product_cat-sunu-prekiu-gamintojai","10":"product_cat-zaislai-sunims","11":"product_tag-vesinantis-zaislas-sunims","12":"pa_prekiu-zenklai-coolpets","13":"pa_suns-amzius-jauniems","14":"pa_suns-amzius-senjorams","15":"pa_suns-amzius-suaugusiems","16":"pa_suns-amzius-visiems-amziams","17":"pa_veisles-dydis-didelems-veislems","18":"pa_veisles-dydis-mazoms-veislems","19":"pa_veisles-dydis-vidutinems-veislems","20":"pa_veisles-dydis-visu-dydziu-veislems","21":"pa_zaislo-tipas-pluduriuojantis","23":"first","24":"instock","25":"featured","26":"taxable","27":"shipping-taxable","28":"purchasable","29":"product-type-simple"},"acf":[],"_links":{"self":[{"href":"https:\/\/zooprekes24.lt\/et\/wp-json\/wp\/v2\/product\/22186","targetHints":{"allow":["GET"]}}],"collection":[{"href":"https:\/\/zooprekes24.lt\/et\/wp-json\/wp\/v2\/product"}],"about":[{"href":"https:\/\/zooprekes24.lt\/et\/wp-json\/wp\/v2\/types\/product"}],"replies":[{"embeddable":true,"href":"https:\/\/zooprekes24.lt\/et\/wp-json\/wp\/v2\/comments?post=22186"}],"wp:featuredmedia":[{"embeddable":true,"href":"https:\/\/zooprekes24.lt\/et\/wp-json\/wp\/v2\/media\/29312"}],"wp:attachment":[{"href":"https:\/\/zooprekes24.lt\/et\/wp-json\/wp\/v2\/media?parent=22186"}],"wp:term":[{"taxonomy":"product_brand","embeddable":true,"href":"https:\/\/zooprekes24.lt\/et\/wp-json\/wp\/v2\/product_brand?post=22186"},{"taxonomy":"product_cat","embeddable":true,"href":"https:\/\/zooprekes24.lt\/et\/wp-json\/wp\/v2\/product_cat?post=22186"},{"taxonomy":"product_tag","embeddable":true,"href":"https:\/\/zooprekes24.lt\/et\/wp-json\/wp\/v2\/product_tag?post=22186"}],"curies":[{"name":"wp","href":"https:\/\/api.w.org\/{rel}","templated":true}]}}