{"id":22183,"date":"2024-04-18T21:20:15","date_gmt":"2024-04-18T18:20:15","guid":{"rendered":"https:\/\/zooprekes24.lt\/produktas\/coolpets-vesinantis-zaislas-sunims\/"},"modified":"2026-01-31T01:37:23","modified_gmt":"2026-01-30T23:37:23","slug":"coolpets-roomsameelne-loom-koertele","status":"publish","type":"product","link":"https:\/\/zooprekes24.lt\/et\/produktas\/coolpets-vesinantis-zaislas-sunims\/","title":{"rendered":"CoolPets jahutav m\u00e4nguasi koertele, pingviin"},"content":{"rendered":"<h3>CoolPets jahutav m\u00e4nguasi koertele - t\u00e4iuslik <a href=\"https:\/\/zooprekes24.lt\/et\/?s=dovana&amp;post_type=product&amp;product_cat=0\" target=\"_blank\" rel=\"noopener noreferrer\">Kingitus<\/a>et r\u00f5\u00f5mustada oma armastatud neljajalgset s\u00f5pra kuumal suvep\u00e4eval. \u00dclekuumenemine muutub lemmikloomade jaoks \u00fcha suuremaks probleemiks, nii et see pingviinikujuline m\u00e4nguasi ei aita mitte ainult teil end jahutada, vaid loob ka teie lemmikloomale jahedama ja mugavama keskkonna.<\/h3>\n<ul>\n<li>Pakub meeldivat jahutust.<\/li>\n<li>V\u00e4hendab \u00fclekuumenemise ohtu.<\/li>\n<li>Reguleerib kehatemperatuuri.<\/li>\n<li><a href=\"https:\/\/www.youtube.com\/watch?v=-UKV3IFNCm0\" target=\"_blank\" rel=\"noopener\">Karmimis- ja kriimustuskindel.<\/a><\/li>\n<li>Lihtne toote hooldus ja puhastamine.<\/li>\n<li>Ideaalne valik suvepuhkuseks.<\/li>\n<li>Sobib koertele ja n\u00e4rilistele (k\u00fc\u00fclikud, merisigad jne).<\/li>\n<\/ul>","protected":false},"excerpt":{"rendered":"<p>CoolPets v\u0117sinantis \u017eaislas \u0161unims &#8211; puiki dovana, kuria kar\u0161t\u0105 vasaros dien\u0105 galite prad\u017eiuginti savo mylim\u0105 keturkoj\u012f bi\u010diul\u012f. Perkaitimas tampa vis didesne \u012fvairi\u0173 augintini\u0173 problema, tad su \u0161iuo pingvino formos \u017eaislu ne tik pad\u0117site atsiv\u0117sinti bet ir sukursite v\u0117sesn\u0119 bei labiau komforti\u0161k\u0105 aplink\u0105 J\u016bs\u0173 augintiniui. U\u017etikrina malon\u0173 v\u0117sinim\u0105. Suma\u017eina perkaitimo rizik\u0105. Reguliuoja k\u016bno temperat\u016br\u0105. Atsparus \u012fbr\u0117\u017eimams&#8230;<\/p>","protected":false},"featured_media":29321,"comment_status":"closed","ping_status":"closed","template":"","meta":{"_acf_changed":false,"slim_seo":{"title":"CoolPets v\u0117sinantis \u017eaislas \u0161unims, Pingvinas - Zooprekes24","description":"CoolPets jahutav koeram\u00e4nguasja on ideaalne kingitus, et kuumal suvep\u00e4eval oma armastatud neljajalgset s\u00f5pra r\u00f5\u00f5mustada. \u00dclekuumenemine on muutumas \u00fcha t\u00f5sisemaks"},"iawp_total_views":24},"product_brand":[],"product_cat":[9056,32,8999,31,9024],"product_tag":[5935,5920],"class_list":{"0":"post-22183","1":"product","2":"type-product","3":"status-publish","4":"has-post-thumbnail","6":"product_cat-coolpets","7":"product_cat-kitos-sunu-prekes","8":"product_cat-sunims","9":"product_cat-sunu-prekiu-gamintojai","10":"product_cat-zaislai-sunims","11":"product_tag-saldantis-zaislas-sunims","12":"product_tag-vesinantis-zaislas-sunims","13":"pa_prekiu-zenklai-coolpets","14":"pa_suns-amzius-jauniems","15":"pa_suns-amzius-senjorams","16":"pa_suns-amzius-suaugusiems","17":"pa_suns-amzius-visiems-amziams","18":"pa_veisles-dydis-didelems-veislems","19":"pa_veisles-dydis-mazoms-veislems","20":"pa_veisles-dydis-vidutinems-veislems","21":"pa_veisles-dydis-visu-dydziu-veislems","22":"pa_zaislo-tipas-vesinantis","24":"first","25":"instock","26":"featured","27":"taxable","28":"shipping-taxable","29":"purchasable","30":"product-type-simple"},"acf":[],"_links":{"self":[{"href":"https:\/\/zooprekes24.lt\/et\/wp-json\/wp\/v2\/product\/22183","targetHints":{"allow":["GET"]}}],"collection":[{"href":"https:\/\/zooprekes24.lt\/et\/wp-json\/wp\/v2\/product"}],"about":[{"href":"https:\/\/zooprekes24.lt\/et\/wp-json\/wp\/v2\/types\/product"}],"replies":[{"embeddable":true,"href":"https:\/\/zooprekes24.lt\/et\/wp-json\/wp\/v2\/comments?post=22183"}],"wp:featuredmedia":[{"embeddable":true,"href":"https:\/\/zooprekes24.lt\/et\/wp-json\/wp\/v2\/media\/29321"}],"wp:attachment":[{"href":"https:\/\/zooprekes24.lt\/et\/wp-json\/wp\/v2\/media?parent=22183"}],"wp:term":[{"taxonomy":"product_brand","embeddable":true,"href":"https:\/\/zooprekes24.lt\/et\/wp-json\/wp\/v2\/product_brand?post=22183"},{"taxonomy":"product_cat","embeddable":true,"href":"https:\/\/zooprekes24.lt\/et\/wp-json\/wp\/v2\/product_cat?post=22183"},{"taxonomy":"product_tag","embeddable":true,"href":"https:\/\/zooprekes24.lt\/et\/wp-json\/wp\/v2\/product_tag?post=22183"}],"curies":[{"name":"wp","href":"https:\/\/api.w.org\/{rel}","templated":true}]}}