{"id":22117,"date":"2024-04-18T21:19:48","date_gmt":"2024-04-18T18:19:48","guid":{"rendered":"https:\/\/zooprekes24.lt\/produktas\/fitmin-purity-digestion-detoxification\/"},"modified":"2024-09-09T17:47:07","modified_gmt":"2024-09-09T14:47:07","slug":"fitmin-purity-seedimine-detoksikatsioon","status":"publish","type":"product","link":"https:\/\/zooprekes24.lt\/et\/produktas\/fitmin-purity-digestion-detoxification\/","title":{"rendered":"Fitmin Purity Digestion &amp; Detoxification toidulisand koertele N70"},"content":{"rendered":"<h3>Fitmin Purity Digestion &amp; Detoxification - toidulisand <span lang=\"LT\">k\u00f5ik t\u00f5ud ja vanuser\u00fchmad\u00a0<\/span>koertele lemmiklooma organismi detoksikatsiooniks ja soolestiku mikrofloora stabiliseerimiseks\/s\u00e4ilitamiseks. T\u00e4iendatud humiinhapetega ja\u00a0<span lang=\"EN-US\">probiootikumid ja prebiootikumid. See koostis moodustab t\u00e4iusliku duo, mis\u00a0<\/span><span lang=\"EN-US\">seedeprobleemid (k\u00f5hulahtisus,\u00a0<\/span><span lang=\"EN-US\">gastroenteriit\u00a0<\/span><span lang=\"EN-US\">jne.)\u00a0<\/span><span lang=\"EN-US\">aitab mitte ainult rahustada ja normaliseerida koera soolestiku mikrofloorat. <\/span><span lang=\"EN-US\">\u00a0kuid suurendavad ka kasulike bakterite arvu ja tugevdavad immuunsust. Toidulisandeid soovitatakse v\u00f5tta ka enne lemmiklooma kastreerimist v\u00f5i \u00fcleminekuperioodil \u00fchelt toidult teisele.<\/span><\/h3>\n<ul>\n<li>Fitmin Purity Digestion &amp; Detoxification toidulisandid kasutavad humiinhappeid, et suurendada toitainete imendumist ja nende rakku j\u00f5udmist. Neid reklaamitakse kui superantioks\u00fcdante ja need on eriti kasulikud seedetrakti tervisele :) Nad toetavad tervislikku mikrobioomi, tasakaalustavad vedeliku ja elektrol\u00fc\u00fctide taset organismis, parandavad soolestiku funktsiooni jne.<\/li>\n<li>Humiinhapped soodustavad ka rakkude loomulikku detoksikatsiooni, eriti krooniliste haigustega lemmikloomadel. Nad kannavad organismis vitamiine, mineraale, aminohappeid ja f\u00fctotoitaineid ning \u00fchendudes raskemetallide ja toksiinidega, aitavad nad neid koera organismist ohutult eemaldada.<\/li>\n<li>Fitmin Purity Digestion &amp; Detoxification toidulisandites sisalduvad looduslikud antioks\u00fcdandid pakuvad teie lemmikloomale palju kasu. Nad kaitsevad keha rakke vabade radikaalide negatiivse m\u00f5ju eest ja tugevdavad koera immuuns\u00fcsteemi. Vanematel lemmikloomadel aitavad antioks\u00fcdandid aeglustada keha rakkude vananemist, tagades seega pikema eluea.<\/li>\n<li>Probiootikumid on elusad mikroorganismid, mida tuntakse heade bakteritena, samas kui prebiootikumid on ained, mis soodustavad soolestiku mikrofloora arengut. Need komponendid soodustavad soolestiku mikrofloora kasvu, s\u00e4ilitamist ja optimaalset toimimist. Samuti tagab see, et teatud tingimuste (haigused, operatsioonid, ravimid, v\u00e4lised tegurid jne) t\u00f5ttu tasakaalust v\u00e4lja langenud soolestiku mikrofloora taastub ja lemmiklooma eluj\u00f5ulisus taastub.<\/li>\n<li>Fitmin Purity Digestion &amp; Detoxification on rikastatud Chlorella (<a href=\"https:\/\/en.wikipedia.org\/wiki\/Chlorella\" target=\"_blank\" rel=\"noopener\"><em>Chlorella vetikad<\/em><\/a>) on vabalt ujuvad, ainuraksed rohelised mikrovetikad (f\u00fctoplankton), mis kasvavad magevees. Klorella rakuseinad koosnevad suures osas tselluloosist ja kitiinist, mis v\u00f5imaldab neil siduda ja eemaldada m\u00fcrgiseid aineid. Need mikrovetikad absorbeerivad ka lemmiklooma organismis olevaid mittevajalikke j\u00e4\u00e4tmeid ja toksiine ning aitavad neid lemmiklooma organismist soolestiku kaudu \u00f5rnalt eemaldada.<\/li>\n<li>T\u00e4iendatud \u00f5llep\u00e4rmiga, mis on looduslik toode, mis sisaldab optimaalses tasakaalus olulisi toimeaineid: k\u00f5iki B-vitamiine, mineraalaineid ja kvaliteetseid valke. B-vitamiinid toimivad katal\u00fcsaatoritena k\u00f5ikides loomkudedes. Need on olulised s\u00fcsivesikute ja valkude optimaalseks omastamiseks ning rakkude jagunemise hea toimimise tagamiseks. Parandades ainevahetust, ei suurenda nad mitte ainult lemmiklooma eluj\u00f5udu, vaid tugevdavad ka koera n\u00e4rvis\u00fcsteemi.<\/li>\n<\/ul>\n<h3><span lang=\"EN-US\"> Fitmin Purity Digestion &amp; Detoxification toidulisand aitab:<\/span><\/h3>\n<ul>\n<li><span lang=\"EN-US\">Stabiliseerida koera soolestiku mikrofloora,<\/span><\/li>\n<li><span lang=\"EN-US\">V\u00e4hendada seedetrakti k\u00f5rvaltoimeid s\u00f6\u00f6davahetuse ajal,<\/span><\/li>\n<li><span lang=\"EN-US\"> Seedetrakti s\u00e4ilitamine ja rahustamine planeeritud anesteesia ajal,<\/span><\/li>\n<li><span lang=\"EN-US\"> V\u00e4hendada k\u00f5hulahtisuse sagedust,<\/span><\/li>\n<li><span lang=\"EN-US\">Taastab ja normaliseerib seedes\u00fcsteemi \u00fcldist tervist.<\/span><\/li>\n<\/ul>","protected":false},"excerpt":{"rendered":"<p>Fitmin Purity Digestion &amp; Detoxification &#8211;\u00a0pa\u0161aro papildas vis\u0173 veisli\u0173 ir am\u017eiaus grupi\u0173\u00a0\u0161unims skirtas augintinio organizmo detoksikacijai ir \u017earnyno mikrofloros stabilizavimui\/palaikymui. Sud\u0117tis papildyta\u00a0humino r\u016bg\u0161timis bei\u00a0probiotikais ir prebiotikais. \u0160i\u00a0kompozicija sudaro tobul\u0105 duet\u0105, kuris\u00a0susid\u016brus su vir\u0161kinimo problemomis (viduriavimas,\u00a0gastroenteritas\u00a0ir kt.)\u00a0padeda ne tik nuraminti ir normalizuoti \u0161uns \u017earnyno mikroflor\u0105 \u00a0bet ir padidinti nauding\u0173 bakterij\u0173 skai\u010di\u0173 bei sustiprinti imunitet\u0105. Papildai taip&#8230;<\/p>","protected":false},"featured_media":18967,"comment_status":"closed","ping_status":"closed","template":"","meta":{"_acf_changed":false,"slim_seo":{"title":"Fitmin Purity Digestion & Detoxification maisto papildas \u0161unims N70 - Zooprekes24","description":"Fitmin Purity Digestion &amp; Detoxification on toidulisand k\u00f5igi t\u00f5ugude ja vanuseastmete koertele lemmiklooma organismi ja soolestiku m\u00fckobakterite detoksikatsiooniks"},"iawp_total_views":67},"product_brand":[],"product_cat":[9051,32,8999,31,9022],"product_tag":[1319,1322,1331],"class_list":{"0":"post-22117","1":"product","2":"type-product","3":"status-publish","4":"has-post-thumbnail","6":"product_cat-fitmin-purity","7":"product_cat-kitos-sunu-prekes","8":"product_cat-sunims","9":"product_cat-sunu-prekiu-gamintojai","10":"product_cat-vitaminai-ir-papildai-sunims","11":"product_tag-fitmin-purity-papildai","12":"product_tag-fitmin-vitaminai-suniui","13":"product_tag-vitaminai-senam-suniui","14":"pa_prekiu-zenklai-fitmin-purity","15":"pa_suns-amzius-jauniems","16":"pa_suns-amzius-senjorams","17":"pa_suns-amzius-suaugusiems","18":"pa_suns-amzius-visiems-amziams","19":"pa_veisles-dydis-didelems-veislems","20":"pa_veisles-dydis-mazoms-veislems","21":"pa_veisles-dydis-vidutinems-veislems","22":"pa_veisles-dydis-visu-dydziu-veislems","24":"first","25":"outofstock","26":"featured","27":"taxable","28":"shipping-taxable","29":"purchasable","30":"product-type-simple"},"acf":[],"_links":{"self":[{"href":"https:\/\/zooprekes24.lt\/et\/wp-json\/wp\/v2\/product\/22117","targetHints":{"allow":["GET"]}}],"collection":[{"href":"https:\/\/zooprekes24.lt\/et\/wp-json\/wp\/v2\/product"}],"about":[{"href":"https:\/\/zooprekes24.lt\/et\/wp-json\/wp\/v2\/types\/product"}],"replies":[{"embeddable":true,"href":"https:\/\/zooprekes24.lt\/et\/wp-json\/wp\/v2\/comments?post=22117"}],"wp:featuredmedia":[{"embeddable":true,"href":"https:\/\/zooprekes24.lt\/et\/wp-json\/wp\/v2\/media\/18967"}],"wp:attachment":[{"href":"https:\/\/zooprekes24.lt\/et\/wp-json\/wp\/v2\/media?parent=22117"}],"wp:term":[{"taxonomy":"product_brand","embeddable":true,"href":"https:\/\/zooprekes24.lt\/et\/wp-json\/wp\/v2\/product_brand?post=22117"},{"taxonomy":"product_cat","embeddable":true,"href":"https:\/\/zooprekes24.lt\/et\/wp-json\/wp\/v2\/product_cat?post=22117"},{"taxonomy":"product_tag","embeddable":true,"href":"https:\/\/zooprekes24.lt\/et\/wp-json\/wp\/v2\/product_tag?post=22117"}],"curies":[{"name":"wp","href":"https:\/\/api.w.org\/{rel}","templated":true}]}}