{"id":22114,"date":"2024-04-18T21:19:48","date_gmt":"2024-04-18T18:19:48","guid":{"rendered":"https:\/\/zooprekes24.lt\/produktas\/fitmin-for-life-beef-chips\/"},"modified":"2024-05-22T13:26:20","modified_gmt":"2024-05-22T10:26:20","slug":"fitmin-for-life-veiseliha-kropsud","status":"publish","type":"product","link":"https:\/\/zooprekes24.lt\/et\/produktas\/fitmin-for-life-beef-chips\/","title":{"rendered":"Fitmin for Life Beef Chips maiuspalad koertele 200 g"},"content":{"rendered":"<h3>Fitmin for Life Beef Chips - naturaalsed veiselihakr\u00f5psud igale vanusele <a href=\"https:\/\/zooprekes24.lt\/et\/kategorija\/prekes-sunims\/\" target=\"_blank\" rel=\"noopener\">Koertele<\/a>k\u00f5rge valgusisaldusega ja madala rasvasisaldusega. Looduslikud maiuspalad on parim viis koera kuulekuse treenimiseks ja tema loomulike instinktide stimuleerimiseks.<\/h3>\n<ul>\n<li>\u00d5rn looduslik lihatoode.<\/li>\n<li>T\u00e4nu oma koostisele ja maitsvale maitsele on need maiuspalad isegi n\u00f5udlike koerte lemmikud.<\/li>\n<li>Pakendatud kasutajas\u00f5bralikku, taaskohustatavasse kotti, mida saab avada ja uuesti sulgeda, nii et need p\u00fcsivad kaua v\u00e4rskena.<\/li>\n<li>Fitmin for Life Beef Chips maiuspalad koertele sobivad ideaalselt preemiaks v\u00f5i maitsvaks vahepalaks.<\/li>\n<li><a href=\"https:\/\/www.fitmin.cz\/p\/ffl-dog-treat-duck-with-calcium-bone-200g\" target=\"_blank\" rel=\"noopener\">H\u00f5rgutised ei sisalda v\u00e4rvaineid, l\u00f5hna- ja maitseaineid ega teravilja.<\/a>.<\/li>\n<\/ul>","protected":false},"excerpt":{"rendered":"<p>Fitmin for Life Beef Chips &#8211; nat\u016bral\u016bs jautienos m\u0117sos gabaliukai vis\u0173 am\u017eiaus grupi\u0173 \u0161unims, su daug kokybi\u0161k\u0173 baltym\u0173 ir ma\u017eai riebal\u0173. Nat\u016bral\u016bs skan\u0117stai &#8211; tai geriausia priemon\u0117 \u0161uns paklusnumui lavinti ir jo nat\u016braliems instinktams skatinti. Subtilus nat\u016bralios m\u0117sos produktas. D\u0117l savo sud\u0117ties ir gardaus skonio, skan\u0117stai yra m\u0117gstami net ir i\u0161ranki\u0173 \u0161un\u0173. Supakuoti patogiame naudoti,&#8230;<\/p>","protected":false},"featured_media":20508,"comment_status":"closed","ping_status":"closed","template":"","meta":{"_acf_changed":false,"slim_seo":{"title":"Fitmin for Life Beef Chips skan\u0117stai \u0161unims 200 g - Zooprekes24","description":"Fitmin for Life Beef Chips - nat\u016bral\u016bs jautienos m\u0117sos gabaliukai vis\u0173 am\u017eiaus grupi\u0173 \u0161unims , su daug kokybi\u0161k\u0173 baltym\u0173 ir ma\u017eai riebal\u0173. Nat\u016bral\u016bs skan\u0117stai -"},"iawp_total_views":29},"product_brand":[],"product_cat":[9043,9010,8999,31,30],"product_tag":[1618,1623,1624,1593,792,391],"class_list":{"0":"post-22114","1":"product","2":"type-product","3":"status-publish","4":"has-post-thumbnail","6":"product_cat-fitmin-for-life-sunims","7":"product_cat-naturalus-skanestai","8":"product_cat-sunims","9":"product_cat-sunu-prekiu-gamintojai","10":"product_cat-sunu-skanestai","11":"product_tag-fitmin-for-life-naturalus-skanestai","12":"product_tag-fitmin-skanestai-sunims","13":"product_tag-fitmin-skanukai-sunims","14":"product_tag-jautienos-skanestai-sunims","15":"product_tag-naturalus-skanestai-sunims","16":"product_tag-traskus-skanestai-sunims","17":"pa_pasaro-sudetis-jautiena","18":"pa_prekiu-zenklai-fitmin-for-life","19":"pa_suns-amzius-jauniems","20":"pa_suns-amzius-senjorams","21":"pa_suns-amzius-suaugusiems","22":"pa_suns-amzius-visiems-amziams","23":"pa_veisles-dydis-didelems-veislems","24":"pa_veisles-dydis-mazoms-veislems","25":"pa_veisles-dydis-vidutinems-veislems","26":"pa_veisles-dydis-visu-dydziu-veislems","28":"first","29":"instock","30":"featured","31":"taxable","32":"shipping-taxable","33":"purchasable","34":"product-type-simple"},"acf":[],"_links":{"self":[{"href":"https:\/\/zooprekes24.lt\/et\/wp-json\/wp\/v2\/product\/22114","targetHints":{"allow":["GET"]}}],"collection":[{"href":"https:\/\/zooprekes24.lt\/et\/wp-json\/wp\/v2\/product"}],"about":[{"href":"https:\/\/zooprekes24.lt\/et\/wp-json\/wp\/v2\/types\/product"}],"replies":[{"embeddable":true,"href":"https:\/\/zooprekes24.lt\/et\/wp-json\/wp\/v2\/comments?post=22114"}],"wp:featuredmedia":[{"embeddable":true,"href":"https:\/\/zooprekes24.lt\/et\/wp-json\/wp\/v2\/media\/20508"}],"wp:attachment":[{"href":"https:\/\/zooprekes24.lt\/et\/wp-json\/wp\/v2\/media?parent=22114"}],"wp:term":[{"taxonomy":"product_brand","embeddable":true,"href":"https:\/\/zooprekes24.lt\/et\/wp-json\/wp\/v2\/product_brand?post=22114"},{"taxonomy":"product_cat","embeddable":true,"href":"https:\/\/zooprekes24.lt\/et\/wp-json\/wp\/v2\/product_cat?post=22114"},{"taxonomy":"product_tag","embeddable":true,"href":"https:\/\/zooprekes24.lt\/et\/wp-json\/wp\/v2\/product_tag?post=22114"}],"curies":[{"name":"wp","href":"https:\/\/api.w.org\/{rel}","templated":true}]}}