{"id":22113,"date":"2024-04-18T21:19:48","date_gmt":"2024-04-18T18:19:48","guid":{"rendered":"https:\/\/zooprekes24.lt\/produktas\/fitmin-for-life-calcium-bones-chicken\/"},"modified":"2024-10-09T11:56:41","modified_gmt":"2024-10-09T08:56:41","slug":"fitmin-for-life-kaltsium-luud-kana","status":"publish","type":"product","link":"https:\/\/zooprekes24.lt\/et\/produktas\/fitmin-for-life-calcium-bones-chicken\/","title":{"rendered":"Fitmin for Life Calcium Bones kana maiuspalad koertele 200 g"},"content":{"rendered":"<h3>Fitmin for Life Calcium Bones Chicken - kaltsiumiluud kanalihaga igale vanusele <a href=\"https:\/\/zooprekes24.lt\/et\/kategorija\/prekes-sunims\/\" target=\"_blank\" rel=\"noopener\">Koertele<\/a>k\u00f5rge valgusisaldusega ja madala rasvasisaldusega. Lihaga m\u00e4hitud kondid on parim viis koera kuulekuse treenimiseks ja tema loomulike instinktide stimuleerimiseks.<\/h3>\n<ul>\n<li>Suurep\u00e4rane \u00fche valgu allikas.<\/li>\n<li>T\u00e4nu oma koostisele ja maitsvale maitsele on need maiuspalad isegi n\u00f5udlike koerte lemmikud.<\/li>\n<li>Pakendatud kasutajas\u00f5bralikku, taaskohustatavasse kotti, mida saab avada ja uuesti sulgeda, nii et need p\u00fcsivad kaua v\u00e4rskena.<\/li>\n<li>Fitmin for Life Calcium Bones Chicken maiuspalad koertele sobivad suurep\u00e4raselt preemiaks v\u00f5i maitsvaks vahepalaks.<\/li>\n<li><a href=\"https:\/\/www.fitmin.cz\/p\/ffl-dog-treat-duck-with-calcium-bone-200g\" target=\"_blank\" rel=\"noopener\">H\u00f5rgutised ei sisalda v\u00e4rvaineid, l\u00f5hna- ja maitseaineid ega teravilja.<\/a>.<\/li>\n<\/ul>","protected":false},"excerpt":{"rendered":"<p>Fitmin for Life Calcium Bones Chicken &#8211; kalcio kauliukai su vi\u0161tienos m\u0117sa vis\u0173 am\u017eiaus grupi\u0173 \u0161unims, su daug kokybi\u0161k\u0173 baltym\u0173 ir ma\u017eai riebal\u0173. Kauliukai apvynioti m\u0117sa &#8211; tai geriausia priemon\u0117 \u0161uns paklusnumui lavinti ir jo nat\u016braliems instinktams skatinti. Puikus vieno baltymo \u0161altinis. D\u0117l savo sud\u0117ties ir gardaus skonio, skan\u0117stai yra m\u0117gstami net ir i\u0161ranki\u0173 \u0161un\u0173&#8230;.<\/p>","protected":false},"featured_media":18962,"comment_status":"closed","ping_status":"closed","template":"","meta":{"_acf_changed":false,"slim_seo":{"title":"Fitmin for Life Calcium Bones Chicken skan\u0117stai \u0161unims 200 g - Zooprekes24","description":"Fitmin for Life Calcium Bones Chicken - kaltsiumiluud kanalihaga igas vanuses koertele, mis sisaldavad kvaliteetset valku ja on madala rasvasisaldusega. Luud on k\u00f5rge valgusisaldusega ja kvaliteetse valgu sisaldusega."},"iawp_total_views":44},"product_brand":[],"product_cat":[9043,9039,8999,31,30],"product_tag":[1618,1623,1624,792,391],"class_list":{"0":"post-22113","1":"product","2":"type-product","3":"status-publish","4":"has-post-thumbnail","6":"product_cat-fitmin-for-life-sunims","7":"product_cat-kaulai-ir-susukta-oda","8":"product_cat-sunims","9":"product_cat-sunu-prekiu-gamintojai","10":"product_cat-sunu-skanestai","11":"product_tag-fitmin-for-life-naturalus-skanestai","12":"product_tag-fitmin-skanestai-sunims","13":"product_tag-fitmin-skanukai-sunims","14":"product_tag-naturalus-skanestai-sunims","15":"product_tag-traskus-skanestai-sunims","16":"pa_pasaro-sudetis-vistiena","17":"pa_prekiu-zenklai-fitmin-for-life","18":"pa_suns-amzius-jauniems","19":"pa_suns-amzius-senjorams","20":"pa_suns-amzius-suaugusiems","21":"pa_suns-amzius-visiems-amziams","22":"pa_veisles-dydis-didelems-veislems","23":"pa_veisles-dydis-mazoms-veislems","24":"pa_veisles-dydis-vidutinems-veislems","25":"pa_veisles-dydis-visu-dydziu-veislems","27":"first","28":"outofstock","29":"featured","30":"taxable","31":"shipping-taxable","32":"purchasable","33":"product-type-simple"},"acf":[],"_links":{"self":[{"href":"https:\/\/zooprekes24.lt\/et\/wp-json\/wp\/v2\/product\/22113","targetHints":{"allow":["GET"]}}],"collection":[{"href":"https:\/\/zooprekes24.lt\/et\/wp-json\/wp\/v2\/product"}],"about":[{"href":"https:\/\/zooprekes24.lt\/et\/wp-json\/wp\/v2\/types\/product"}],"replies":[{"embeddable":true,"href":"https:\/\/zooprekes24.lt\/et\/wp-json\/wp\/v2\/comments?post=22113"}],"wp:featuredmedia":[{"embeddable":true,"href":"https:\/\/zooprekes24.lt\/et\/wp-json\/wp\/v2\/media\/18962"}],"wp:attachment":[{"href":"https:\/\/zooprekes24.lt\/et\/wp-json\/wp\/v2\/media?parent=22113"}],"wp:term":[{"taxonomy":"product_brand","embeddable":true,"href":"https:\/\/zooprekes24.lt\/et\/wp-json\/wp\/v2\/product_brand?post=22113"},{"taxonomy":"product_cat","embeddable":true,"href":"https:\/\/zooprekes24.lt\/et\/wp-json\/wp\/v2\/product_cat?post=22113"},{"taxonomy":"product_tag","embeddable":true,"href":"https:\/\/zooprekes24.lt\/et\/wp-json\/wp\/v2\/product_tag?post=22113"}],"curies":[{"name":"wp","href":"https:\/\/api.w.org\/{rel}","templated":true}]}}