{"id":22112,"date":"2024-04-18T21:19:48","date_gmt":"2024-04-18T18:19:48","guid":{"rendered":"https:\/\/zooprekes24.lt\/produktas\/fitmin-for-life-dental-tasty-sticks-vist\/"},"modified":"2025-02-24T11:53:45","modified_gmt":"2025-02-24T09:53:45","slug":"fitmin-for-life-hambaravi-maitsvad-pulgad-vist","status":"publish","type":"product","link":"https:\/\/zooprekes24.lt\/et\/produktas\/fitmin-for-life-dental-tasty-sticks-vist\/","title":{"rendered":"Fitmin for Life Dental Tasty Sticks Chicken Liver Treats koertele 35 tk"},"content":{"rendered":"<h3>Fitmin for Life Dental Tasty Sticks Chicken Liver - maiuspalad igale vanusele <a href=\"https:\/\/zooprekes24.lt\/et\/kategorija\/prekes-sunims\/\" target=\"_blank\" rel=\"noopener\">Koertele<\/a>hammaste harjamise ennetamiseks. Sobib maitsva igap\u00e4evase vahepalana v\u00f5i preemiaks treening- v\u00f5i m\u00e4nguaastate ajal.<\/h3>\n<ul>\n<li>T\u00e4nu toru kujule tekitatakse koera hammustamisel mehaaniline m\u00f5ju, mis mitte ainult ei aita eemaldada toiduj\u00e4\u00e4ke, vaid puhastab \u00f5rnalt ka hammaste pinda ja v\u00e4hendab hambakivi tekkimise ohtu.<\/li>\n<li>Fitmin for Life Dental Tasty Sticks Chicken Liver Tasty Sticks Chicken Liver Tasty Sticks sobivad ideaalselt preemiaks v\u00f5i maitsvaks vahepalaks.<\/li>\n<li>Pakitud kasutajas\u00f5bralikku, \u00f5hukindlasse pakendisse, mida saab avada ja uuesti sulgeda, nii et need p\u00fcsivad kaua v\u00e4rskena.<\/li>\n<li><a href=\"https:\/\/www.fitmin.com\/en\/ingredients\" target=\"_blank\" rel=\"noopener\">Selles ei kasutata suhkrut, kunstlikke v\u00e4rvaineid ega soja.<\/a><\/li>\n<li>Ei soovitata alla 4 kuu vanustele koertele.<\/li>\n<li>N\u00e4rimiskomplekti pikkus on 13 cm.<\/li>\n<li>35 t\u00fckki maitsvat maiuspala purgi kohta.<\/li>\n<\/ul>","protected":false},"excerpt":{"rendered":"<p>Fitmin for Life Dental Tasty Sticks Chicken Liver &#8211; skan\u0117stai vis\u0173 am\u017eiaus grupi\u0173 \u0161unims, skirti dant\u0173 valymo profilaktikai. Tinkamas kaip gardus kasdienis u\u017ekandis arba atlygis treniruo\u010di\u0173 ar \u017eaidim\u0173 met\u0173. D\u0117l vamzdelio formos, \u0161uniui kandant kramtuk\u0105 yra sukeliamas mechaninis poveikis, kuris padeda ne tik pa\u0161alinti maisto liku\u010dius, bet ir \u0161velniai valo dant\u0173 pavir\u0161i\u0173 bei suma\u017eina akmen\u0173&#8230;<\/p>","protected":false},"featured_media":18961,"comment_status":"closed","ping_status":"closed","template":"","meta":{"_acf_changed":false,"slim_seo":{"title":"Fitmin for Life Dental Tasty Sticks Chicken Liver skan\u0117stai \u0161unims 35 vnt - Zooprekes24","description":"Fitmin for Life Dental Tasty Sticks Chicken Liver - maiuspalad igas vanuses koertele hammaste puhastamise ennetamiseks. Sobib igap\u00e4evaseks maitsvaks vahepalaks"},"iawp_total_views":21},"product_brand":[],"product_cat":[9043,9039,8999,31,30],"product_tag":[1618,1623,1624,1290,1291,1292,792,391],"class_list":{"0":"post-22112","1":"product","2":"type-product","3":"status-publish","4":"has-post-thumbnail","6":"product_cat-fitmin-for-life-sunims","7":"product_cat-kaulai-ir-susukta-oda","8":"product_cat-sunims","9":"product_cat-sunu-prekiu-gamintojai","10":"product_cat-sunu-skanestai","11":"product_tag-fitmin-for-life-naturalus-skanestai","12":"product_tag-fitmin-skanestai-sunims","13":"product_tag-fitmin-skanukai-sunims","14":"product_tag-kaulai-suns-dantu-higienai","15":"product_tag-kaulai-sunu-dantims","16":"product_tag-kauliukai-suns-dantims","17":"product_tag-naturalus-skanestai-sunims","18":"product_tag-traskus-skanestai-sunims","19":"pa_pasaro-sudetis-kepeneles","20":"pa_pasaro-sudetis-paukstiena","21":"pa_prekiu-zenklai-fitmin-for-life","22":"pa_suns-amzius-jauniems","23":"pa_suns-amzius-senjorams","24":"pa_suns-amzius-suaugusiems","25":"pa_suns-amzius-visiems-amziams","26":"pa_veisles-dydis-didelems-veislems","27":"pa_veisles-dydis-mazoms-veislems","28":"pa_veisles-dydis-vidutinems-veislems","29":"pa_veisles-dydis-visu-dydziu-veislems","31":"first","32":"outofstock","33":"featured","34":"taxable","35":"shipping-taxable","36":"purchasable","37":"product-type-simple"},"acf":[],"_links":{"self":[{"href":"https:\/\/zooprekes24.lt\/et\/wp-json\/wp\/v2\/product\/22112","targetHints":{"allow":["GET"]}}],"collection":[{"href":"https:\/\/zooprekes24.lt\/et\/wp-json\/wp\/v2\/product"}],"about":[{"href":"https:\/\/zooprekes24.lt\/et\/wp-json\/wp\/v2\/types\/product"}],"replies":[{"embeddable":true,"href":"https:\/\/zooprekes24.lt\/et\/wp-json\/wp\/v2\/comments?post=22112"}],"wp:featuredmedia":[{"embeddable":true,"href":"https:\/\/zooprekes24.lt\/et\/wp-json\/wp\/v2\/media\/18961"}],"wp:attachment":[{"href":"https:\/\/zooprekes24.lt\/et\/wp-json\/wp\/v2\/media?parent=22112"}],"wp:term":[{"taxonomy":"product_brand","embeddable":true,"href":"https:\/\/zooprekes24.lt\/et\/wp-json\/wp\/v2\/product_brand?post=22112"},{"taxonomy":"product_cat","embeddable":true,"href":"https:\/\/zooprekes24.lt\/et\/wp-json\/wp\/v2\/product_cat?post=22112"},{"taxonomy":"product_tag","embeddable":true,"href":"https:\/\/zooprekes24.lt\/et\/wp-json\/wp\/v2\/product_tag?post=22112"}],"curies":[{"name":"wp","href":"https:\/\/api.w.org\/{rel}","templated":true}]}}