{"id":22110,"date":"2024-04-18T21:19:48","date_gmt":"2024-04-18T18:19:48","guid":{"rendered":"https:\/\/zooprekes24.lt\/produktas\/fitmin-for-life-freeze-dried-chicken\/"},"modified":"2026-02-26T10:54:02","modified_gmt":"2026-02-26T08:54:02","slug":"fitmin-for-life-kulmkuivatatud-kana","status":"publish","type":"product","link":"https:\/\/zooprekes24.lt\/et\/produktas\/fitmin-for-life-freeze-dried-chicken\/","title":{"rendered":"Fitmin for Life k\u00fclmkuivatatud kana k\u00fclmkuivatatud maiuspalad koertele ja kassidele 30 g"},"content":{"rendered":"<h3>Fitmin for Life Freeze dry Chicken on k\u00fclmkuivatatud maiuspala, milles kasutatakse \u00f5rna t\u00f6\u00f6tlemismeetodit, et s\u00e4ilitada liha loomulik maitse. Ideaalne valik, et lisada maitse oma lemmiklooma tavalisele toidule. Maitsev \u00fche valgu allikas.<\/h3>\n<ul>\n<li>Sisaldab 100% aromaatset kana.<\/li>\n<li>H\u00f5rgutised igas vanuses ja t\u00f5ugu koertele ja kassidele.<\/li>\n<li><a href=\"https:\/\/zooprekes24.lt\/et\/kategorija\/prekes-sunims\/koera-degusteerijad\/minksti-kramtalai-sunims\/\" target=\"_blank\" rel=\"noopener\">Ideaalne koolituseks<\/a>preemia v\u00f5i maitsva s\u00f6\u00f6gi eest.<\/li>\n<li>Eriti h\u00f5rk aroom ja maitse rahuldavad ka k\u00f5ige n\u00f5udlikumad gurmaanid.<\/li>\n<li>Pakendatud mugavasse ziplock-pakendisse, et hoida maiuspalad kauem v\u00e4rskena.<\/li>\n<li><a href=\"https:\/\/www.youtube.com\/watch?v=qOBwKKAEfkk\" target=\"_blank\" rel=\"noopener\">Looduslik toode, mis ei sisalda teravilja ega lisatud v\u00e4rvaineid.<\/a><\/li>\n<\/ul>","protected":false},"excerpt":{"rendered":"<p>Fitmin for Life Freeze dried Chicken &#8211; tai \u0161altyje\u00a0i\u0161d\u017eiovinti skan\u0117stai, kuriems naudojamas \u0161velnus apdorojimo b\u016bdas i\u0161saugantis nat\u016bral\u0173 m\u0117sos skon\u012f. Puikus pasirinkimas norint paskaninti \u012fprasta augintinio \u0117dalo porcij\u0105.\u00a0Gardus vieno baltymo \u0161altinis. Sud\u0117tyje 100% aromatingos vi\u0161tienos. Skan\u0117stai pritaikyti vis\u0173 am\u017eiaus grupi\u0173 ir veisli\u0173 \u0161unims ir kat\u0117ms. Tobulai tinka treniravimui, atlygiui arba skaniai u\u017ek\u0105sti. Ypatingai gardus kvapas ir&#8230;<\/p>","protected":false},"featured_media":45463,"comment_status":"closed","ping_status":"closed","template":"","meta":{"_acf_changed":false,"slim_seo":{"title":"Fitmin for Life Freeze dried Chicken \u0161altyje\u00a0i\u0161d\u017eiovinti skan\u0117stai \u0161unims ir kat\u0117ms 30 g - Zooprekes24","description":"Fitmin for Life Freeze dry Chicken on k\u00fclmkuivatatud maiuspala, mille puhul on kasutatud \u00f5rna t\u00f6\u00f6tlemismeetodit, et s\u00e4ilitada liha loomulik maitse. Ideaalne p"},"iawp_total_views":190},"product_brand":[],"product_cat":[9042,9043,9055,72,83,25,9010,9018,8999,29,31,30],"product_tag":[1623,3279,385,386],"class_list":{"0":"post-22110","1":"product","2":"type-product","3":"status-publish","4":"has-post-thumbnail","6":"product_cat-fitmin-for-life-katems","7":"product_cat-fitmin-for-life-sunims","8":"product_cat-isdziovintas-saltyje-maistas","9":"product_cat-kaciu-maistas","10":"product_cat-kaciu-prekiu-gamintojai","11":"product_cat-katems","12":"product_cat-naturalus-skanestai","13":"product_cat-skanestai","14":"product_cat-sunims","15":"product_cat-sunu-maistas","16":"product_cat-sunu-prekiu-gamintojai","17":"product_cat-sunu-skanestai","18":"product_tag-fitmin-skanestai-sunims","19":"product_tag-saltyje-dziovinti-skanestai-sunims","20":"product_tag-skanestas-suns-dresiravimui","21":"product_tag-skanukai-sunims","22":"pa_pasaro-sudetis-vistiena","23":"pa_prekiu-zenklai-fitmin-for-life","24":"pa_suns-amzius-jauniems","25":"pa_suns-amzius-senjorams","26":"pa_suns-amzius-suaugusiems","27":"pa_suns-amzius-visiems-amziams","28":"pa_veisles-dydis-didelems-veislems","29":"pa_veisles-dydis-mazoms-veislems","30":"pa_veisles-dydis-vidutinems-veislems","31":"pa_veisles-dydis-visu-dydziu-veislems","33":"first","34":"instock","35":"featured","36":"taxable","37":"shipping-taxable","38":"purchasable","39":"product-type-simple"},"acf":[],"_links":{"self":[{"href":"https:\/\/zooprekes24.lt\/et\/wp-json\/wp\/v2\/product\/22110","targetHints":{"allow":["GET"]}}],"collection":[{"href":"https:\/\/zooprekes24.lt\/et\/wp-json\/wp\/v2\/product"}],"about":[{"href":"https:\/\/zooprekes24.lt\/et\/wp-json\/wp\/v2\/types\/product"}],"replies":[{"embeddable":true,"href":"https:\/\/zooprekes24.lt\/et\/wp-json\/wp\/v2\/comments?post=22110"}],"wp:featuredmedia":[{"embeddable":true,"href":"https:\/\/zooprekes24.lt\/et\/wp-json\/wp\/v2\/media\/45463"}],"wp:attachment":[{"href":"https:\/\/zooprekes24.lt\/et\/wp-json\/wp\/v2\/media?parent=22110"}],"wp:term":[{"taxonomy":"product_brand","embeddable":true,"href":"https:\/\/zooprekes24.lt\/et\/wp-json\/wp\/v2\/product_brand?post=22110"},{"taxonomy":"product_cat","embeddable":true,"href":"https:\/\/zooprekes24.lt\/et\/wp-json\/wp\/v2\/product_cat?post=22110"},{"taxonomy":"product_tag","embeddable":true,"href":"https:\/\/zooprekes24.lt\/et\/wp-json\/wp\/v2\/product_tag?post=22110"}],"curies":[{"name":"wp","href":"https:\/\/api.w.org\/{rel}","templated":true}]}}