{"id":22107,"date":"2024-04-18T21:19:39","date_gmt":"2024-04-18T18:19:39","guid":{"rendered":"https:\/\/zooprekes24.lt\/produktas\/fitmin-for-life-menu-meat-mix-sunims\/"},"modified":"2024-09-30T12:38:02","modified_gmt":"2024-09-30T09:38:02","slug":"fitmin-for-life-menu-meat-mix-sunims","status":"publish","type":"product","link":"https:\/\/zooprekes24.lt\/et\/produktas\/fitmin-for-life-menu-meat-mix-sunims\/","title":{"rendered":"Fitmin for Life Menu Lihasegu Konservitoit koertele 350 g"},"content":{"rendered":"<h3>Fitmin for Life Menu Meat Mix konserveeritud toit t\u00e4iskasvanud koertele suure lihasisaldusega. V\u00f5ib kasutada t\u00e4istoiduna v\u00f5i kuivtoidu lisana.<\/h3>\n<ul>\n<li><span style=\"vertical-align: inherit\"><span style=\"vertical-align: inherit\"><span style=\"vertical-align: inherit\"><span style=\"vertical-align: inherit\">Sisaldab 97% kvaliteetset ja maitsvat liha.<\/span><\/span><\/span><\/span><\/li>\n<li>Papildyta dar\u017eov\u0117mis &#8211;\u00a0morkomis, \u017eirneliais ir salierais.<\/li>\n<li><span style=\"vertical-align: inherit\"><span style=\"vertical-align: inherit\"><span style=\"vertical-align: inherit\"><span style=\"vertical-align: inherit\">Fitmin for Life Menu Meat Mix konserveeritud toit t\u00e4iskasvanutele k\u00f5ikidele t\u00f5ugudele <a href=\"https:\/\/zooprekes24.lt\/et\/kategorija\/prekes-sunims\/\" target=\"_blank\" rel=\"noopener\">Koertele<\/a>.<\/span><\/span><\/span><\/span><\/li>\n<li><span style=\"vertical-align: inherit\"><span style=\"vertical-align: inherit\"><span style=\"vertical-align: inherit\"><span style=\"vertical-align: inherit\">M\u00e4rgtoitu v\u00f5ib kasutada t\u00e4iss\u00f6\u00f6dana v\u00f5i kuivtoidu lisana.<\/span><\/span><\/span><\/span><\/li>\n<li><span style=\"vertical-align: inherit\"><span style=\"vertical-align: inherit\"><span style=\"vertical-align: inherit\"><span style=\"vertical-align: inherit\">Suletud pakend s\u00e4ilitab suurep\u00e4raselt loomuliku maitse ja l\u00f5hna, mis \u00e4ratab teie lemmiklooma s\u00f6\u00f6giisu.<\/span><\/span><\/span><\/span><\/li>\n<li><a href=\"https:\/\/www.fitmin.com\/en\/ingredients\" target=\"_blank\" rel=\"noopener\"><span style=\"vertical-align: inherit\"><span style=\"vertical-align: inherit\"><span style=\"vertical-align: inherit\"><span style=\"vertical-align: inherit\">Ei sisalda kunstlikke v\u00e4rvaineid, s\u00e4ilitusaineid, soja v\u00f5i teravilja lisandeid.<\/span><\/span><\/span><\/span><\/a><span style=\"vertical-align: inherit\"><span style=\"vertical-align: inherit\"><span style=\"vertical-align: inherit\"><span style=\"vertical-align: inherit\">.<\/span><\/span><\/span><\/span><\/li>\n<\/ul>","protected":false},"excerpt":{"rendered":"<p>Fitmin for Life Menu Meat Mix\u00a0konservai suaugusiems \u0161unims su dideliu m\u0117sos kiekiu. Gali b\u016bti naudojami kaip visavertis maistas arba kaip priedas prie sauso pa\u0161aro. Sud\u0117tyje 97% kokybi\u0161kos ir gard\u017eios m\u0117sos. Papildyta dar\u017eov\u0117mis &#8211;\u00a0morkomis, \u017eirneliais ir salierais. Fitmin for Life Menu Meat Mix konservai skirti vis\u0173 veisli\u0173 suaugusiems \u0161unims. \u0160lapias \u0117dalas gali b\u016bti naudojamas kaip visavertis&#8230;<\/p>","protected":false},"featured_media":18955,"comment_status":"closed","ping_status":"closed","template":"","meta":{"_acf_changed":false,"slim_seo":{"title":"Fitmin for Life Menu Meat Mix konservai \u0161unims 350 g - Zooprekes24","description":"Fitmin for Life Menu Meat Mix\u00a0konservai suaugusiems \u0161unims su dideliu m\u0117sos kiekiu. Gali b\u016bti naudojami kaip visavertis maistas arba kaip priedas prie sauso pa\u0161"},"iawp_total_views":42},"product_brand":[],"product_cat":[9043,9004,8999,29,31],"product_tag":[1036,418],"class_list":{"0":"post-22107","1":"product","2":"type-product","3":"status-publish","4":"has-post-thumbnail","6":"product_cat-fitmin-for-life-sunims","7":"product_cat-slapias-maistas","8":"product_cat-sunims","9":"product_cat-sunu-maistas","10":"product_cat-sunu-prekiu-gamintojai","11":"product_tag-begrudziai-konservai-sunims","12":"product_tag-konservuotas-maistas-sunims","13":"pa_pasaro-sudetis-darzoves","14":"pa_pasaro-sudetis-jautiena","15":"pa_pasaro-sudetis-kiauliena","16":"pa_pasaro-sudetis-paukstiena","17":"pa_prekiu-zenklai-fitmin-for-life","18":"pa_suns-amzius-senjorams","19":"pa_suns-amzius-suaugusiems","20":"pa_veisles-dydis-didelems-veislems","21":"pa_veisles-dydis-mazoms-veislems","22":"pa_veisles-dydis-vidutinems-veislems","23":"pa_veisles-dydis-visu-dydziu-veislems","25":"first","26":"outofstock","27":"featured","28":"taxable","29":"shipping-taxable","30":"purchasable","31":"product-type-simple"},"acf":[],"_links":{"self":[{"href":"https:\/\/zooprekes24.lt\/et\/wp-json\/wp\/v2\/product\/22107","targetHints":{"allow":["GET"]}}],"collection":[{"href":"https:\/\/zooprekes24.lt\/et\/wp-json\/wp\/v2\/product"}],"about":[{"href":"https:\/\/zooprekes24.lt\/et\/wp-json\/wp\/v2\/types\/product"}],"replies":[{"embeddable":true,"href":"https:\/\/zooprekes24.lt\/et\/wp-json\/wp\/v2\/comments?post=22107"}],"wp:featuredmedia":[{"embeddable":true,"href":"https:\/\/zooprekes24.lt\/et\/wp-json\/wp\/v2\/media\/18955"}],"wp:attachment":[{"href":"https:\/\/zooprekes24.lt\/et\/wp-json\/wp\/v2\/media?parent=22107"}],"wp:term":[{"taxonomy":"product_brand","embeddable":true,"href":"https:\/\/zooprekes24.lt\/et\/wp-json\/wp\/v2\/product_brand?post=22107"},{"taxonomy":"product_cat","embeddable":true,"href":"https:\/\/zooprekes24.lt\/et\/wp-json\/wp\/v2\/product_cat?post=22107"},{"taxonomy":"product_tag","embeddable":true,"href":"https:\/\/zooprekes24.lt\/et\/wp-json\/wp\/v2\/product_tag?post=22107"}],"curies":[{"name":"wp","href":"https:\/\/api.w.org\/{rel}","templated":true}]}}