{"id":22095,"date":"2024-04-18T21:19:39","date_gmt":"2024-04-18T18:19:39","guid":{"rendered":"https:\/\/zooprekes24.lt\/produktas\/carnilove-meat-jerky-lamb-salmon\/"},"modified":"2024-07-24T17:57:40","modified_gmt":"2024-07-24T14:57:40","slug":"carnilove-liha-jerky-lambaliha-lohe","status":"publish","type":"product","link":"https:\/\/zooprekes24.lt\/et\/produktas\/carnilove-meat-jerky-lamb-salmon\/","title":{"rendered":"Carnilove Meat Jerky Lamba- ja l\u00f5hefilee maiuspalad koertele 100 g"},"content":{"rendered":"<h3>Carnilove Meat Jerky Lamb &amp; Salmon Fillet - maitsvad lambaliha ja l\u00f5hefilee maiuspalad k\u00f5igile t\u00e4iskasvanud koertele. Jerky-h\u00f5rgutised on suurep\u00e4rane v\u00f5imalus treenida koera kuulekust ja stimuleerida tema loomulikke instinkte.<\/h3>\n<ul>\n<li>90% maitsev liha.<\/li>\n<li><a href=\"https:\/\/www.youtube.com\/watch?v=FaA7GTyNrwA\" target=\"_blank\" rel=\"noopener\">Nisu-, v\u00e4rvi-, GMO- ja suhkruvaba<\/a>.<\/li>\n<li>T\u00e4iendatud looduslike antioks\u00fcdantidega.<\/li>\n<li><a href=\"https:\/\/zooprekes24.lt\/et\/kategorija\/prekes-sunims\/koera-degusteerijad\/minksti-kramtalai-sunims\/\" target=\"_blank\" rel=\"noopener\">Ideaalne koolituseks<\/a>preemia v\u00f5i maitsva s\u00f6\u00f6gi eest.<\/li>\n<li>Eriti h\u00f5rk aroom ja maitse rahuldavad ka k\u00f5ige n\u00f5udlikumad gurmaanid.<\/li>\n<\/ul>","protected":false},"excerpt":{"rendered":"<p>Carnilove Meat Jerky Lamb &amp; Salmon Fillet &#8211; gard\u016bs \u0117rienos ir la\u0161i\u0161os fil\u0117 skan\u0117stai, skirti visiems suaugusiems \u0161unims. D\u017eiovintos m\u0117sos skan\u0117stai &#8211; puiki priemon\u0117 \u0161uns paklusnumui lavinti ir jo nat\u016braliems instinktams skatinti. 90% gard\u017eios m\u0117sos. Be kvie\u010di\u0173, da\u017eikli\u0173, GMO ir cukraus. Sud\u0117tis papildyta nat\u016braliais antioksidantais. Tobulai tinka treniravimui, atlygiui arba skaniai u\u017ek\u0105sti. Ypatingai gardus kvapas&#8230;<\/p>","protected":false},"featured_media":18941,"comment_status":"closed","ping_status":"closed","template":"","meta":{"_acf_changed":false,"slim_seo":{"title":"Carnilove Meat Jerky Lamb & Salmon Fillet skan\u0117stai \u0161unims 100 g - Zooprekes24","description":"Carnilove Meat Jerky Lamb &amp; Salmon Fillet - maitsvad lambaliha ja l\u00f5hefilee maiuspalad k\u00f5igile t\u00e4iskasvanud koertele. Jerky maiuspalad - sobivad suurep\u00e4raselt k\u00f5ikide lemmikloomatoitude juurde"},"iawp_total_views":82},"product_brand":[],"product_cat":[9031,9030,9010,8999,31,30],"product_tag":[887,888,897,901,903,376,385,386],"class_list":{"0":"post-22095","1":"product","2":"type-product","3":"status-publish","4":"has-post-thumbnail","6":"product_cat-carnilove","7":"product_cat-minksti-kramtalai","8":"product_cat-naturalus-skanestai","9":"product_cat-sunims","10":"product_cat-sunu-prekiu-gamintojai","11":"product_cat-sunu-skanestai","12":"product_tag-carni-love-skanestai-suniui","13":"product_tag-carni-love-sunu-skanestai","14":"product_tag-carnilove-skanestai-su-lasisa","15":"product_tag-carnilove-sunu-maistas","16":"product_tag-karnilov-skanestai","17":"product_tag-kaulai-suniui","18":"product_tag-skanestas-suns-dresiravimui","19":"product_tag-skanukai-sunims","20":"pa_pasaro-sudetis-eriena","21":"pa_pasaro-sudetis-kalakutiena","22":"pa_pasaro-sudetis-lasisa","23":"pa_pasaro-sudetis-vistiena","24":"pa_pasaro-sudetis-zuvis","25":"pa_prekiu-zenklai-carnilove","26":"pa_suns-amzius-senjorams","27":"pa_suns-amzius-suaugusiems","28":"pa_veisles-dydis-didelems-veislems","29":"pa_veisles-dydis-mazoms-veislems","30":"pa_veisles-dydis-vidutinems-veislems","31":"pa_veisles-dydis-visu-dydziu-veislems","33":"first","34":"instock","35":"featured","36":"taxable","37":"shipping-taxable","38":"purchasable","39":"product-type-simple"},"acf":[],"_links":{"self":[{"href":"https:\/\/zooprekes24.lt\/et\/wp-json\/wp\/v2\/product\/22095","targetHints":{"allow":["GET"]}}],"collection":[{"href":"https:\/\/zooprekes24.lt\/et\/wp-json\/wp\/v2\/product"}],"about":[{"href":"https:\/\/zooprekes24.lt\/et\/wp-json\/wp\/v2\/types\/product"}],"replies":[{"embeddable":true,"href":"https:\/\/zooprekes24.lt\/et\/wp-json\/wp\/v2\/comments?post=22095"}],"wp:featuredmedia":[{"embeddable":true,"href":"https:\/\/zooprekes24.lt\/et\/wp-json\/wp\/v2\/media\/18941"}],"wp:attachment":[{"href":"https:\/\/zooprekes24.lt\/et\/wp-json\/wp\/v2\/media?parent=22095"}],"wp:term":[{"taxonomy":"product_brand","embeddable":true,"href":"https:\/\/zooprekes24.lt\/et\/wp-json\/wp\/v2\/product_brand?post=22095"},{"taxonomy":"product_cat","embeddable":true,"href":"https:\/\/zooprekes24.lt\/et\/wp-json\/wp\/v2\/product_cat?post=22095"},{"taxonomy":"product_tag","embeddable":true,"href":"https:\/\/zooprekes24.lt\/et\/wp-json\/wp\/v2\/product_tag?post=22095"}],"curies":[{"name":"wp","href":"https:\/\/api.w.org\/{rel}","templated":true}]}}